{"id":858,"date":"2019-06-11T08:03:24","date_gmt":"2019-06-11T08:03:24","guid":{"rendered":"https:\/\/jyrkkala.dev.sst.fi\/?page_id=858"},"modified":"2021-11-02T09:37:44","modified_gmt":"2021-11-02T09:37:44","slug":"jyrkkala-area","status":"publish","type":"page","link":"https:\/\/jyrkkala.fi\/en\/jyrkkala-area\/","title":{"rendered":"The area"},"content":{"rendered":"<h1>Welcome to Jyrkk\u00e4l\u00e4!<\/h1>\n<p>Jyrkk\u00e4l\u00e4 is a residential area close to nature in Turku with blocks of flats accommodating about 1,300 people.\u00a0 It is located in a peaceful setting about five kilometres from the city centre and is part of the Pahaniemi district. The area has more than 600 rental apartments in 17 blocks of flats owned by KOy Jyrkk\u00e4l\u00e4npolku. Jyrkk\u00e4l\u00e4 was built in 1968\u20131974, after which the buildings have been modernised and repaired systematically.<\/p>\n<h4>Green and pleasant<\/h4>\n<p>The park-like environment, peacefulness, good services and the sense of solidarity among the residents make living pleasant. There is hardly any vehicle traffic in the yards, and children always find something to do with other children in the common playgrounds. A dog park, fitness park and jogging paths are only a stone\u2019s throw away.<\/p>\n<h4>Facilities and services<\/h4>\n<p>Jyrkk\u00e4l\u00e4\u2019s tenants have access to the housing company\u2019s diverse facilities and services. There are pleasant club rooms, a wide yard area, a laundry and storage facilities. The elegant, modernised sauna facilities meet the needs of even the most discriminating sauna enthusiasts. Read more from the links below!<\/p>\n<p><a href=\"https:\/\/jyrkkala.fi\/en\/for-residents\/facilities-and-services\/club-rooms\/\">Read more about the club rooms \u00bb<\/a><br \/>\n<a href=\"https:\/\/jyrkkala.fi\/en\/for-residents\/facilities-and-services\/yard-area\/\">Read more about the yard area \u00bb<\/a><br \/>\n<a href=\"https:\/\/jyrkkala.fi\/en\/for-residents\/facilities-and-services\/laundry-and-smartpost\/\">Read more about the laundry \u00bb<\/a><br \/>\n<a href=\"https:\/\/jyrkkala.fi\/en\/for-residents\/facilities-and-services\/storage\/\">Read more about the storage facilities \u00bb<\/a><br \/>\n<a href=\"https:\/\/jyrkkala.fi\/en\/for-residents\/facilities-and-services\/sauna-shifts\/\">Read more about sauna shifts \u00bb<\/a><\/p>\n<p><img loading=\"lazy\" decoding=\"async\" class=\"alignnone size-full wp-image-2840\" src=\"https:\/\/jyrkkala.fi\/content\/uploads\/2021\/03\/jyrkkala_alasivu_kuva_alue.jpg\" alt=\"\" width=\"640\" height=\"360\" srcset=\"https:\/\/jyrkkala.fi\/content\/uploads\/2021\/03\/jyrkkala_alasivu_kuva_alue.jpg 640w, https:\/\/jyrkkala.fi\/content\/uploads\/2021\/03\/jyrkkala_alasivu_kuva_alue-300x169.jpg 300w\" sizes=\"auto, (max-width: 640px) 100vw, 640px\" \/><\/p>\n<h4>Distances<\/h4>\n<p>Everything you need is close by in Jyrkk\u00e4l\u00e4.<\/p>\n<p><strong>By bus<br \/>\n<\/strong>City centre approx. 20 min.<br \/>\nL\u00e4nsikeskus approx. 10 min.<br \/>\nDockyard approx. 10 min.<\/p>\n<p><strong>By bike<br \/>\n<\/strong>Ruissalo approx. 15 min.<br \/>\nL\u00e4nsikeskus approx. 20 min.<br \/>\nDockyard approx. 15 min.<\/p>\n<p><strong>By car<br \/>\n<\/strong>City centre approx. 15 min.<br \/>\nMylly approx. 10 min.<br \/>\nDockyard approx. 10 min.<\/p>\n<p>A shop, library, school and daycare centre are located less than one kilometre from the buildings.<\/p>\n<p>There are numerous opportunities for physical exercise: lush jogging paths, a city-owned gym and a skateboarding park are located just around the corner. You can reach the centre of Turku in about 20 minutes by bus and in 15 minutes by car.<br \/>\n[iframe-consent]<br \/>\n<iframe loading=\"lazy\" style=\"border: 0;\" src=\"https:\/\/www.google.com\/maps\/embed?pb=!1m18!1m12!1m3!1d1967.0903918967695!2d22.196169616118272!3d60.46023068206874!2m3!1f0!2f0!3f0!3m2!1i1024!2i768!4f13.1!3m3!1m2!1s0x468c763216479075%3A0x1a633f96614815e7!2zS2lpbnRlaXN0w7YgSnlya2vDpGzDpG5wb2xrdQ!5e0!3m2!1sen!2sfi!4v1560775583114!5m2!1sen!2sfi\" width=\"100%\" height=\"450\" frameborder=\"0\" allowfullscreen=\"allowfullscreen\"><\/iframe><br \/>\n[\/iframe-consent]<\/p>\n","protected":false},"excerpt":{"rendered":"<p>Welcome to Jyrkk\u00e4l\u00e4! Jyrkk\u00e4l\u00e4 is a residential area close to nature in Turku with blocks of flats accommodating about 1,300 people.\u00a0 It is located in a peaceful setting about five kilometres from the city centre and is part of the Pahaniemi district. The area has more than 600 rental apartments in 17 blocks of flats [&hellip;]<\/p>\n","protected":false},"author":12,"featured_media":2838,"parent":0,"menu_order":0,"comment_status":"closed","ping_status":"closed","template":"","meta":{"_acf_changed":false,"inline_featured_image":false,"footnotes":""},"class_list":["post-858","page","type-page","status-publish","has-post-thumbnail","hentry"],"acf":[],"yoast_head":"<!-- This site is optimized with the Yoast SEO plugin v27.3 - https:\/\/yoast.com\/product\/yoast-seo-wordpress\/ -->\n<title>The area | KOy Jyrkk\u00e4l\u00e4npolku Turku | Welcome to Jyrkk\u00e4l\u00e4!<\/title>\n<meta name=\"description\" content=\"Jyrkk\u00e4l\u00e4 is a cozy residental area close to nature about 5 km from Turku city centre. On this page you can read more about the area and its services.\" \/>\n<meta name=\"robots\" content=\"index, follow, max-snippet:-1, max-image-preview:large, max-video-preview:-1\" \/>\n<link rel=\"canonical\" href=\"http:\/\/jyrkkala.fi\/tietoa-alueesta\/\" \/>\n<meta property=\"og:locale\" content=\"en_US\" \/>\n<meta property=\"og:type\" content=\"article\" \/>\n<meta property=\"og:title\" content=\"The area | KOy Jyrkk\u00e4l\u00e4npolku Turku | Welcome to Jyrkk\u00e4l\u00e4!\" \/>\n<meta property=\"og:description\" content=\"Jyrkk\u00e4l\u00e4 is a cozy residental area close to nature about 5 km from Turku city centre. On this page you can read more about the area and its services.\" \/>\n<meta property=\"og:url\" content=\"http:\/\/jyrkkala.fi\/tietoa-alueesta\/\" \/>\n<meta property=\"og:site_name\" content=\"KOy Jyrkk\u00e4l\u00e4npolku Turku\" \/>\n<meta property=\"article:modified_time\" content=\"2021-11-02T09:37:44+00:00\" \/>\n<meta property=\"og:image\" content=\"http:\/\/jyrkkala.fi\/content\/uploads\/2021\/03\/jyrkkala_alasivu_header_alue.jpg\" \/>\n\t<meta property=\"og:image:width\" content=\"895\" \/>\n\t<meta property=\"og:image:height\" content=\"327\" \/>\n\t<meta property=\"og:image:type\" content=\"image\/jpeg\" \/>\n<meta name=\"twitter:card\" content=\"summary_large_image\" \/>\n<meta name=\"twitter:label1\" content=\"Est. reading time\" \/>\n\t<meta name=\"twitter:data1\" content=\"2 minutes\" \/>\n<script type=\"application\/ld+json\" class=\"yoast-schema-graph\">{\"@context\":\"https:\\\/\\\/schema.org\",\"@graph\":[{\"@type\":\"WebPage\",\"@id\":\"http:\\\/\\\/jyrkkala.fi\\\/tietoa-alueesta\\\/\",\"url\":\"http:\\\/\\\/jyrkkala.fi\\\/tietoa-alueesta\\\/\",\"name\":\"The area | KOy Jyrkk\u00e4l\u00e4npolku Turku | Welcome to Jyrkk\u00e4l\u00e4!\",\"isPartOf\":{\"@id\":\"https:\\\/\\\/jyrkkala.fi\\\/#website\"},\"primaryImageOfPage\":{\"@id\":\"http:\\\/\\\/jyrkkala.fi\\\/tietoa-alueesta\\\/#primaryimage\"},\"image\":{\"@id\":\"http:\\\/\\\/jyrkkala.fi\\\/tietoa-alueesta\\\/#primaryimage\"},\"thumbnailUrl\":\"https:\\\/\\\/jyrkkala.fi\\\/content\\\/uploads\\\/2021\\\/03\\\/jyrkkala_alasivu_header_alue.jpg\",\"datePublished\":\"2019-06-11T08:03:24+00:00\",\"dateModified\":\"2021-11-02T09:37:44+00:00\",\"description\":\"Jyrkk\u00e4l\u00e4 is a cozy residental area close to nature about 5 km from Turku city centre. On this page you can read more about the area and its services.\",\"breadcrumb\":{\"@id\":\"http:\\\/\\\/jyrkkala.fi\\\/tietoa-alueesta\\\/#breadcrumb\"},\"inLanguage\":\"en-US\",\"potentialAction\":[{\"@type\":\"ReadAction\",\"target\":[\"http:\\\/\\\/jyrkkala.fi\\\/tietoa-alueesta\\\/\"]}]},{\"@type\":\"ImageObject\",\"inLanguage\":\"en-US\",\"@id\":\"http:\\\/\\\/jyrkkala.fi\\\/tietoa-alueesta\\\/#primaryimage\",\"url\":\"https:\\\/\\\/jyrkkala.fi\\\/content\\\/uploads\\\/2021\\\/03\\\/jyrkkala_alasivu_header_alue.jpg\",\"contentUrl\":\"https:\\\/\\\/jyrkkala.fi\\\/content\\\/uploads\\\/2021\\\/03\\\/jyrkkala_alasivu_header_alue.jpg\",\"width\":895,\"height\":327,\"caption\":\"Kuva Jyrkk\u00e4l\u00e4n asuinalueesta\"},{\"@type\":\"BreadcrumbList\",\"@id\":\"http:\\\/\\\/jyrkkala.fi\\\/tietoa-alueesta\\\/#breadcrumb\",\"itemListElement\":[{\"@type\":\"ListItem\",\"position\":1,\"name\":\"Home\",\"item\":\"https:\\\/\\\/jyrkkala.fi\\\/en\\\/\"},{\"@type\":\"ListItem\",\"position\":2,\"name\":\"The area\"}]},{\"@type\":\"WebSite\",\"@id\":\"https:\\\/\\\/jyrkkala.fi\\\/#website\",\"url\":\"https:\\\/\\\/jyrkkala.fi\\\/\",\"name\":\"KOy Jyrkk\u00e4l\u00e4npolku Turku\",\"description\":\"\",\"potentialAction\":[{\"@type\":\"SearchAction\",\"target\":{\"@type\":\"EntryPoint\",\"urlTemplate\":\"https:\\\/\\\/jyrkkala.fi\\\/?s={search_term_string}\"},\"query-input\":{\"@type\":\"PropertyValueSpecification\",\"valueRequired\":true,\"valueName\":\"search_term_string\"}}],\"inLanguage\":\"en-US\"}]}<\/script>\n<!-- \/ Yoast SEO plugin. -->","yoast_head_json":{"title":"The area | KOy Jyrkk\u00e4l\u00e4npolku Turku | Welcome to Jyrkk\u00e4l\u00e4!","description":"Jyrkk\u00e4l\u00e4 is a cozy residental area close to nature about 5 km from Turku city centre. On this page you can read more about the area and its services.","robots":{"index":"index","follow":"follow","max-snippet":"max-snippet:-1","max-image-preview":"max-image-preview:large","max-video-preview":"max-video-preview:-1"},"canonical":"http:\/\/jyrkkala.fi\/tietoa-alueesta\/","og_locale":"en_US","og_type":"article","og_title":"The area | KOy Jyrkk\u00e4l\u00e4npolku Turku | Welcome to Jyrkk\u00e4l\u00e4!","og_description":"Jyrkk\u00e4l\u00e4 is a cozy residental area close to nature about 5 km from Turku city centre. On this page you can read more about the area and its services.","og_url":"http:\/\/jyrkkala.fi\/tietoa-alueesta\/","og_site_name":"KOy Jyrkk\u00e4l\u00e4npolku Turku","article_modified_time":"2021-11-02T09:37:44+00:00","og_image":[{"width":895,"height":327,"url":"http:\/\/jyrkkala.fi\/content\/uploads\/2021\/03\/jyrkkala_alasivu_header_alue.jpg","type":"image\/jpeg"}],"twitter_card":"summary_large_image","twitter_misc":{"Est. reading time":"2 minutes"},"schema":{"@context":"https:\/\/schema.org","@graph":[{"@type":"WebPage","@id":"http:\/\/jyrkkala.fi\/tietoa-alueesta\/","url":"http:\/\/jyrkkala.fi\/tietoa-alueesta\/","name":"The area | KOy Jyrkk\u00e4l\u00e4npolku Turku | Welcome to Jyrkk\u00e4l\u00e4!","isPartOf":{"@id":"https:\/\/jyrkkala.fi\/#website"},"primaryImageOfPage":{"@id":"http:\/\/jyrkkala.fi\/tietoa-alueesta\/#primaryimage"},"image":{"@id":"http:\/\/jyrkkala.fi\/tietoa-alueesta\/#primaryimage"},"thumbnailUrl":"https:\/\/jyrkkala.fi\/content\/uploads\/2021\/03\/jyrkkala_alasivu_header_alue.jpg","datePublished":"2019-06-11T08:03:24+00:00","dateModified":"2021-11-02T09:37:44+00:00","description":"Jyrkk\u00e4l\u00e4 is a cozy residental area close to nature about 5 km from Turku city centre. On this page you can read more about the area and its services.","breadcrumb":{"@id":"http:\/\/jyrkkala.fi\/tietoa-alueesta\/#breadcrumb"},"inLanguage":"en-US","potentialAction":[{"@type":"ReadAction","target":["http:\/\/jyrkkala.fi\/tietoa-alueesta\/"]}]},{"@type":"ImageObject","inLanguage":"en-US","@id":"http:\/\/jyrkkala.fi\/tietoa-alueesta\/#primaryimage","url":"https:\/\/jyrkkala.fi\/content\/uploads\/2021\/03\/jyrkkala_alasivu_header_alue.jpg","contentUrl":"https:\/\/jyrkkala.fi\/content\/uploads\/2021\/03\/jyrkkala_alasivu_header_alue.jpg","width":895,"height":327,"caption":"Kuva Jyrkk\u00e4l\u00e4n asuinalueesta"},{"@type":"BreadcrumbList","@id":"http:\/\/jyrkkala.fi\/tietoa-alueesta\/#breadcrumb","itemListElement":[{"@type":"ListItem","position":1,"name":"Home","item":"https:\/\/jyrkkala.fi\/en\/"},{"@type":"ListItem","position":2,"name":"The area"}]},{"@type":"WebSite","@id":"https:\/\/jyrkkala.fi\/#website","url":"https:\/\/jyrkkala.fi\/","name":"KOy Jyrkk\u00e4l\u00e4npolku Turku","description":"","potentialAction":[{"@type":"SearchAction","target":{"@type":"EntryPoint","urlTemplate":"https:\/\/jyrkkala.fi\/?s={search_term_string}"},"query-input":{"@type":"PropertyValueSpecification","valueRequired":true,"valueName":"search_term_string"}}],"inLanguage":"en-US"}]}},"_links":{"self":[{"href":"https:\/\/jyrkkala.fi\/en\/wp-json\/wp\/v2\/pages\/858","targetHints":{"allow":["GET"]}}],"collection":[{"href":"https:\/\/jyrkkala.fi\/en\/wp-json\/wp\/v2\/pages"}],"about":[{"href":"https:\/\/jyrkkala.fi\/en\/wp-json\/wp\/v2\/types\/page"}],"author":[{"embeddable":true,"href":"https:\/\/jyrkkala.fi\/en\/wp-json\/wp\/v2\/users\/12"}],"replies":[{"embeddable":true,"href":"https:\/\/jyrkkala.fi\/en\/wp-json\/wp\/v2\/comments?post=858"}],"version-history":[{"count":18,"href":"https:\/\/jyrkkala.fi\/en\/wp-json\/wp\/v2\/pages\/858\/revisions"}],"predecessor-version":[{"id":3342,"href":"https:\/\/jyrkkala.fi\/en\/wp-json\/wp\/v2\/pages\/858\/revisions\/3342"}],"wp:featuredmedia":[{"embeddable":true,"href":"https:\/\/jyrkkala.fi\/en\/wp-json\/wp\/v2\/media\/2838"}],"wp:attachment":[{"href":"https:\/\/jyrkkala.fi\/en\/wp-json\/wp\/v2\/media?parent=858"}],"curies":[{"name":"wp","href":"https:\/\/api.w.org\/{rel}","templated":true}]}}