{"id":374,"date":"2019-06-10T11:08:32","date_gmt":"2019-06-10T11:08:32","guid":{"rendered":"https:\/\/jyrkkala.dev.sst.fi\/?page_id=374"},"modified":"2026-01-07T06:57:36","modified_gmt":"2026-01-07T06:57:36","slug":"facilities-and-services","status":"publish","type":"page","link":"https:\/\/jyrkkala.fi\/en\/for-residents\/facilities-and-services\/","title":{"rendered":"Facilities and services"},"content":{"rendered":"<p class=\"p1\">Get to know Jyrkk\u00e4l\u00e4&#8217;s facilities and services!<\/p>\n<p class=\"p3\"><a href=\"https:\/\/jyrkkala.fi\/en\/for-residents\/facilities-and-services\/club-rooms\/\">Club rooms \u00bb<\/a><\/p>\n<p class=\"p3\"><a href=\"https:\/\/jyrkkala.fi\/en\/for-residents\/facilities-and-services\/yard-area\/\">Yard area \u00bb<\/a><\/p>\n<p class=\"p3\"><a href=\"https:\/\/jyrkkala.fi\/en\/for-residents\/facilities-and-services\/laundry-and-smartpost\/\">Laundry and Smartpost \u00bb<\/a><\/p>\n<p class=\"p3\"><a href=\"https:\/\/jyrkkala.fi\/en\/for-residents\/facilities-and-services\/sauna-shifts\/\">Sauna shifts \u00bb<\/a><\/p>\n<p class=\"p3\"><a href=\"https:\/\/jyrkkala.fi\/en\/for-residents\/facilities-and-services\/storage\/\">Storage \u00bb<\/a><\/p>\n<p class=\"p3\"><a href=\"https:\/\/jyrkkala.fi\/en\/for-residents\/facilities-and-services\/broadband-and-tv-services\/\">Broadband and TV services \u00bb<\/a><\/p>\n<p class=\"p3\"><a href=\"https:\/\/jyrkkala.fi\/en\/for-residents\/facilities-and-services\/parking-spaces\/\">Parking spaces \u00bb<\/a><\/p>\n<p class=\"p3\"><a href=\"https:\/\/jyrkkala.fi\/en\/for-residents\/facilities-and-services\/price-list\/\">Price list \u00bb<\/a><\/p>\n<p class=\"p3\"><a href=\"https:\/\/jyrkkala.fi\/en\/for-residents\/facilities-and-services\/repair-prices\/\">Service and Repair Price List \u00bb<\/a><\/p>\n","protected":false},"excerpt":{"rendered":"<p>Get to know Jyrkk\u00e4l\u00e4&#8217;s facilities and services! Club rooms \u00bb Yard area \u00bb Laundry and Smartpost \u00bb Sauna shifts \u00bb Storage \u00bb Broadband and TV services \u00bb Parking spaces \u00bb Price list \u00bb Service and Repair Price List \u00bb<\/p>\n","protected":false},"author":12,"featured_media":0,"parent":165,"menu_order":0,"comment_status":"closed","ping_status":"closed","template":"resident-page.php","meta":{"_acf_changed":false,"inline_featured_image":false,"footnotes":""},"class_list":["post-374","page","type-page","status-publish","hentry"],"acf":[],"yoast_head":"<!-- This site is optimized with the Yoast SEO plugin v27.3 - https:\/\/yoast.com\/product\/yoast-seo-wordpress\/ -->\n<title>Facilities and services | KOy Jyrkk\u00e4l\u00e4npolku Turku | Live comfortably<\/title>\n<meta name=\"description\" content=\"Jyrkk\u00e4l\u00e4 is a cozy residental area close to nature about 5 km from Turku city centre. The versatile and fast services ensure comfortable living to everyone.\" \/>\n<meta name=\"robots\" content=\"index, follow, max-snippet:-1, max-image-preview:large, max-video-preview:-1\" \/>\n<link rel=\"canonical\" href=\"https:\/\/jyrkkala.fi\/en\/for-residents\/facilities-and-services\/\" \/>\n<meta property=\"og:locale\" content=\"en_US\" \/>\n<meta property=\"og:type\" content=\"article\" \/>\n<meta property=\"og:title\" content=\"Facilities and services | KOy Jyrkk\u00e4l\u00e4npolku Turku | Live comfortably\" \/>\n<meta property=\"og:description\" content=\"Jyrkk\u00e4l\u00e4 is a cozy residental area close to nature about 5 km from Turku city centre. The versatile and fast services ensure comfortable living to everyone.\" \/>\n<meta property=\"og:url\" content=\"https:\/\/jyrkkala.fi\/en\/for-residents\/facilities-and-services\/\" \/>\n<meta property=\"og:site_name\" content=\"KOy Jyrkk\u00e4l\u00e4npolku Turku\" \/>\n<meta property=\"article:modified_time\" content=\"2026-01-07T06:57:36+00:00\" \/>\n<meta name=\"twitter:card\" content=\"summary_large_image\" \/>\n<meta name=\"twitter:label1\" content=\"Est. reading time\" \/>\n\t<meta name=\"twitter:data1\" content=\"1 minute\" \/>\n<script type=\"application\/ld+json\" class=\"yoast-schema-graph\">{\"@context\":\"https:\\\/\\\/schema.org\",\"@graph\":[{\"@type\":\"WebPage\",\"@id\":\"https:\\\/\\\/jyrkkala.fi\\\/en\\\/for-residents\\\/facilities-and-services\\\/\",\"url\":\"https:\\\/\\\/jyrkkala.fi\\\/en\\\/for-residents\\\/facilities-and-services\\\/\",\"name\":\"Facilities and services | KOy Jyrkk\u00e4l\u00e4npolku Turku | Live comfortably\",\"isPartOf\":{\"@id\":\"https:\\\/\\\/jyrkkala.fi\\\/#website\"},\"datePublished\":\"2019-06-10T11:08:32+00:00\",\"dateModified\":\"2026-01-07T06:57:36+00:00\",\"description\":\"Jyrkk\u00e4l\u00e4 is a cozy residental area close to nature about 5 km from Turku city centre. The versatile and fast services ensure comfortable living to everyone.\",\"breadcrumb\":{\"@id\":\"https:\\\/\\\/jyrkkala.fi\\\/en\\\/for-residents\\\/facilities-and-services\\\/#breadcrumb\"},\"inLanguage\":\"en-US\",\"potentialAction\":[{\"@type\":\"ReadAction\",\"target\":[\"https:\\\/\\\/jyrkkala.fi\\\/en\\\/for-residents\\\/facilities-and-services\\\/\"]}]},{\"@type\":\"BreadcrumbList\",\"@id\":\"https:\\\/\\\/jyrkkala.fi\\\/en\\\/for-residents\\\/facilities-and-services\\\/#breadcrumb\",\"itemListElement\":[{\"@type\":\"ListItem\",\"position\":1,\"name\":\"Home\",\"item\":\"https:\\\/\\\/jyrkkala.fi\\\/en\\\/\"},{\"@type\":\"ListItem\",\"position\":2,\"name\":\"For residents\",\"item\":\"https:\\\/\\\/jyrkkala.fi\\\/en\\\/for-residents\\\/\"},{\"@type\":\"ListItem\",\"position\":3,\"name\":\"Facilities and services\"}]},{\"@type\":\"WebSite\",\"@id\":\"https:\\\/\\\/jyrkkala.fi\\\/#website\",\"url\":\"https:\\\/\\\/jyrkkala.fi\\\/\",\"name\":\"KOy Jyrkk\u00e4l\u00e4npolku Turku\",\"description\":\"\",\"potentialAction\":[{\"@type\":\"SearchAction\",\"target\":{\"@type\":\"EntryPoint\",\"urlTemplate\":\"https:\\\/\\\/jyrkkala.fi\\\/?s={search_term_string}\"},\"query-input\":{\"@type\":\"PropertyValueSpecification\",\"valueRequired\":true,\"valueName\":\"search_term_string\"}}],\"inLanguage\":\"en-US\"}]}<\/script>\n<!-- \/ Yoast SEO plugin. -->","yoast_head_json":{"title":"Facilities and services | KOy Jyrkk\u00e4l\u00e4npolku Turku | Live comfortably","description":"Jyrkk\u00e4l\u00e4 is a cozy residental area close to nature about 5 km from Turku city centre. The versatile and fast services ensure comfortable living to everyone.","robots":{"index":"index","follow":"follow","max-snippet":"max-snippet:-1","max-image-preview":"max-image-preview:large","max-video-preview":"max-video-preview:-1"},"canonical":"https:\/\/jyrkkala.fi\/en\/for-residents\/facilities-and-services\/","og_locale":"en_US","og_type":"article","og_title":"Facilities and services | KOy Jyrkk\u00e4l\u00e4npolku Turku | Live comfortably","og_description":"Jyrkk\u00e4l\u00e4 is a cozy residental area close to nature about 5 km from Turku city centre. The versatile and fast services ensure comfortable living to everyone.","og_url":"https:\/\/jyrkkala.fi\/en\/for-residents\/facilities-and-services\/","og_site_name":"KOy Jyrkk\u00e4l\u00e4npolku Turku","article_modified_time":"2026-01-07T06:57:36+00:00","twitter_card":"summary_large_image","twitter_misc":{"Est. reading time":"1 minute"},"schema":{"@context":"https:\/\/schema.org","@graph":[{"@type":"WebPage","@id":"https:\/\/jyrkkala.fi\/en\/for-residents\/facilities-and-services\/","url":"https:\/\/jyrkkala.fi\/en\/for-residents\/facilities-and-services\/","name":"Facilities and services | KOy Jyrkk\u00e4l\u00e4npolku Turku | Live comfortably","isPartOf":{"@id":"https:\/\/jyrkkala.fi\/#website"},"datePublished":"2019-06-10T11:08:32+00:00","dateModified":"2026-01-07T06:57:36+00:00","description":"Jyrkk\u00e4l\u00e4 is a cozy residental area close to nature about 5 km from Turku city centre. The versatile and fast services ensure comfortable living to everyone.","breadcrumb":{"@id":"https:\/\/jyrkkala.fi\/en\/for-residents\/facilities-and-services\/#breadcrumb"},"inLanguage":"en-US","potentialAction":[{"@type":"ReadAction","target":["https:\/\/jyrkkala.fi\/en\/for-residents\/facilities-and-services\/"]}]},{"@type":"BreadcrumbList","@id":"https:\/\/jyrkkala.fi\/en\/for-residents\/facilities-and-services\/#breadcrumb","itemListElement":[{"@type":"ListItem","position":1,"name":"Home","item":"https:\/\/jyrkkala.fi\/en\/"},{"@type":"ListItem","position":2,"name":"For residents","item":"https:\/\/jyrkkala.fi\/en\/for-residents\/"},{"@type":"ListItem","position":3,"name":"Facilities and services"}]},{"@type":"WebSite","@id":"https:\/\/jyrkkala.fi\/#website","url":"https:\/\/jyrkkala.fi\/","name":"KOy Jyrkk\u00e4l\u00e4npolku Turku","description":"","potentialAction":[{"@type":"SearchAction","target":{"@type":"EntryPoint","urlTemplate":"https:\/\/jyrkkala.fi\/?s={search_term_string}"},"query-input":{"@type":"PropertyValueSpecification","valueRequired":true,"valueName":"search_term_string"}}],"inLanguage":"en-US"}]}},"_links":{"self":[{"href":"https:\/\/jyrkkala.fi\/en\/wp-json\/wp\/v2\/pages\/374","targetHints":{"allow":["GET"]}}],"collection":[{"href":"https:\/\/jyrkkala.fi\/en\/wp-json\/wp\/v2\/pages"}],"about":[{"href":"https:\/\/jyrkkala.fi\/en\/wp-json\/wp\/v2\/types\/page"}],"author":[{"embeddable":true,"href":"https:\/\/jyrkkala.fi\/en\/wp-json\/wp\/v2\/users\/12"}],"replies":[{"embeddable":true,"href":"https:\/\/jyrkkala.fi\/en\/wp-json\/wp\/v2\/comments?post=374"}],"version-history":[{"count":24,"href":"https:\/\/jyrkkala.fi\/en\/wp-json\/wp\/v2\/pages\/374\/revisions"}],"predecessor-version":[{"id":4434,"href":"https:\/\/jyrkkala.fi\/en\/wp-json\/wp\/v2\/pages\/374\/revisions\/4434"}],"up":[{"embeddable":true,"href":"https:\/\/jyrkkala.fi\/en\/wp-json\/wp\/v2\/pages\/165"}],"wp:attachment":[{"href":"https:\/\/jyrkkala.fi\/en\/wp-json\/wp\/v2\/media?parent=374"}],"curies":[{"name":"wp","href":"https:\/\/api.w.org\/{rel}","templated":true}]}}