{"id":3190,"date":"2021-04-01T09:38:52","date_gmt":"2021-04-01T09:38:52","guid":{"rendered":"https:\/\/jyrkkala.dev.sst.fi\/?page_id=3190"},"modified":"2025-12-31T08:59:38","modified_gmt":"2025-12-31T08:59:38","slug":"the-houses","status":"publish","type":"page","link":"https:\/\/jyrkkala.fi\/en\/apartments\/the-houses\/","title":{"rendered":"The houses"},"content":{"rendered":"<p>Get to know the houses in Jyrkk\u00e4l\u00e4! Click on the menu to read more about the houses.<\/p>\n<h2>Available apartments<\/h2>\n\n\t<div class=\"table-responsive\">\n\t\t<table class=\"table table-striped available-apartments-table \">\n\t\t\t<thead>\n\t\t\t\t<tr>\n\t\t\t\t\t<th>Building<\/th>\n\t\t\t\t\t<th>Apartment<\/th>\n\t\t\t\t\t<th>Apartment type<\/th>\n\t\t\t\t\t<th>Size (m\u00b2)<\/th>\n\t\t\t\t\t<th>Rent (\u20ac)<\/th>\n\t\t\t\t\t<th><\/th>\n\t\t\t\t\t<th><\/th>\n\t\t\t\t<\/tr>\n\t\t\t<\/thead>\n\t\t\t<tbody>\n\t\t\t\t\n\t\t\t\t\t<tr>\n\t\t\t\t\t\t<td class=\"building-block\">A08<\/td>\n\t\t\t\t\t\t<td>\n\t\t\t\t\t\t\tA08<\/td>\n\t\t\t\t\t\t<td>4h+k 92m2<\/td>\n\t\t\t\t\t\t<td>92<\/td>\n\t\t\t\t\t\t<td>992.12<\/td>\n\t\t\t\t\t\t<td>\n\t\t\t\t\t\t\t<a target=\"_blank\" href=\"https:\/\/public.aulaan.com\/jyrkkalanpolku\/application\/settings?units=164\">Apply for housing\n\t\t\t\t\t\t\t\t<i class=\"far fa-arrow-alt-circle-right\"><\/i>\n\t\t\t\t\t\t\t<\/a>\n\t\t\t\t\t\t<\/td>\n\t\t\t\t\t\t<td>\n\t\t\t\t\t\t\t<a href=\"https:\/\/jyrkkala.fi\/en\/talot\/a-talo\/a08\/\">\n\t\t\t\t\t\t\t\tRead more\n\t\t\t\t\t\t\t\t<i class=\"far fa-arrow-alt-circle-right\"><\/i>\n\t\t\t\t\t\t\t<\/a>\n\t\t\t\t\t\t<\/td>\n\t\t\t\t\t<\/tr>\n\n\t\t\t\t\n\t\t\t\t\t<tr>\n\t\t\t\t\t\t<td class=\"building-block\">A31<\/td>\n\t\t\t\t\t\t<td>\n\t\t\t\t\t\t\tA31<\/td>\n\t\t\t\t\t\t<td>2h+k 58,5 m2<\/td>\n\t\t\t\t\t\t<td>58.5<\/td>\n\t\t\t\t\t\t<td>737.27<\/td>\n\t\t\t\t\t\t<td>\n\t\t\t\t\t\t\t<a target=\"_blank\" href=\"https:\/\/public.aulaan.com\/jyrkkalanpolku\/application\/settings?units=187\">Apply for housing\n\t\t\t\t\t\t\t\t<i class=\"far fa-arrow-alt-circle-right\"><\/i>\n\t\t\t\t\t\t\t<\/a>\n\t\t\t\t\t\t<\/td>\n\t\t\t\t\t\t<td>\n\t\t\t\t\t\t\t<a href=\"https:\/\/jyrkkala.fi\/en\/talot\/a-talo\/a31\/\">\n\t\t\t\t\t\t\t\tRead more\n\t\t\t\t\t\t\t\t<i class=\"far fa-arrow-alt-circle-right\"><\/i>\n\t\t\t\t\t\t\t<\/a>\n\t\t\t\t\t\t<\/td>\n\t\t\t\t\t<\/tr>\n\n\t\t\t\t\n\t\t\t\t\t<tr>\n\t\t\t\t\t\t<td class=\"building-block\">\u00c5552<\/td>\n\t\t\t\t\t\t<td>\n\t\t\t\t\t\t\t\u00c5552<\/td>\n\t\t\t\t\t\t<td>3h+k 75,5 m2<\/td>\n\t\t\t\t\t\t<td>75.5<\/td>\n\t\t\t\t\t\t<td>830.49<\/td>\n\t\t\t\t\t\t<td>\n\t\t\t\t\t\t\t<a target=\"_blank\" href=\"https:\/\/public.aulaan.com\/jyrkkalanpolku\/application\/settings?units=708\">Apply for housing\n\t\t\t\t\t\t\t\t<i class=\"far fa-arrow-alt-circle-right\"><\/i>\n\t\t\t\t\t\t\t<\/a>\n\t\t\t\t\t\t<\/td>\n\t\t\t\t\t\t<td>\n\t\t\t\t\t\t\t<a href=\"https:\/\/jyrkkala.fi\/en\/talot\/a-talo-2\/a552\/\">\n\t\t\t\t\t\t\t\tRead more\n\t\t\t\t\t\t\t\t<i class=\"far fa-arrow-alt-circle-right\"><\/i>\n\t\t\t\t\t\t\t<\/a>\n\t\t\t\t\t\t<\/td>\n\t\t\t\t\t<\/tr>\n\n\t\t\t\t\n\t\t\t\t\t<tr>\n\t\t\t\t\t\t<td class=\"building-block\">\u00c5560<\/td>\n\t\t\t\t\t\t<td>\n\t\t\t\t\t\t\t\u00c5560<\/td>\n\t\t\t\t\t\t<td>3h+k 75,5 m2<\/td>\n\t\t\t\t\t\t<td>75.5<\/td>\n\t\t\t\t\t\t<td>847.48<\/td>\n\t\t\t\t\t\t<td>\n\t\t\t\t\t\t\t<a target=\"_blank\" href=\"https:\/\/public.aulaan.com\/jyrkkalanpolku\/application\/settings?units=716\">Apply for housing\n\t\t\t\t\t\t\t\t<i class=\"far fa-arrow-alt-circle-right\"><\/i>\n\t\t\t\t\t\t\t<\/a>\n\t\t\t\t\t\t<\/td>\n\t\t\t\t\t\t<td>\n\t\t\t\t\t\t\t<a href=\"https:\/\/jyrkkala.fi\/en\/talot\/a-talo-2\/a560\/\">\n\t\t\t\t\t\t\t\tRead more\n\t\t\t\t\t\t\t\t<i class=\"far fa-arrow-alt-circle-right\"><\/i>\n\t\t\t\t\t\t\t<\/a>\n\t\t\t\t\t\t<\/td>\n\t\t\t\t\t<\/tr>\n\n\t\t\t\t\n\t\t\t\t\t<tr>\n\t\t\t\t\t\t<td class=\"building-block\">\u00c5567<\/td>\n\t\t\t\t\t\t<td>\n\t\t\t\t\t\t\t\u00c5567<\/td>\n\t\t\t\t\t\t<td>3h+k 75,5 m2<\/td>\n\t\t\t\t\t\t<td>75.5<\/td>\n\t\t\t\t\t\t<td>864.48<\/td>\n\t\t\t\t\t\t<td>\n\t\t\t\t\t\t\t<a target=\"_blank\" href=\"https:\/\/public.aulaan.com\/jyrkkalanpolku\/application\/settings?units=723\">Apply for housing\n\t\t\t\t\t\t\t\t<i class=\"far fa-arrow-alt-circle-right\"><\/i>\n\t\t\t\t\t\t\t<\/a>\n\t\t\t\t\t\t<\/td>\n\t\t\t\t\t\t<td>\n\t\t\t\t\t\t\t<a href=\"https:\/\/jyrkkala.fi\/en\/talot\/a-talo-2\/a567\/\">\n\t\t\t\t\t\t\t\tRead more\n\t\t\t\t\t\t\t\t<i class=\"far fa-arrow-alt-circle-right\"><\/i>\n\t\t\t\t\t\t\t<\/a>\n\t\t\t\t\t\t<\/td>\n\t\t\t\t\t<\/tr>\n\n\t\t\t\t\n\t\t\t\t\t<tr>\n\t\t\t\t\t\t<td class=\"building-block\">\u00c5576<\/td>\n\t\t\t\t\t\t<td>\n\t\t\t\t\t\t\t\u00c5576<\/td>\n\t\t\t\t\t\t<td>3h+k 75,5 m2<\/td>\n\t\t\t\t\t\t<td>75.5<\/td>\n\t\t\t\t\t\t<td>881.47<\/td>\n\t\t\t\t\t\t<td>\n\t\t\t\t\t\t\t<a target=\"_blank\" href=\"https:\/\/public.aulaan.com\/jyrkkalanpolku\/application\/settings?units=732\">Apply for housing\n\t\t\t\t\t\t\t\t<i class=\"far fa-arrow-alt-circle-right\"><\/i>\n\t\t\t\t\t\t\t<\/a>\n\t\t\t\t\t\t<\/td>\n\t\t\t\t\t\t<td>\n\t\t\t\t\t\t\t<a href=\"https:\/\/jyrkkala.fi\/en\/talot\/a-talo-2\/a576\/\">\n\t\t\t\t\t\t\t\tRead more\n\t\t\t\t\t\t\t\t<i class=\"far fa-arrow-alt-circle-right\"><\/i>\n\t\t\t\t\t\t\t<\/a>\n\t\t\t\t\t\t<\/td>\n\t\t\t\t\t<\/tr>\n\n\t\t\t\t\n\t\t\t\t\t<tr>\n\t\t\t\t\t\t<td class=\"building-block\">\u00c5578<\/td>\n\t\t\t\t\t\t<td>\n\t\t\t\t\t\t\t\u00c5578<\/td>\n\t\t\t\t\t\t<td>3h+k 76,5 m2<\/td>\n\t\t\t\t\t\t<td>76.5<\/td>\n\t\t\t\t\t\t<td>891.67<\/td>\n\t\t\t\t\t\t<td>\n\t\t\t\t\t\t\t<a target=\"_blank\" href=\"https:\/\/public.aulaan.com\/jyrkkalanpolku\/application\/settings?units=734\">Apply for housing\n\t\t\t\t\t\t\t\t<i class=\"far fa-arrow-alt-circle-right\"><\/i>\n\t\t\t\t\t\t\t<\/a>\n\t\t\t\t\t\t<\/td>\n\t\t\t\t\t\t<td>\n\t\t\t\t\t\t\t<a href=\"https:\/\/jyrkkala.fi\/en\/talot\/a-talo-2\/a578\/\">\n\t\t\t\t\t\t\t\tRead more\n\t\t\t\t\t\t\t\t<i class=\"far fa-arrow-alt-circle-right\"><\/i>\n\t\t\t\t\t\t\t<\/a>\n\t\t\t\t\t\t<\/td>\n\t\t\t\t\t<\/tr>\n\n\t\t\t\t\n\t\t\t\t\t<tr>\n\t\t\t\t\t\t<td class=\"building-block\">\u00c5580<\/td>\n\t\t\t\t\t\t<td>\n\t\t\t\t\t\t\t\u00c5580<\/td>\n\t\t\t\t\t\t<td>3h+k 75,5 m2<\/td>\n\t\t\t\t\t\t<td>75.5<\/td>\n\t\t\t\t\t\t<td>890.54<\/td>\n\t\t\t\t\t\t<td>\n\t\t\t\t\t\t\t<a target=\"_blank\" href=\"https:\/\/public.aulaan.com\/jyrkkalanpolku\/application\/settings?units=736\">Apply for housing\n\t\t\t\t\t\t\t\t<i class=\"far fa-arrow-alt-circle-right\"><\/i>\n\t\t\t\t\t\t\t<\/a>\n\t\t\t\t\t\t<\/td>\n\t\t\t\t\t\t<td>\n\t\t\t\t\t\t\t<a href=\"https:\/\/jyrkkala.fi\/en\/talot\/a-talo-2\/a580\/\">\n\t\t\t\t\t\t\t\tRead more\n\t\t\t\t\t\t\t\t<i class=\"far fa-arrow-alt-circle-right\"><\/i>\n\t\t\t\t\t\t\t<\/a>\n\t\t\t\t\t\t<\/td>\n\t\t\t\t\t<\/tr>\n\n\t\t\t\t\n\t\t\t\t\t<tr>\n\t\t\t\t\t\t<td class=\"building-block\">\u00c4596<\/td>\n\t\t\t\t\t\t<td>\n\t\t\t\t\t\t\t\u00c4596<\/td>\n\t\t\t\t\t\t<td>3h+k 75,5 m2<\/td>\n\t\t\t\t\t\t<td>75.5<\/td>\n\t\t\t\t\t\t<td>855.42<\/td>\n\t\t\t\t\t\t<td>\n\t\t\t\t\t\t\t<a target=\"_blank\" href=\"https:\/\/public.aulaan.com\/jyrkkalanpolku\/application\/settings?units=752\">Apply for housing\n\t\t\t\t\t\t\t\t<i class=\"far fa-arrow-alt-circle-right\"><\/i>\n\t\t\t\t\t\t\t<\/a>\n\t\t\t\t\t\t<\/td>\n\t\t\t\t\t\t<td>\n\t\t\t\t\t\t\t<a href=\"https:\/\/jyrkkala.fi\/en\/talot\/a-talo-3\/a596\/\">\n\t\t\t\t\t\t\t\tRead more\n\t\t\t\t\t\t\t\t<i class=\"far fa-arrow-alt-circle-right\"><\/i>\n\t\t\t\t\t\t\t<\/a>\n\t\t\t\t\t\t<\/td>\n\t\t\t\t\t<\/tr>\n\n\t\t\t\t\n\t\t\t\t\t<tr>\n\t\t\t\t\t\t<td class=\"building-block\">\u00c4598<\/td>\n\t\t\t\t\t\t<td>\n\t\t\t\t\t\t\t\u00c4598<\/td>\n\t\t\t\t\t\t<td>3h+k 76,5 m2<\/td>\n\t\t\t\t\t\t<td>76.5<\/td>\n\t\t\t\t\t\t<td>866.75<\/td>\n\t\t\t\t\t\t<td>\n\t\t\t\t\t\t\t<a target=\"_blank\" href=\"https:\/\/public.aulaan.com\/jyrkkalanpolku\/application\/settings?units=754\">Apply for housing\n\t\t\t\t\t\t\t\t<i class=\"far fa-arrow-alt-circle-right\"><\/i>\n\t\t\t\t\t\t\t<\/a>\n\t\t\t\t\t\t<\/td>\n\t\t\t\t\t\t<td>\n\t\t\t\t\t\t\t<a href=\"https:\/\/jyrkkala.fi\/en\/talot\/a-talo-3\/a598\/\">\n\t\t\t\t\t\t\t\tRead more\n\t\t\t\t\t\t\t\t<i class=\"far fa-arrow-alt-circle-right\"><\/i>\n\t\t\t\t\t\t\t<\/a>\n\t\t\t\t\t\t<\/td>\n\t\t\t\t\t<\/tr>\n\n\t\t\t\t\n\t\t\t\t\t<tr>\n\t\t\t\t\t\t<td class=\"building-block\">\u00c4601<\/td>\n\t\t\t\t\t\t<td>\n\t\t\t\t\t\t\t\u00c4601<\/td>\n\t\t\t\t\t\t<td>3h+k 76,5 m2<\/td>\n\t\t\t\t\t\t<td>76.5<\/td>\n\t\t\t\t\t\t<td>874.68<\/td>\n\t\t\t\t\t\t<td>\n\t\t\t\t\t\t\t<a target=\"_blank\" href=\"https:\/\/public.aulaan.com\/jyrkkalanpolku\/application\/settings?units=757\">Apply for housing\n\t\t\t\t\t\t\t\t<i class=\"far fa-arrow-alt-circle-right\"><\/i>\n\t\t\t\t\t\t\t<\/a>\n\t\t\t\t\t\t<\/td>\n\t\t\t\t\t\t<td>\n\t\t\t\t\t\t\t<a href=\"https:\/\/jyrkkala.fi\/en\/talot\/a-talo-3\/a601\/\">\n\t\t\t\t\t\t\t\tRead more\n\t\t\t\t\t\t\t\t<i class=\"far fa-arrow-alt-circle-right\"><\/i>\n\t\t\t\t\t\t\t<\/a>\n\t\t\t\t\t\t<\/td>\n\t\t\t\t\t<\/tr>\n\n\t\t\t\t\n\t\t\t\t\t<tr>\n\t\t\t\t\t\t<td class=\"building-block\">\u00c4603<\/td>\n\t\t\t\t\t\t<td>\n\t\t\t\t\t\t\t\u00c4603<\/td>\n\t\t\t\t\t\t<td>3h+k 75,5 m2<\/td>\n\t\t\t\t\t\t<td>75.5<\/td>\n\t\t\t\t\t\t<td>873.54<\/td>\n\t\t\t\t\t\t<td>\n\t\t\t\t\t\t\t<a target=\"_blank\" href=\"https:\/\/public.aulaan.com\/jyrkkalanpolku\/application\/settings?units=759\">Apply for housing\n\t\t\t\t\t\t\t\t<i class=\"far fa-arrow-alt-circle-right\"><\/i>\n\t\t\t\t\t\t\t<\/a>\n\t\t\t\t\t\t<\/td>\n\t\t\t\t\t\t<td>\n\t\t\t\t\t\t\t<a href=\"https:\/\/jyrkkala.fi\/en\/talot\/a-talo-3\/a603\/\">\n\t\t\t\t\t\t\t\tRead more\n\t\t\t\t\t\t\t\t<i class=\"far fa-arrow-alt-circle-right\"><\/i>\n\t\t\t\t\t\t\t<\/a>\n\t\t\t\t\t\t<\/td>\n\t\t\t\t\t<\/tr>\n\n\t\t\t\t\n\t\t\t\t\t<tr>\n\t\t\t\t\t\t<td class=\"building-block\">\u00c4604<\/td>\n\t\t\t\t\t\t<td>\n\t\t\t\t\t\t\t\u00c4604<\/td>\n\t\t\t\t\t\t<td>3h+k 75,5 m2<\/td>\n\t\t\t\t\t\t<td>75.5<\/td>\n\t\t\t\t\t\t<td>873.54<\/td>\n\t\t\t\t\t\t<td>\n\t\t\t\t\t\t\t<a target=\"_blank\" href=\"https:\/\/public.aulaan.com\/jyrkkalanpolku\/application\/settings?units=760\">Apply for housing\n\t\t\t\t\t\t\t\t<i class=\"far fa-arrow-alt-circle-right\"><\/i>\n\t\t\t\t\t\t\t<\/a>\n\t\t\t\t\t\t<\/td>\n\t\t\t\t\t\t<td>\n\t\t\t\t\t\t\t<a href=\"https:\/\/jyrkkala.fi\/en\/talot\/a-talo-3\/a604\/\">\n\t\t\t\t\t\t\t\tRead more\n\t\t\t\t\t\t\t\t<i class=\"far fa-arrow-alt-circle-right\"><\/i>\n\t\t\t\t\t\t\t<\/a>\n\t\t\t\t\t\t<\/td>\n\t\t\t\t\t<\/tr>\n\n\t\t\t\t\n\t\t\t\t\t<tr>\n\t\t\t\t\t\t<td class=\"building-block\">\u00c4606<\/td>\n\t\t\t\t\t\t<td>\n\t\t\t\t\t\t\t\u00c4606<\/td>\n\t\t\t\t\t\t<td>3h+k 76,5 m2<\/td>\n\t\t\t\t\t\t<td>76.5<\/td>\n\t\t\t\t\t\t<td>883.74<\/td>\n\t\t\t\t\t\t<td>\n\t\t\t\t\t\t\t<a target=\"_blank\" href=\"https:\/\/public.aulaan.com\/jyrkkalanpolku\/application\/settings?units=762\">Apply for housing\n\t\t\t\t\t\t\t\t<i class=\"far fa-arrow-alt-circle-right\"><\/i>\n\t\t\t\t\t\t\t<\/a>\n\t\t\t\t\t\t<\/td>\n\t\t\t\t\t\t<td>\n\t\t\t\t\t\t\t<a href=\"https:\/\/jyrkkala.fi\/en\/talot\/a-talo-3\/a606\/\">\n\t\t\t\t\t\t\t\tRead more\n\t\t\t\t\t\t\t\t<i class=\"far fa-arrow-alt-circle-right\"><\/i>\n\t\t\t\t\t\t\t<\/a>\n\t\t\t\t\t\t<\/td>\n\t\t\t\t\t<\/tr>\n\n\t\t\t\t\n\t\t\t\t\t<tr>\n\t\t\t\t\t\t<td class=\"building-block\">\u00c4607<\/td>\n\t\t\t\t\t\t<td>\n\t\t\t\t\t\t\t\u00c4607<\/td>\n\t\t\t\t\t\t<td>3h+k 75,5 m2<\/td>\n\t\t\t\t\t\t<td>75.5<\/td>\n\t\t\t\t\t\t<td>881.47<\/td>\n\t\t\t\t\t\t<td>\n\t\t\t\t\t\t\t<a target=\"_blank\" href=\"https:\/\/public.aulaan.com\/jyrkkalanpolku\/application\/settings?units=763\">Apply for housing\n\t\t\t\t\t\t\t\t<i class=\"far fa-arrow-alt-circle-right\"><\/i>\n\t\t\t\t\t\t\t<\/a>\n\t\t\t\t\t\t<\/td>\n\t\t\t\t\t\t<td>\n\t\t\t\t\t\t\t<a href=\"https:\/\/jyrkkala.fi\/en\/talot\/a-talo-3\/a607\/\">\n\t\t\t\t\t\t\t\tRead more\n\t\t\t\t\t\t\t\t<i class=\"far fa-arrow-alt-circle-right\"><\/i>\n\t\t\t\t\t\t\t<\/a>\n\t\t\t\t\t\t<\/td>\n\t\t\t\t\t<\/tr>\n\n\t\t\t\t\n\t\t\t\t\t<tr>\n\t\t\t\t\t\t<td class=\"building-block\">\u00c4612<\/td>\n\t\t\t\t\t\t<td>\n\t\t\t\t\t\t\t\u00c4612<\/td>\n\t\t\t\t\t\t<td>3h+k 75,5 m2<\/td>\n\t\t\t\t\t\t<td>75.5<\/td>\n\t\t\t\t\t\t<td>890.54<\/td>\n\t\t\t\t\t\t<td>\n\t\t\t\t\t\t\t<a target=\"_blank\" href=\"https:\/\/public.aulaan.com\/jyrkkalanpolku\/application\/settings?units=768\">Apply for housing\n\t\t\t\t\t\t\t\t<i class=\"far fa-arrow-alt-circle-right\"><\/i>\n\t\t\t\t\t\t\t<\/a>\n\t\t\t\t\t\t<\/td>\n\t\t\t\t\t\t<td>\n\t\t\t\t\t\t\t<a href=\"https:\/\/jyrkkala.fi\/en\/talot\/a-talo-3\/a612\/\">\n\t\t\t\t\t\t\t\tRead more\n\t\t\t\t\t\t\t\t<i class=\"far fa-arrow-alt-circle-right\"><\/i>\n\t\t\t\t\t\t\t<\/a>\n\t\t\t\t\t\t<\/td>\n\t\t\t\t\t<\/tr>\n\n\t\t\t\t\n\t\t\t\t\t<tr>\n\t\t\t\t\t\t<td class=\"building-block\">D123<\/td>\n\t\t\t\t\t\t<td>\n\t\t\t\t\t\t\tD123<\/td>\n\t\t\t\t\t\t<td>2h+k 58,5 m2<\/td>\n\t\t\t\t\t\t<td>58.5<\/td>\n\t\t\t\t\t\t<td>730.23<\/td>\n\t\t\t\t\t\t<td>\n\t\t\t\t\t\t\t<a target=\"_blank\" href=\"https:\/\/public.aulaan.com\/jyrkkalanpolku\/application\/settings?units=278\">Apply for housing\n\t\t\t\t\t\t\t\t<i class=\"far fa-arrow-alt-circle-right\"><\/i>\n\t\t\t\t\t\t\t<\/a>\n\t\t\t\t\t\t<\/td>\n\t\t\t\t\t\t<td>\n\t\t\t\t\t\t\t<a href=\"https:\/\/jyrkkala.fi\/en\/talot\/d-talo\/d123\/\">\n\t\t\t\t\t\t\t\tRead more\n\t\t\t\t\t\t\t\t<i class=\"far fa-arrow-alt-circle-right\"><\/i>\n\t\t\t\t\t\t\t<\/a>\n\t\t\t\t\t\t<\/td>\n\t\t\t\t\t<\/tr>\n\n\t\t\t\t\n\t\t\t\t\t<tr>\n\t\t\t\t\t\t<td class=\"building-block\">O353<\/td>\n\t\t\t\t\t\t<td>\n\t\t\t\t\t\t\tO353<\/td>\n\t\t\t\t\t\t<td>2h+k 57,5 m2 G-U<\/td>\n\t\t\t\t\t\t<td>57.5<\/td>\n\t\t\t\t\t\t<td>735.26<\/td>\n\t\t\t\t\t\t<td>\n\t\t\t\t\t\t\t<a target=\"_blank\" href=\"https:\/\/public.aulaan.com\/jyrkkalanpolku\/application\/settings?units=509\">Apply for housing\n\t\t\t\t\t\t\t\t<i class=\"far fa-arrow-alt-circle-right\"><\/i>\n\t\t\t\t\t\t\t<\/a>\n\t\t\t\t\t\t<\/td>\n\t\t\t\t\t\t<td>\n\t\t\t\t\t\t\t<a href=\"https:\/\/jyrkkala.fi\/en\/talot\/op-talo\/o353\/\">\n\t\t\t\t\t\t\t\tRead more\n\t\t\t\t\t\t\t\t<i class=\"far fa-arrow-alt-circle-right\"><\/i>\n\t\t\t\t\t\t\t<\/a>\n\t\t\t\t\t\t<\/td>\n\t\t\t\t\t<\/tr>\n\n\t\t\t\t\n\t\t\t\t\t<tr>\n\t\t\t\t\t\t<td class=\"building-block\">\u00d6633<\/td>\n\t\t\t\t\t\t<td>\n\t\t\t\t\t\t\t\u00d6633<\/td>\n\t\t\t\t\t\t<td>3h+k 76,5 m2<\/td>\n\t\t\t\t\t\t<td>76.5<\/td>\n\t\t\t\t\t\t<td>874.68<\/td>\n\t\t\t\t\t\t<td>\n\t\t\t\t\t\t\t<a target=\"_blank\" href=\"https:\/\/public.aulaan.com\/jyrkkalanpolku\/application\/settings?units=789\">Apply for housing\n\t\t\t\t\t\t\t\t<i class=\"far fa-arrow-alt-circle-right\"><\/i>\n\t\t\t\t\t\t\t<\/a>\n\t\t\t\t\t\t<\/td>\n\t\t\t\t\t\t<td>\n\t\t\t\t\t\t\t<a href=\"https:\/\/jyrkkala.fi\/en\/talot\/o-talo\/o633\/\">\n\t\t\t\t\t\t\t\tRead more\n\t\t\t\t\t\t\t\t<i class=\"far fa-arrow-alt-circle-right\"><\/i>\n\t\t\t\t\t\t\t<\/a>\n\t\t\t\t\t\t<\/td>\n\t\t\t\t\t<\/tr>\n\n\t\t\t\t\n\t\t\t\t\t<tr>\n\t\t\t\t\t\t<td class=\"building-block\">\u00d6640<\/td>\n\t\t\t\t\t\t<td>\n\t\t\t\t\t\t\t\u00d6640<\/td>\n\t\t\t\t\t\t<td>3h+k 75,5 m2<\/td>\n\t\t\t\t\t\t<td>75.5<\/td>\n\t\t\t\t\t\t<td>881.47<\/td>\n\t\t\t\t\t\t<td>\n\t\t\t\t\t\t\t<a target=\"_blank\" href=\"https:\/\/public.aulaan.com\/jyrkkalanpolku\/application\/settings?units=796\">Apply for housing\n\t\t\t\t\t\t\t\t<i class=\"far fa-arrow-alt-circle-right\"><\/i>\n\t\t\t\t\t\t\t<\/a>\n\t\t\t\t\t\t<\/td>\n\t\t\t\t\t\t<td>\n\t\t\t\t\t\t\t<a href=\"https:\/\/jyrkkala.fi\/en\/talot\/o-talo\/o640\/\">\n\t\t\t\t\t\t\t\tRead more\n\t\t\t\t\t\t\t\t<i class=\"far fa-arrow-alt-circle-right\"><\/i>\n\t\t\t\t\t\t\t<\/a>\n\t\t\t\t\t\t<\/td>\n\t\t\t\t\t<\/tr>\n\n\t\t\t\t\n\t\t\t\t\t<tr>\n\t\t\t\t\t\t<td class=\"building-block\">Q386<\/td>\n\t\t\t\t\t\t<td>\n\t\t\t\t\t\t\tQ386<\/td>\n\t\t\t\t\t\t<td>2h+k 57,5 m2 G-U<\/td>\n\t\t\t\t\t\t<td>57.5<\/td>\n\t\t\t\t\t\t<td>722.01<\/td>\n\t\t\t\t\t\t<td>\n\t\t\t\t\t\t\t<a target=\"_blank\" href=\"https:\/\/public.aulaan.com\/jyrkkalanpolku\/application\/settings?units=542\">Apply for housing\n\t\t\t\t\t\t\t\t<i class=\"far fa-arrow-alt-circle-right\"><\/i>\n\t\t\t\t\t\t\t<\/a>\n\t\t\t\t\t\t<\/td>\n\t\t\t\t\t\t<td>\n\t\t\t\t\t\t\t<a href=\"https:\/\/jyrkkala.fi\/en\/talot\/qrs-talo\/q386\/\">\n\t\t\t\t\t\t\t\tRead more\n\t\t\t\t\t\t\t\t<i class=\"far fa-arrow-alt-circle-right\"><\/i>\n\t\t\t\t\t\t\t<\/a>\n\t\t\t\t\t\t<\/td>\n\t\t\t\t\t<\/tr>\n\n\t\t\t\t\n\t\t\t\t\t<tr>\n\t\t\t\t\t\t<td class=\"building-block\">Z536<\/td>\n\t\t\t\t\t\t<td>\n\t\t\t\t\t\t\tZ536<\/td>\n\t\t\t\t\t\t<td>3h+k 75,5 m2<\/td>\n\t\t\t\t\t\t<td>75.5<\/td>\n\t\t\t\t\t\t<td>864.48<\/td>\n\t\t\t\t\t\t<td>\n\t\t\t\t\t\t\t<a target=\"_blank\" href=\"https:\/\/public.aulaan.com\/jyrkkalanpolku\/application\/settings?units=692\">Apply for housing\n\t\t\t\t\t\t\t\t<i class=\"far fa-arrow-alt-circle-right\"><\/i>\n\t\t\t\t\t\t\t<\/a>\n\t\t\t\t\t\t<\/td>\n\t\t\t\t\t\t<td>\n\t\t\t\t\t\t\t<a href=\"https:\/\/jyrkkala.fi\/en\/talot\/z-talo\/z536\/\">\n\t\t\t\t\t\t\t\tRead more\n\t\t\t\t\t\t\t\t<i class=\"far fa-arrow-alt-circle-right\"><\/i>\n\t\t\t\t\t\t\t<\/a>\n\t\t\t\t\t\t<\/td>\n\t\t\t\t\t<\/tr>\n\n\t\t\t\t\n\n\t\t\t<\/tbody>\n\t\t<\/table>\n\t<\/div>\n\n","protected":false},"excerpt":{"rendered":"<p>Get to know the houses in Jyrkk\u00e4l\u00e4! Click on the menu to read more about the houses. Available apartments<\/p>\n","protected":false},"author":12,"featured_media":0,"parent":270,"menu_order":0,"comment_status":"closed","ping_status":"closed","template":"apartments-page.php","meta":{"_acf_changed":false,"inline_featured_image":false,"footnotes":""},"class_list":["post-3190","page","type-page","status-publish","hentry"],"acf":[],"yoast_head":"<!-- This site is optimized with the Yoast SEO plugin v27.4 - https:\/\/yoast.com\/product\/yoast-seo-wordpress\/ -->\n<title>The houses | KOy Jyrkk\u00e4l\u00e4npolku Turku<\/title>\n<meta name=\"robots\" content=\"index, follow, max-snippet:-1, max-image-preview:large, max-video-preview:-1\" \/>\n<link rel=\"canonical\" href=\"http:\/\/jyrkkala.fi\/vuokra-asunnot\/tutustu-taloihin\/\" \/>\n<meta property=\"og:locale\" content=\"en_US\" \/>\n<meta property=\"og:type\" content=\"article\" \/>\n<meta property=\"og:title\" content=\"The houses | KOy Jyrkk\u00e4l\u00e4npolku Turku\" \/>\n<meta property=\"og:description\" content=\"Get to know the houses in Jyrkk\u00e4l\u00e4! Click on the menu to read more about the houses. Available apartments\" \/>\n<meta property=\"og:url\" content=\"http:\/\/jyrkkala.fi\/vuokra-asunnot\/tutustu-taloihin\/\" \/>\n<meta property=\"og:site_name\" content=\"KOy Jyrkk\u00e4l\u00e4npolku Turku\" \/>\n<meta property=\"article:modified_time\" content=\"2025-12-31T08:59:38+00:00\" \/>\n<meta name=\"twitter:card\" content=\"summary_large_image\" \/>\n<meta name=\"twitter:label1\" content=\"Est. reading time\" \/>\n\t<meta name=\"twitter:data1\" content=\"1 minute\" \/>\n<script type=\"application\/ld+json\" class=\"yoast-schema-graph\">{\"@context\":\"https:\\\/\\\/schema.org\",\"@graph\":[{\"@type\":\"WebPage\",\"@id\":\"http:\\\/\\\/jyrkkala.fi\\\/vuokra-asunnot\\\/tutustu-taloihin\\\/\",\"url\":\"http:\\\/\\\/jyrkkala.fi\\\/vuokra-asunnot\\\/tutustu-taloihin\\\/\",\"name\":\"The houses | KOy Jyrkk\u00e4l\u00e4npolku Turku\",\"isPartOf\":{\"@id\":\"https:\\\/\\\/jyrkkala.fi\\\/#website\"},\"datePublished\":\"2021-04-01T09:38:52+00:00\",\"dateModified\":\"2025-12-31T08:59:38+00:00\",\"breadcrumb\":{\"@id\":\"http:\\\/\\\/jyrkkala.fi\\\/vuokra-asunnot\\\/tutustu-taloihin\\\/#breadcrumb\"},\"inLanguage\":\"en-US\",\"potentialAction\":[{\"@type\":\"ReadAction\",\"target\":[\"http:\\\/\\\/jyrkkala.fi\\\/vuokra-asunnot\\\/tutustu-taloihin\\\/\"]}]},{\"@type\":\"BreadcrumbList\",\"@id\":\"http:\\\/\\\/jyrkkala.fi\\\/vuokra-asunnot\\\/tutustu-taloihin\\\/#breadcrumb\",\"itemListElement\":[{\"@type\":\"ListItem\",\"position\":1,\"name\":\"Home\",\"item\":\"https:\\\/\\\/jyrkkala.fi\\\/en\\\/\"},{\"@type\":\"ListItem\",\"position\":2,\"name\":\"Find your new home\",\"item\":\"https:\\\/\\\/www.jyrkkala.fi\\\/en\\\/apartments\\\/\"},{\"@type\":\"ListItem\",\"position\":3,\"name\":\"The houses\"}]},{\"@type\":\"WebSite\",\"@id\":\"https:\\\/\\\/jyrkkala.fi\\\/#website\",\"url\":\"https:\\\/\\\/jyrkkala.fi\\\/\",\"name\":\"KOy Jyrkk\u00e4l\u00e4npolku Turku\",\"description\":\"\",\"potentialAction\":[{\"@type\":\"SearchAction\",\"target\":{\"@type\":\"EntryPoint\",\"urlTemplate\":\"https:\\\/\\\/jyrkkala.fi\\\/?s={search_term_string}\"},\"query-input\":{\"@type\":\"PropertyValueSpecification\",\"valueRequired\":true,\"valueName\":\"search_term_string\"}}],\"inLanguage\":\"en-US\"}]}<\/script>\n<!-- \/ Yoast SEO plugin. -->","yoast_head_json":{"title":"The houses | KOy Jyrkk\u00e4l\u00e4npolku Turku","robots":{"index":"index","follow":"follow","max-snippet":"max-snippet:-1","max-image-preview":"max-image-preview:large","max-video-preview":"max-video-preview:-1"},"canonical":"http:\/\/jyrkkala.fi\/vuokra-asunnot\/tutustu-taloihin\/","og_locale":"en_US","og_type":"article","og_title":"The houses | KOy Jyrkk\u00e4l\u00e4npolku Turku","og_description":"Get to know the houses in Jyrkk\u00e4l\u00e4! Click on the menu to read more about the houses. Available apartments","og_url":"http:\/\/jyrkkala.fi\/vuokra-asunnot\/tutustu-taloihin\/","og_site_name":"KOy Jyrkk\u00e4l\u00e4npolku Turku","article_modified_time":"2025-12-31T08:59:38+00:00","twitter_card":"summary_large_image","twitter_misc":{"Est. reading time":"1 minute"},"schema":{"@context":"https:\/\/schema.org","@graph":[{"@type":"WebPage","@id":"http:\/\/jyrkkala.fi\/vuokra-asunnot\/tutustu-taloihin\/","url":"http:\/\/jyrkkala.fi\/vuokra-asunnot\/tutustu-taloihin\/","name":"The houses | KOy Jyrkk\u00e4l\u00e4npolku Turku","isPartOf":{"@id":"https:\/\/jyrkkala.fi\/#website"},"datePublished":"2021-04-01T09:38:52+00:00","dateModified":"2025-12-31T08:59:38+00:00","breadcrumb":{"@id":"http:\/\/jyrkkala.fi\/vuokra-asunnot\/tutustu-taloihin\/#breadcrumb"},"inLanguage":"en-US","potentialAction":[{"@type":"ReadAction","target":["http:\/\/jyrkkala.fi\/vuokra-asunnot\/tutustu-taloihin\/"]}]},{"@type":"BreadcrumbList","@id":"http:\/\/jyrkkala.fi\/vuokra-asunnot\/tutustu-taloihin\/#breadcrumb","itemListElement":[{"@type":"ListItem","position":1,"name":"Home","item":"https:\/\/jyrkkala.fi\/en\/"},{"@type":"ListItem","position":2,"name":"Find your new home","item":"https:\/\/www.jyrkkala.fi\/en\/apartments\/"},{"@type":"ListItem","position":3,"name":"The houses"}]},{"@type":"WebSite","@id":"https:\/\/jyrkkala.fi\/#website","url":"https:\/\/jyrkkala.fi\/","name":"KOy Jyrkk\u00e4l\u00e4npolku Turku","description":"","potentialAction":[{"@type":"SearchAction","target":{"@type":"EntryPoint","urlTemplate":"https:\/\/jyrkkala.fi\/?s={search_term_string}"},"query-input":{"@type":"PropertyValueSpecification","valueRequired":true,"valueName":"search_term_string"}}],"inLanguage":"en-US"}]}},"_links":{"self":[{"href":"https:\/\/jyrkkala.fi\/en\/wp-json\/wp\/v2\/pages\/3190","targetHints":{"allow":["GET"]}}],"collection":[{"href":"https:\/\/jyrkkala.fi\/en\/wp-json\/wp\/v2\/pages"}],"about":[{"href":"https:\/\/jyrkkala.fi\/en\/wp-json\/wp\/v2\/types\/page"}],"author":[{"embeddable":true,"href":"https:\/\/jyrkkala.fi\/en\/wp-json\/wp\/v2\/users\/12"}],"replies":[{"embeddable":true,"href":"https:\/\/jyrkkala.fi\/en\/wp-json\/wp\/v2\/comments?post=3190"}],"version-history":[{"count":3,"href":"https:\/\/jyrkkala.fi\/en\/wp-json\/wp\/v2\/pages\/3190\/revisions"}],"predecessor-version":[{"id":4269,"href":"https:\/\/jyrkkala.fi\/en\/wp-json\/wp\/v2\/pages\/3190\/revisions\/4269"}],"up":[{"embeddable":true,"href":"https:\/\/jyrkkala.fi\/en\/wp-json\/wp\/v2\/pages\/270"}],"wp:attachment":[{"href":"https:\/\/jyrkkala.fi\/en\/wp-json\/wp\/v2\/media?parent=3190"}],"curies":[{"name":"wp","href":"https:\/\/api.w.org\/{rel}","templated":true}]}}