{"id":3107,"date":"2021-03-30T10:46:19","date_gmt":"2021-03-30T10:46:19","guid":{"rendered":"https:\/\/jyrkkala.dev.sst.fi\/?page_id=3107"},"modified":"2023-10-10T08:00:25","modified_gmt":"2023-10-10T08:00:25","slug":"laundry","status":"publish","type":"page","link":"https:\/\/jyrkkala.fi\/en\/for-residents\/facilities-and-services\/laundry\/","title":{"rendered":"Laundry"},"content":{"rendered":"<p>Jyrkk\u00e4l\u00e4\u2019s laundry and drying room are located in the housing company\u2019s maintenance building. <strong>You can access the laundry with an access right by paying a deposit (\u20ac20) to the office.<\/strong> Once you have paid the deposit, you can access the laundry with your own key. If you want to give up your access right, the deposit will be refunded to you. Please contact the office!<\/p>\n<h4>Laundry<\/h4>\n<p><strong>Opening hours<br \/>\n<\/strong>Mon\u2013Tue, Thu\u2013Sun from 7 a.m. to 9 p.m.<br \/>\nWed from 12 noon to 9 p.m.<\/p>\n<p>You can book the laundry by marking your shift on the calendar in the laundry, <strong>max. 3 h\/machine.<\/strong> If you forget to cancel your time, it will be cancelled 15 minutes after it has started.<\/p>\n<p>Always follow the machines\u2019 operating instructions.<\/p>\n","protected":false},"excerpt":{"rendered":"<p>Jyrkk\u00e4l\u00e4\u2019s laundry and drying room are located in the housing company\u2019s maintenance building. You can access the laundry with an access right by paying a deposit (\u20ac20) to the office. Once you have paid the deposit, you can access the laundry with your own key. If you want to give up your access right, the [&hellip;]<\/p>\n","protected":false},"author":12,"featured_media":0,"parent":374,"menu_order":0,"comment_status":"closed","ping_status":"closed","template":"resident-page.php","meta":{"_acf_changed":false,"inline_featured_image":false,"footnotes":""},"class_list":["post-3107","page","type-page","status-publish","hentry"],"acf":[],"yoast_head":"<!-- This site is optimized with the Yoast SEO plugin v27.4 - https:\/\/yoast.com\/product\/yoast-seo-wordpress\/ -->\n<title>Laundry | KOy Jyrkk\u00e4l\u00e4npolku Turku<\/title>\n<meta name=\"robots\" content=\"index, follow, max-snippet:-1, max-image-preview:large, max-video-preview:-1\" \/>\n<link rel=\"canonical\" href=\"http:\/\/jyrkkala.fi\/asukkaille\/tilat-ja-palvelut\/pesutupa\/\" \/>\n<meta property=\"og:locale\" content=\"en_US\" \/>\n<meta property=\"og:type\" content=\"article\" \/>\n<meta property=\"og:title\" content=\"Laundry | KOy Jyrkk\u00e4l\u00e4npolku Turku\" \/>\n<meta property=\"og:description\" content=\"Jyrkk\u00e4l\u00e4\u2019s laundry and drying room are located in the housing company\u2019s maintenance building. You can access the laundry with an access right by paying a deposit (\u20ac20) to the office. Once you have paid the deposit, you can access the laundry with your own key. If you want to give up your access right, the [&hellip;]\" \/>\n<meta property=\"og:url\" content=\"http:\/\/jyrkkala.fi\/asukkaille\/tilat-ja-palvelut\/pesutupa\/\" \/>\n<meta property=\"og:site_name\" content=\"KOy Jyrkk\u00e4l\u00e4npolku Turku\" \/>\n<meta property=\"article:modified_time\" content=\"2023-10-10T08:00:25+00:00\" \/>\n<meta name=\"twitter:card\" content=\"summary_large_image\" \/>\n<meta name=\"twitter:label1\" content=\"Est. reading time\" \/>\n\t<meta name=\"twitter:data1\" content=\"1 minute\" \/>\n<script type=\"application\/ld+json\" class=\"yoast-schema-graph\">{\"@context\":\"https:\\\/\\\/schema.org\",\"@graph\":[{\"@type\":\"WebPage\",\"@id\":\"http:\\\/\\\/jyrkkala.fi\\\/asukkaille\\\/tilat-ja-palvelut\\\/pesutupa\\\/\",\"url\":\"http:\\\/\\\/jyrkkala.fi\\\/asukkaille\\\/tilat-ja-palvelut\\\/pesutupa\\\/\",\"name\":\"Laundry | KOy Jyrkk\u00e4l\u00e4npolku Turku\",\"isPartOf\":{\"@id\":\"https:\\\/\\\/jyrkkala.fi\\\/#website\"},\"datePublished\":\"2021-03-30T10:46:19+00:00\",\"dateModified\":\"2023-10-10T08:00:25+00:00\",\"breadcrumb\":{\"@id\":\"http:\\\/\\\/jyrkkala.fi\\\/asukkaille\\\/tilat-ja-palvelut\\\/pesutupa\\\/#breadcrumb\"},\"inLanguage\":\"en-US\",\"potentialAction\":[{\"@type\":\"ReadAction\",\"target\":[\"http:\\\/\\\/jyrkkala.fi\\\/asukkaille\\\/tilat-ja-palvelut\\\/pesutupa\\\/\"]}]},{\"@type\":\"BreadcrumbList\",\"@id\":\"http:\\\/\\\/jyrkkala.fi\\\/asukkaille\\\/tilat-ja-palvelut\\\/pesutupa\\\/#breadcrumb\",\"itemListElement\":[{\"@type\":\"ListItem\",\"position\":1,\"name\":\"Home\",\"item\":\"https:\\\/\\\/jyrkkala.fi\\\/en\\\/\"},{\"@type\":\"ListItem\",\"position\":2,\"name\":\"For residents\",\"item\":\"https:\\\/\\\/jyrkkala.fi\\\/en\\\/for-residents\\\/\"},{\"@type\":\"ListItem\",\"position\":3,\"name\":\"Facilities and services\",\"item\":\"https:\\\/\\\/jyrkkala.fi\\\/en\\\/for-residents\\\/facilities-and-services\\\/\"},{\"@type\":\"ListItem\",\"position\":4,\"name\":\"Laundry\"}]},{\"@type\":\"WebSite\",\"@id\":\"https:\\\/\\\/jyrkkala.fi\\\/#website\",\"url\":\"https:\\\/\\\/jyrkkala.fi\\\/\",\"name\":\"KOy Jyrkk\u00e4l\u00e4npolku Turku\",\"description\":\"\",\"potentialAction\":[{\"@type\":\"SearchAction\",\"target\":{\"@type\":\"EntryPoint\",\"urlTemplate\":\"https:\\\/\\\/jyrkkala.fi\\\/?s={search_term_string}\"},\"query-input\":{\"@type\":\"PropertyValueSpecification\",\"valueRequired\":true,\"valueName\":\"search_term_string\"}}],\"inLanguage\":\"en-US\"}]}<\/script>\n<!-- \/ Yoast SEO plugin. -->","yoast_head_json":{"title":"Laundry | KOy Jyrkk\u00e4l\u00e4npolku Turku","robots":{"index":"index","follow":"follow","max-snippet":"max-snippet:-1","max-image-preview":"max-image-preview:large","max-video-preview":"max-video-preview:-1"},"canonical":"http:\/\/jyrkkala.fi\/asukkaille\/tilat-ja-palvelut\/pesutupa\/","og_locale":"en_US","og_type":"article","og_title":"Laundry | KOy Jyrkk\u00e4l\u00e4npolku Turku","og_description":"Jyrkk\u00e4l\u00e4\u2019s laundry and drying room are located in the housing company\u2019s maintenance building. You can access the laundry with an access right by paying a deposit (\u20ac20) to the office. Once you have paid the deposit, you can access the laundry with your own key. If you want to give up your access right, the [&hellip;]","og_url":"http:\/\/jyrkkala.fi\/asukkaille\/tilat-ja-palvelut\/pesutupa\/","og_site_name":"KOy Jyrkk\u00e4l\u00e4npolku Turku","article_modified_time":"2023-10-10T08:00:25+00:00","twitter_card":"summary_large_image","twitter_misc":{"Est. reading time":"1 minute"},"schema":{"@context":"https:\/\/schema.org","@graph":[{"@type":"WebPage","@id":"http:\/\/jyrkkala.fi\/asukkaille\/tilat-ja-palvelut\/pesutupa\/","url":"http:\/\/jyrkkala.fi\/asukkaille\/tilat-ja-palvelut\/pesutupa\/","name":"Laundry | KOy Jyrkk\u00e4l\u00e4npolku Turku","isPartOf":{"@id":"https:\/\/jyrkkala.fi\/#website"},"datePublished":"2021-03-30T10:46:19+00:00","dateModified":"2023-10-10T08:00:25+00:00","breadcrumb":{"@id":"http:\/\/jyrkkala.fi\/asukkaille\/tilat-ja-palvelut\/pesutupa\/#breadcrumb"},"inLanguage":"en-US","potentialAction":[{"@type":"ReadAction","target":["http:\/\/jyrkkala.fi\/asukkaille\/tilat-ja-palvelut\/pesutupa\/"]}]},{"@type":"BreadcrumbList","@id":"http:\/\/jyrkkala.fi\/asukkaille\/tilat-ja-palvelut\/pesutupa\/#breadcrumb","itemListElement":[{"@type":"ListItem","position":1,"name":"Home","item":"https:\/\/jyrkkala.fi\/en\/"},{"@type":"ListItem","position":2,"name":"For residents","item":"https:\/\/jyrkkala.fi\/en\/for-residents\/"},{"@type":"ListItem","position":3,"name":"Facilities and services","item":"https:\/\/jyrkkala.fi\/en\/for-residents\/facilities-and-services\/"},{"@type":"ListItem","position":4,"name":"Laundry"}]},{"@type":"WebSite","@id":"https:\/\/jyrkkala.fi\/#website","url":"https:\/\/jyrkkala.fi\/","name":"KOy Jyrkk\u00e4l\u00e4npolku Turku","description":"","potentialAction":[{"@type":"SearchAction","target":{"@type":"EntryPoint","urlTemplate":"https:\/\/jyrkkala.fi\/?s={search_term_string}"},"query-input":{"@type":"PropertyValueSpecification","valueRequired":true,"valueName":"search_term_string"}}],"inLanguage":"en-US"}]}},"_links":{"self":[{"href":"https:\/\/jyrkkala.fi\/en\/wp-json\/wp\/v2\/pages\/3107","targetHints":{"allow":["GET"]}}],"collection":[{"href":"https:\/\/jyrkkala.fi\/en\/wp-json\/wp\/v2\/pages"}],"about":[{"href":"https:\/\/jyrkkala.fi\/en\/wp-json\/wp\/v2\/types\/page"}],"author":[{"embeddable":true,"href":"https:\/\/jyrkkala.fi\/en\/wp-json\/wp\/v2\/users\/12"}],"replies":[{"embeddable":true,"href":"https:\/\/jyrkkala.fi\/en\/wp-json\/wp\/v2\/comments?post=3107"}],"version-history":[{"count":5,"href":"https:\/\/jyrkkala.fi\/en\/wp-json\/wp\/v2\/pages\/3107\/revisions"}],"predecessor-version":[{"id":3531,"href":"https:\/\/jyrkkala.fi\/en\/wp-json\/wp\/v2\/pages\/3107\/revisions\/3531"}],"up":[{"embeddable":true,"href":"https:\/\/jyrkkala.fi\/en\/wp-json\/wp\/v2\/pages\/374"}],"wp:attachment":[{"href":"https:\/\/jyrkkala.fi\/en\/wp-json\/wp\/v2\/media?parent=3107"}],"curies":[{"name":"wp","href":"https:\/\/api.w.org\/{rel}","templated":true}]}}