{"id":3104,"date":"2021-03-30T10:41:46","date_gmt":"2021-03-30T10:41:46","guid":{"rendered":"https:\/\/jyrkkala.dev.sst.fi\/?page_id=3104"},"modified":"2021-04-01T12:29:34","modified_gmt":"2021-04-01T12:29:34","slug":"yard-area","status":"publish","type":"page","link":"https:\/\/jyrkkala.fi\/en\/for-residents\/facilities-and-services\/yard-area\/","title":{"rendered":"Yard area"},"content":{"rendered":"<p>Jyrkk\u00e4l\u00e4\u2019s lush yard area invites residents of every age to spend time outdoors. A peaceful, natural setting makes living pleasant, and the yard is a safe place to spend time.<\/p>\n<h4>Plenty of activities for children<\/h4>\n<p>There is hardly any vehicle traffic in our yards, so you can let children go to the playgrounds with peace of mind. There are always other children to play with in the common playgrounds. Older children and young people will appreciate the nearby roller skating ramp, for example.<\/p>\n<p><img loading=\"lazy\" decoding=\"async\" class=\"size-full wp-image-2893 aligncenter\" src=\"https:\/\/jyrkkala.fi\/content\/uploads\/2021\/03\/jyrkkala_alasivu_kuva_asukkaille_piha2.jpg\" alt=\"\" width=\"640\" height=\"360\" srcset=\"https:\/\/jyrkkala.fi\/content\/uploads\/2021\/03\/jyrkkala_alasivu_kuva_asukkaille_piha2.jpg 640w, https:\/\/jyrkkala.fi\/content\/uploads\/2021\/03\/jyrkkala_alasivu_kuva_asukkaille_piha2-300x169.jpg 300w\" sizes=\"auto, (max-width: 640px) 100vw, 640px\" \/><\/p>\n<h4>Joint pastimes and exercise<\/h4>\n<p>Adults in Jyrkk\u00e4l\u00e4 can spend time on jogging paths or in the dog park, the fitness park and the petanque court. If you want to take a break, it is nice to sit down and have a chat with your neighbour if the weather is good.<\/p>\n<p><img loading=\"lazy\" decoding=\"async\" class=\"size-full wp-image-3050 aligncenter\" src=\"https:\/\/jyrkkala.fi\/content\/uploads\/2021\/03\/jyrkkala_alasivu_kuva_asukkaille_piha3.jpg\" alt=\"\" width=\"640\" height=\"360\" srcset=\"https:\/\/jyrkkala.fi\/content\/uploads\/2021\/03\/jyrkkala_alasivu_kuva_asukkaille_piha3.jpg 640w, https:\/\/jyrkkala.fi\/content\/uploads\/2021\/03\/jyrkkala_alasivu_kuva_asukkaille_piha3-300x169.jpg 300w\" sizes=\"auto, (max-width: 640px) 100vw, 640px\" \/><\/p>\n","protected":false},"excerpt":{"rendered":"<p>Jyrkk\u00e4l\u00e4\u2019s lush yard area invites residents of every age to spend time outdoors. A peaceful, natural setting makes living pleasant, and the yard is a safe place to spend time. Plenty of activities for children There is hardly any vehicle traffic in our yards, so you can let children go to the playgrounds with peace [&hellip;]<\/p>\n","protected":false},"author":12,"featured_media":0,"parent":374,"menu_order":0,"comment_status":"closed","ping_status":"closed","template":"resident-page.php","meta":{"_acf_changed":false,"inline_featured_image":false,"footnotes":""},"class_list":["post-3104","page","type-page","status-publish","hentry"],"acf":[],"yoast_head":"<!-- This site is optimized with the Yoast SEO plugin v27.3 - https:\/\/yoast.com\/product\/yoast-seo-wordpress\/ -->\n<title>Yard area | KOy Jyrkk\u00e4l\u00e4npolku Turku<\/title>\n<meta name=\"robots\" content=\"index, follow, max-snippet:-1, max-image-preview:large, max-video-preview:-1\" \/>\n<link rel=\"canonical\" href=\"http:\/\/jyrkkala.fi\/asukkaille\/tilat-ja-palvelut\/asukkaille-tilat-ja-palvelut-piha-alue\/\" \/>\n<meta property=\"og:locale\" content=\"en_US\" \/>\n<meta property=\"og:type\" content=\"article\" \/>\n<meta property=\"og:title\" content=\"Yard area | KOy Jyrkk\u00e4l\u00e4npolku Turku\" \/>\n<meta property=\"og:description\" content=\"Jyrkk\u00e4l\u00e4\u2019s lush yard area invites residents of every age to spend time outdoors. A peaceful, natural setting makes living pleasant, and the yard is a safe place to spend time. Plenty of activities for children There is hardly any vehicle traffic in our yards, so you can let children go to the playgrounds with peace [&hellip;]\" \/>\n<meta property=\"og:url\" content=\"http:\/\/jyrkkala.fi\/asukkaille\/tilat-ja-palvelut\/asukkaille-tilat-ja-palvelut-piha-alue\/\" \/>\n<meta property=\"og:site_name\" content=\"KOy Jyrkk\u00e4l\u00e4npolku Turku\" \/>\n<meta property=\"article:modified_time\" content=\"2021-04-01T12:29:34+00:00\" \/>\n<meta property=\"og:image\" content=\"https:\/\/jyrkkala.fi\/content\/uploads\/2021\/03\/jyrkkala_alasivu_kuva_asukkaille_piha2.jpg\" \/>\n<meta name=\"twitter:card\" content=\"summary_large_image\" \/>\n<meta name=\"twitter:label1\" content=\"Est. reading time\" \/>\n\t<meta name=\"twitter:data1\" content=\"1 minute\" \/>\n<script type=\"application\/ld+json\" class=\"yoast-schema-graph\">{\"@context\":\"https:\\\/\\\/schema.org\",\"@graph\":[{\"@type\":\"WebPage\",\"@id\":\"http:\\\/\\\/jyrkkala.fi\\\/asukkaille\\\/tilat-ja-palvelut\\\/asukkaille-tilat-ja-palvelut-piha-alue\\\/\",\"url\":\"http:\\\/\\\/jyrkkala.fi\\\/asukkaille\\\/tilat-ja-palvelut\\\/asukkaille-tilat-ja-palvelut-piha-alue\\\/\",\"name\":\"Yard area | KOy Jyrkk\u00e4l\u00e4npolku Turku\",\"isPartOf\":{\"@id\":\"https:\\\/\\\/jyrkkala.fi\\\/#website\"},\"primaryImageOfPage\":{\"@id\":\"http:\\\/\\\/jyrkkala.fi\\\/asukkaille\\\/tilat-ja-palvelut\\\/asukkaille-tilat-ja-palvelut-piha-alue\\\/#primaryimage\"},\"image\":{\"@id\":\"http:\\\/\\\/jyrkkala.fi\\\/asukkaille\\\/tilat-ja-palvelut\\\/asukkaille-tilat-ja-palvelut-piha-alue\\\/#primaryimage\"},\"thumbnailUrl\":\"https:\\\/\\\/jyrkkala.fi\\\/content\\\/uploads\\\/2021\\\/03\\\/jyrkkala_alasivu_kuva_asukkaille_piha2.jpg\",\"datePublished\":\"2021-03-30T10:41:46+00:00\",\"dateModified\":\"2021-04-01T12:29:34+00:00\",\"breadcrumb\":{\"@id\":\"http:\\\/\\\/jyrkkala.fi\\\/asukkaille\\\/tilat-ja-palvelut\\\/asukkaille-tilat-ja-palvelut-piha-alue\\\/#breadcrumb\"},\"inLanguage\":\"en-US\",\"potentialAction\":[{\"@type\":\"ReadAction\",\"target\":[\"http:\\\/\\\/jyrkkala.fi\\\/asukkaille\\\/tilat-ja-palvelut\\\/asukkaille-tilat-ja-palvelut-piha-alue\\\/\"]}]},{\"@type\":\"ImageObject\",\"inLanguage\":\"en-US\",\"@id\":\"http:\\\/\\\/jyrkkala.fi\\\/asukkaille\\\/tilat-ja-palvelut\\\/asukkaille-tilat-ja-palvelut-piha-alue\\\/#primaryimage\",\"url\":\"https:\\\/\\\/jyrkkala.fi\\\/content\\\/uploads\\\/2021\\\/03\\\/jyrkkala_alasivu_kuva_asukkaille_piha2.jpg\",\"contentUrl\":\"https:\\\/\\\/jyrkkala.fi\\\/content\\\/uploads\\\/2021\\\/03\\\/jyrkkala_alasivu_kuva_asukkaille_piha2.jpg\"},{\"@type\":\"BreadcrumbList\",\"@id\":\"http:\\\/\\\/jyrkkala.fi\\\/asukkaille\\\/tilat-ja-palvelut\\\/asukkaille-tilat-ja-palvelut-piha-alue\\\/#breadcrumb\",\"itemListElement\":[{\"@type\":\"ListItem\",\"position\":1,\"name\":\"Home\",\"item\":\"https:\\\/\\\/jyrkkala.fi\\\/en\\\/\"},{\"@type\":\"ListItem\",\"position\":2,\"name\":\"For residents\",\"item\":\"https:\\\/\\\/jyrkkala.fi\\\/en\\\/for-residents\\\/\"},{\"@type\":\"ListItem\",\"position\":3,\"name\":\"Facilities and services\",\"item\":\"https:\\\/\\\/jyrkkala.fi\\\/en\\\/for-residents\\\/facilities-and-services\\\/\"},{\"@type\":\"ListItem\",\"position\":4,\"name\":\"Yard area\"}]},{\"@type\":\"WebSite\",\"@id\":\"https:\\\/\\\/jyrkkala.fi\\\/#website\",\"url\":\"https:\\\/\\\/jyrkkala.fi\\\/\",\"name\":\"KOy Jyrkk\u00e4l\u00e4npolku Turku\",\"description\":\"\",\"potentialAction\":[{\"@type\":\"SearchAction\",\"target\":{\"@type\":\"EntryPoint\",\"urlTemplate\":\"https:\\\/\\\/jyrkkala.fi\\\/?s={search_term_string}\"},\"query-input\":{\"@type\":\"PropertyValueSpecification\",\"valueRequired\":true,\"valueName\":\"search_term_string\"}}],\"inLanguage\":\"en-US\"}]}<\/script>\n<!-- \/ Yoast SEO plugin. -->","yoast_head_json":{"title":"Yard area | KOy Jyrkk\u00e4l\u00e4npolku Turku","robots":{"index":"index","follow":"follow","max-snippet":"max-snippet:-1","max-image-preview":"max-image-preview:large","max-video-preview":"max-video-preview:-1"},"canonical":"http:\/\/jyrkkala.fi\/asukkaille\/tilat-ja-palvelut\/asukkaille-tilat-ja-palvelut-piha-alue\/","og_locale":"en_US","og_type":"article","og_title":"Yard area | KOy Jyrkk\u00e4l\u00e4npolku Turku","og_description":"Jyrkk\u00e4l\u00e4\u2019s lush yard area invites residents of every age to spend time outdoors. A peaceful, natural setting makes living pleasant, and the yard is a safe place to spend time. Plenty of activities for children There is hardly any vehicle traffic in our yards, so you can let children go to the playgrounds with peace [&hellip;]","og_url":"http:\/\/jyrkkala.fi\/asukkaille\/tilat-ja-palvelut\/asukkaille-tilat-ja-palvelut-piha-alue\/","og_site_name":"KOy Jyrkk\u00e4l\u00e4npolku Turku","article_modified_time":"2021-04-01T12:29:34+00:00","og_image":[{"url":"https:\/\/jyrkkala.fi\/content\/uploads\/2021\/03\/jyrkkala_alasivu_kuva_asukkaille_piha2.jpg","type":"","width":"","height":""}],"twitter_card":"summary_large_image","twitter_misc":{"Est. reading time":"1 minute"},"schema":{"@context":"https:\/\/schema.org","@graph":[{"@type":"WebPage","@id":"http:\/\/jyrkkala.fi\/asukkaille\/tilat-ja-palvelut\/asukkaille-tilat-ja-palvelut-piha-alue\/","url":"http:\/\/jyrkkala.fi\/asukkaille\/tilat-ja-palvelut\/asukkaille-tilat-ja-palvelut-piha-alue\/","name":"Yard area | KOy Jyrkk\u00e4l\u00e4npolku Turku","isPartOf":{"@id":"https:\/\/jyrkkala.fi\/#website"},"primaryImageOfPage":{"@id":"http:\/\/jyrkkala.fi\/asukkaille\/tilat-ja-palvelut\/asukkaille-tilat-ja-palvelut-piha-alue\/#primaryimage"},"image":{"@id":"http:\/\/jyrkkala.fi\/asukkaille\/tilat-ja-palvelut\/asukkaille-tilat-ja-palvelut-piha-alue\/#primaryimage"},"thumbnailUrl":"https:\/\/jyrkkala.fi\/content\/uploads\/2021\/03\/jyrkkala_alasivu_kuva_asukkaille_piha2.jpg","datePublished":"2021-03-30T10:41:46+00:00","dateModified":"2021-04-01T12:29:34+00:00","breadcrumb":{"@id":"http:\/\/jyrkkala.fi\/asukkaille\/tilat-ja-palvelut\/asukkaille-tilat-ja-palvelut-piha-alue\/#breadcrumb"},"inLanguage":"en-US","potentialAction":[{"@type":"ReadAction","target":["http:\/\/jyrkkala.fi\/asukkaille\/tilat-ja-palvelut\/asukkaille-tilat-ja-palvelut-piha-alue\/"]}]},{"@type":"ImageObject","inLanguage":"en-US","@id":"http:\/\/jyrkkala.fi\/asukkaille\/tilat-ja-palvelut\/asukkaille-tilat-ja-palvelut-piha-alue\/#primaryimage","url":"https:\/\/jyrkkala.fi\/content\/uploads\/2021\/03\/jyrkkala_alasivu_kuva_asukkaille_piha2.jpg","contentUrl":"https:\/\/jyrkkala.fi\/content\/uploads\/2021\/03\/jyrkkala_alasivu_kuva_asukkaille_piha2.jpg"},{"@type":"BreadcrumbList","@id":"http:\/\/jyrkkala.fi\/asukkaille\/tilat-ja-palvelut\/asukkaille-tilat-ja-palvelut-piha-alue\/#breadcrumb","itemListElement":[{"@type":"ListItem","position":1,"name":"Home","item":"https:\/\/jyrkkala.fi\/en\/"},{"@type":"ListItem","position":2,"name":"For residents","item":"https:\/\/jyrkkala.fi\/en\/for-residents\/"},{"@type":"ListItem","position":3,"name":"Facilities and services","item":"https:\/\/jyrkkala.fi\/en\/for-residents\/facilities-and-services\/"},{"@type":"ListItem","position":4,"name":"Yard area"}]},{"@type":"WebSite","@id":"https:\/\/jyrkkala.fi\/#website","url":"https:\/\/jyrkkala.fi\/","name":"KOy Jyrkk\u00e4l\u00e4npolku Turku","description":"","potentialAction":[{"@type":"SearchAction","target":{"@type":"EntryPoint","urlTemplate":"https:\/\/jyrkkala.fi\/?s={search_term_string}"},"query-input":{"@type":"PropertyValueSpecification","valueRequired":true,"valueName":"search_term_string"}}],"inLanguage":"en-US"}]}},"_links":{"self":[{"href":"https:\/\/jyrkkala.fi\/en\/wp-json\/wp\/v2\/pages\/3104","targetHints":{"allow":["GET"]}}],"collection":[{"href":"https:\/\/jyrkkala.fi\/en\/wp-json\/wp\/v2\/pages"}],"about":[{"href":"https:\/\/jyrkkala.fi\/en\/wp-json\/wp\/v2\/types\/page"}],"author":[{"embeddable":true,"href":"https:\/\/jyrkkala.fi\/en\/wp-json\/wp\/v2\/users\/12"}],"replies":[{"embeddable":true,"href":"https:\/\/jyrkkala.fi\/en\/wp-json\/wp\/v2\/comments?post=3104"}],"version-history":[{"count":2,"href":"https:\/\/jyrkkala.fi\/en\/wp-json\/wp\/v2\/pages\/3104\/revisions"}],"predecessor-version":[{"id":3216,"href":"https:\/\/jyrkkala.fi\/en\/wp-json\/wp\/v2\/pages\/3104\/revisions\/3216"}],"up":[{"embeddable":true,"href":"https:\/\/jyrkkala.fi\/en\/wp-json\/wp\/v2\/pages\/374"}],"wp:attachment":[{"href":"https:\/\/jyrkkala.fi\/en\/wp-json\/wp\/v2\/media?parent=3104"}],"curies":[{"name":"wp","href":"https:\/\/api.w.org\/{rel}","templated":true}]}}