{"id":3092,"date":"2021-03-29T14:43:40","date_gmt":"2021-03-29T14:43:40","guid":{"rendered":"https:\/\/jyrkkala.dev.sst.fi\/?page_id=3092"},"modified":"2021-03-29T14:43:40","modified_gmt":"2021-03-29T14:43:40","slug":"tenant-democracy","status":"publish","type":"page","link":"https:\/\/jyrkkala.fi\/en\/jyrkkala-area\/tenant-democracy\/","title":{"rendered":"Tenant democracy"},"content":{"rendered":"<h1>Tenant democracy<\/h1>\n<p>Tenant democracy plays an important role in the daily life of the Jyrkk\u00e4l\u00e4 residential community and in decision-making. The tenants can actively have their say on common matters. In particular, Jyrkk\u00e4l\u00e4\u2019s strengths are its tenants, their strong sense of solidarity as well as the housing company\u2019s competent staff.<\/p>\n<h4>Jyrkk\u00e4l\u00e4\u2019s tenant committee<\/h4>\n<p>The tenant committee appointed by the tenants acts as a link between the lessor and the tenants. It supervises the tenants\u2019 interests and arranges different types of events. Among others, the tenant committee contributes to any reforms carried out in the area as well as common matters.<\/p>\n<p>Together with the tenant committee, the housing company\u2019s staff work towards ensuring safe, affordable housing. The Jyrkk\u00e4l\u00e4 area is developed continuously in cooperation with the tenants and on the basis of their needs.<\/p>\n<h4>Participate in the activities<\/h4>\n<p>Would you like to participate in the tenant committee\u2019s activities? Contact Jyrkk\u00e4l\u00e4\u2019s office for more information!<\/p>\n<p><a href=\"https:\/\/jyrkkala.fi\/en\/contact-information\/\">Contact information \u00bb<\/a><\/p>\n","protected":false},"excerpt":{"rendered":"<p>Tenant democracy Tenant democracy plays an important role in the daily life of the Jyrkk\u00e4l\u00e4 residential community and in decision-making. The tenants can actively have their say on common matters. In particular, Jyrkk\u00e4l\u00e4\u2019s strengths are its tenants, their strong sense of solidarity as well as the housing company\u2019s competent staff. Jyrkk\u00e4l\u00e4\u2019s tenant committee The tenant [&hellip;]<\/p>\n","protected":false},"author":12,"featured_media":0,"parent":858,"menu_order":0,"comment_status":"closed","ping_status":"closed","template":"","meta":{"_acf_changed":false,"inline_featured_image":false,"footnotes":""},"class_list":["post-3092","page","type-page","status-publish","hentry"],"acf":[],"yoast_head":"<!-- This site is optimized with the Yoast SEO plugin v27.4 - https:\/\/yoast.com\/product\/yoast-seo-wordpress\/ -->\n<title>Tenant democracy | KOy Jyrkk\u00e4l\u00e4npolku Turku<\/title>\n<meta name=\"robots\" content=\"index, follow, max-snippet:-1, max-image-preview:large, max-video-preview:-1\" \/>\n<link rel=\"canonical\" href=\"http:\/\/jyrkkala.fi\/tietoa-alueesta\/asukasdemokratia\/\" \/>\n<meta property=\"og:locale\" content=\"en_US\" \/>\n<meta property=\"og:type\" content=\"article\" \/>\n<meta property=\"og:title\" content=\"Tenant democracy | KOy Jyrkk\u00e4l\u00e4npolku Turku\" \/>\n<meta property=\"og:description\" content=\"Tenant democracy Tenant democracy plays an important role in the daily life of the Jyrkk\u00e4l\u00e4 residential community and in decision-making. The tenants can actively have their say on common matters. In particular, Jyrkk\u00e4l\u00e4\u2019s strengths are its tenants, their strong sense of solidarity as well as the housing company\u2019s competent staff. Jyrkk\u00e4l\u00e4\u2019s tenant committee The tenant [&hellip;]\" \/>\n<meta property=\"og:url\" content=\"http:\/\/jyrkkala.fi\/tietoa-alueesta\/asukasdemokratia\/\" \/>\n<meta property=\"og:site_name\" content=\"KOy Jyrkk\u00e4l\u00e4npolku Turku\" \/>\n<meta name=\"twitter:card\" content=\"summary_large_image\" \/>\n<meta name=\"twitter:label1\" content=\"Est. reading time\" \/>\n\t<meta name=\"twitter:data1\" content=\"1 minute\" \/>\n<script type=\"application\/ld+json\" class=\"yoast-schema-graph\">{\"@context\":\"https:\\\/\\\/schema.org\",\"@graph\":[{\"@type\":\"WebPage\",\"@id\":\"http:\\\/\\\/jyrkkala.fi\\\/tietoa-alueesta\\\/asukasdemokratia\\\/\",\"url\":\"http:\\\/\\\/jyrkkala.fi\\\/tietoa-alueesta\\\/asukasdemokratia\\\/\",\"name\":\"Tenant democracy | KOy Jyrkk\u00e4l\u00e4npolku Turku\",\"isPartOf\":{\"@id\":\"https:\\\/\\\/jyrkkala.fi\\\/#website\"},\"datePublished\":\"2021-03-29T14:43:40+00:00\",\"breadcrumb\":{\"@id\":\"http:\\\/\\\/jyrkkala.fi\\\/tietoa-alueesta\\\/asukasdemokratia\\\/#breadcrumb\"},\"inLanguage\":\"en-US\",\"potentialAction\":[{\"@type\":\"ReadAction\",\"target\":[\"http:\\\/\\\/jyrkkala.fi\\\/tietoa-alueesta\\\/asukasdemokratia\\\/\"]}]},{\"@type\":\"BreadcrumbList\",\"@id\":\"http:\\\/\\\/jyrkkala.fi\\\/tietoa-alueesta\\\/asukasdemokratia\\\/#breadcrumb\",\"itemListElement\":[{\"@type\":\"ListItem\",\"position\":1,\"name\":\"Home\",\"item\":\"https:\\\/\\\/jyrkkala.fi\\\/en\\\/\"},{\"@type\":\"ListItem\",\"position\":2,\"name\":\"The area\",\"item\":\"http:\\\/\\\/jyrkkala.fi\\\/tietoa-alueesta\\\/\"},{\"@type\":\"ListItem\",\"position\":3,\"name\":\"Tenant democracy\"}]},{\"@type\":\"WebSite\",\"@id\":\"https:\\\/\\\/jyrkkala.fi\\\/#website\",\"url\":\"https:\\\/\\\/jyrkkala.fi\\\/\",\"name\":\"KOy Jyrkk\u00e4l\u00e4npolku Turku\",\"description\":\"\",\"potentialAction\":[{\"@type\":\"SearchAction\",\"target\":{\"@type\":\"EntryPoint\",\"urlTemplate\":\"https:\\\/\\\/jyrkkala.fi\\\/?s={search_term_string}\"},\"query-input\":{\"@type\":\"PropertyValueSpecification\",\"valueRequired\":true,\"valueName\":\"search_term_string\"}}],\"inLanguage\":\"en-US\"}]}<\/script>\n<!-- \/ Yoast SEO plugin. -->","yoast_head_json":{"title":"Tenant democracy | KOy Jyrkk\u00e4l\u00e4npolku Turku","robots":{"index":"index","follow":"follow","max-snippet":"max-snippet:-1","max-image-preview":"max-image-preview:large","max-video-preview":"max-video-preview:-1"},"canonical":"http:\/\/jyrkkala.fi\/tietoa-alueesta\/asukasdemokratia\/","og_locale":"en_US","og_type":"article","og_title":"Tenant democracy | KOy Jyrkk\u00e4l\u00e4npolku Turku","og_description":"Tenant democracy Tenant democracy plays an important role in the daily life of the Jyrkk\u00e4l\u00e4 residential community and in decision-making. The tenants can actively have their say on common matters. In particular, Jyrkk\u00e4l\u00e4\u2019s strengths are its tenants, their strong sense of solidarity as well as the housing company\u2019s competent staff. Jyrkk\u00e4l\u00e4\u2019s tenant committee The tenant [&hellip;]","og_url":"http:\/\/jyrkkala.fi\/tietoa-alueesta\/asukasdemokratia\/","og_site_name":"KOy Jyrkk\u00e4l\u00e4npolku Turku","twitter_card":"summary_large_image","twitter_misc":{"Est. reading time":"1 minute"},"schema":{"@context":"https:\/\/schema.org","@graph":[{"@type":"WebPage","@id":"http:\/\/jyrkkala.fi\/tietoa-alueesta\/asukasdemokratia\/","url":"http:\/\/jyrkkala.fi\/tietoa-alueesta\/asukasdemokratia\/","name":"Tenant democracy | KOy Jyrkk\u00e4l\u00e4npolku Turku","isPartOf":{"@id":"https:\/\/jyrkkala.fi\/#website"},"datePublished":"2021-03-29T14:43:40+00:00","breadcrumb":{"@id":"http:\/\/jyrkkala.fi\/tietoa-alueesta\/asukasdemokratia\/#breadcrumb"},"inLanguage":"en-US","potentialAction":[{"@type":"ReadAction","target":["http:\/\/jyrkkala.fi\/tietoa-alueesta\/asukasdemokratia\/"]}]},{"@type":"BreadcrumbList","@id":"http:\/\/jyrkkala.fi\/tietoa-alueesta\/asukasdemokratia\/#breadcrumb","itemListElement":[{"@type":"ListItem","position":1,"name":"Home","item":"https:\/\/jyrkkala.fi\/en\/"},{"@type":"ListItem","position":2,"name":"The area","item":"http:\/\/jyrkkala.fi\/tietoa-alueesta\/"},{"@type":"ListItem","position":3,"name":"Tenant democracy"}]},{"@type":"WebSite","@id":"https:\/\/jyrkkala.fi\/#website","url":"https:\/\/jyrkkala.fi\/","name":"KOy Jyrkk\u00e4l\u00e4npolku Turku","description":"","potentialAction":[{"@type":"SearchAction","target":{"@type":"EntryPoint","urlTemplate":"https:\/\/jyrkkala.fi\/?s={search_term_string}"},"query-input":{"@type":"PropertyValueSpecification","valueRequired":true,"valueName":"search_term_string"}}],"inLanguage":"en-US"}]}},"_links":{"self":[{"href":"https:\/\/jyrkkala.fi\/en\/wp-json\/wp\/v2\/pages\/3092","targetHints":{"allow":["GET"]}}],"collection":[{"href":"https:\/\/jyrkkala.fi\/en\/wp-json\/wp\/v2\/pages"}],"about":[{"href":"https:\/\/jyrkkala.fi\/en\/wp-json\/wp\/v2\/types\/page"}],"author":[{"embeddable":true,"href":"https:\/\/jyrkkala.fi\/en\/wp-json\/wp\/v2\/users\/12"}],"replies":[{"embeddable":true,"href":"https:\/\/jyrkkala.fi\/en\/wp-json\/wp\/v2\/comments?post=3092"}],"version-history":[{"count":1,"href":"https:\/\/jyrkkala.fi\/en\/wp-json\/wp\/v2\/pages\/3092\/revisions"}],"predecessor-version":[{"id":3093,"href":"https:\/\/jyrkkala.fi\/en\/wp-json\/wp\/v2\/pages\/3092\/revisions\/3093"}],"up":[{"embeddable":true,"href":"https:\/\/jyrkkala.fi\/en\/wp-json\/wp\/v2\/pages\/858"}],"wp:attachment":[{"href":"https:\/\/jyrkkala.fi\/en\/wp-json\/wp\/v2\/media?parent=3092"}],"curies":[{"name":"wp","href":"https:\/\/api.w.org\/{rel}","templated":true}]}}