{"id":308,"date":"2019-06-07T07:52:44","date_gmt":"2019-06-07T07:52:44","guid":{"rendered":"https:\/\/jyrkkala.dev.sst.fi\/?page_id=308"},"modified":"2019-06-07T09:59:35","modified_gmt":"2019-06-07T09:59:35","slug":"information-about-applying","status":"publish","type":"page","link":"https:\/\/jyrkkala.fi\/en\/apartments\/information-about-applying\/","title":{"rendered":"Information about applying"},"content":{"rendered":"<p>We aim to create a diverse housing structure and a socially balanced residential area. The choice of residents is based on social responsibility and economic needs. The residents are selected by comparing applicants, with priority given to homeless and other most in need, low-income applicants.<\/p>\n<p><strong>The application<\/strong> is valid for three months and can be renewed with a personal notice.<\/p>\n<p><strong>The right to move to the apartment<\/strong> is secured by signing the rental contract. The keys can be handed over when the deposit and the first month&#8217;s rent are paid in the landlord&#8217;s account.<\/p>\n","protected":false},"excerpt":{"rendered":"<p>We aim to create a diverse housing structure and a socially balanced residential area. The choice of residents is based on social responsibility and economic needs. The residents are selected by comparing applicants, with priority given to homeless and other most in need, low-income applicants. The application is valid for three months and can be [&hellip;]<\/p>\n","protected":false},"author":12,"featured_media":0,"parent":270,"menu_order":0,"comment_status":"closed","ping_status":"closed","template":"apartments-page.php","meta":{"_acf_changed":false,"inline_featured_image":false,"footnotes":""},"class_list":["post-308","page","type-page","status-publish","hentry"],"acf":[],"yoast_head":"<!-- This site is optimized with the Yoast SEO plugin v27.3 - https:\/\/yoast.com\/product\/yoast-seo-wordpress\/ -->\n<title>Information about applying | KOy Jyrkk\u00e4l\u00e4npolku Turku | Find your new home<\/title>\n<meta name=\"description\" content=\"Jyrkk\u00e4l\u00e4 is a cozy residental area close to nature about 5 km from Turku city centre. Here you can read more about the application progress.\" \/>\n<meta name=\"robots\" content=\"index, follow, max-snippet:-1, max-image-preview:large, max-video-preview:-1\" \/>\n<link rel=\"canonical\" href=\"http:\/\/jyrkkala.fi\/vuokra-asunnot\/tietoa-hakemisesta\/\" \/>\n<meta property=\"og:locale\" content=\"en_US\" \/>\n<meta property=\"og:type\" content=\"article\" \/>\n<meta property=\"og:title\" content=\"Information about applying | KOy Jyrkk\u00e4l\u00e4npolku Turku | Find your new home\" \/>\n<meta property=\"og:description\" content=\"Jyrkk\u00e4l\u00e4 is a cozy residental area close to nature about 5 km from Turku city centre. Here you can read more about the application progress.\" \/>\n<meta property=\"og:url\" content=\"http:\/\/jyrkkala.fi\/vuokra-asunnot\/tietoa-hakemisesta\/\" \/>\n<meta property=\"og:site_name\" content=\"KOy Jyrkk\u00e4l\u00e4npolku Turku\" \/>\n<meta property=\"article:modified_time\" content=\"2019-06-07T09:59:35+00:00\" \/>\n<meta name=\"twitter:card\" content=\"summary_large_image\" \/>\n<script type=\"application\/ld+json\" class=\"yoast-schema-graph\">{\"@context\":\"https:\\\/\\\/schema.org\",\"@graph\":[{\"@type\":\"WebPage\",\"@id\":\"http:\\\/\\\/jyrkkala.fi\\\/vuokra-asunnot\\\/tietoa-hakemisesta\\\/\",\"url\":\"http:\\\/\\\/jyrkkala.fi\\\/vuokra-asunnot\\\/tietoa-hakemisesta\\\/\",\"name\":\"Information about applying | KOy Jyrkk\u00e4l\u00e4npolku Turku | Find your new home\",\"isPartOf\":{\"@id\":\"https:\\\/\\\/jyrkkala.fi\\\/#website\"},\"datePublished\":\"2019-06-07T07:52:44+00:00\",\"dateModified\":\"2019-06-07T09:59:35+00:00\",\"description\":\"Jyrkk\u00e4l\u00e4 is a cozy residental area close to nature about 5 km from Turku city centre. Here you can read more about the application progress.\",\"breadcrumb\":{\"@id\":\"http:\\\/\\\/jyrkkala.fi\\\/vuokra-asunnot\\\/tietoa-hakemisesta\\\/#breadcrumb\"},\"inLanguage\":\"en-US\",\"potentialAction\":[{\"@type\":\"ReadAction\",\"target\":[\"http:\\\/\\\/jyrkkala.fi\\\/vuokra-asunnot\\\/tietoa-hakemisesta\\\/\"]}]},{\"@type\":\"BreadcrumbList\",\"@id\":\"http:\\\/\\\/jyrkkala.fi\\\/vuokra-asunnot\\\/tietoa-hakemisesta\\\/#breadcrumb\",\"itemListElement\":[{\"@type\":\"ListItem\",\"position\":1,\"name\":\"Home\",\"item\":\"https:\\\/\\\/jyrkkala.fi\\\/en\\\/\"},{\"@type\":\"ListItem\",\"position\":2,\"name\":\"Find your new home\",\"item\":\"https:\\\/\\\/www.jyrkkala.fi\\\/en\\\/apartments\\\/\"},{\"@type\":\"ListItem\",\"position\":3,\"name\":\"Information about applying\"}]},{\"@type\":\"WebSite\",\"@id\":\"https:\\\/\\\/jyrkkala.fi\\\/#website\",\"url\":\"https:\\\/\\\/jyrkkala.fi\\\/\",\"name\":\"KOy Jyrkk\u00e4l\u00e4npolku Turku\",\"description\":\"\",\"potentialAction\":[{\"@type\":\"SearchAction\",\"target\":{\"@type\":\"EntryPoint\",\"urlTemplate\":\"https:\\\/\\\/jyrkkala.fi\\\/?s={search_term_string}\"},\"query-input\":{\"@type\":\"PropertyValueSpecification\",\"valueRequired\":true,\"valueName\":\"search_term_string\"}}],\"inLanguage\":\"en-US\"}]}<\/script>\n<!-- \/ Yoast SEO plugin. -->","yoast_head_json":{"title":"Information about applying | KOy Jyrkk\u00e4l\u00e4npolku Turku | Find your new home","description":"Jyrkk\u00e4l\u00e4 is a cozy residental area close to nature about 5 km from Turku city centre. Here you can read more about the application progress.","robots":{"index":"index","follow":"follow","max-snippet":"max-snippet:-1","max-image-preview":"max-image-preview:large","max-video-preview":"max-video-preview:-1"},"canonical":"http:\/\/jyrkkala.fi\/vuokra-asunnot\/tietoa-hakemisesta\/","og_locale":"en_US","og_type":"article","og_title":"Information about applying | KOy Jyrkk\u00e4l\u00e4npolku Turku | Find your new home","og_description":"Jyrkk\u00e4l\u00e4 is a cozy residental area close to nature about 5 km from Turku city centre. Here you can read more about the application progress.","og_url":"http:\/\/jyrkkala.fi\/vuokra-asunnot\/tietoa-hakemisesta\/","og_site_name":"KOy Jyrkk\u00e4l\u00e4npolku Turku","article_modified_time":"2019-06-07T09:59:35+00:00","twitter_card":"summary_large_image","schema":{"@context":"https:\/\/schema.org","@graph":[{"@type":"WebPage","@id":"http:\/\/jyrkkala.fi\/vuokra-asunnot\/tietoa-hakemisesta\/","url":"http:\/\/jyrkkala.fi\/vuokra-asunnot\/tietoa-hakemisesta\/","name":"Information about applying | KOy Jyrkk\u00e4l\u00e4npolku Turku | Find your new home","isPartOf":{"@id":"https:\/\/jyrkkala.fi\/#website"},"datePublished":"2019-06-07T07:52:44+00:00","dateModified":"2019-06-07T09:59:35+00:00","description":"Jyrkk\u00e4l\u00e4 is a cozy residental area close to nature about 5 km from Turku city centre. Here you can read more about the application progress.","breadcrumb":{"@id":"http:\/\/jyrkkala.fi\/vuokra-asunnot\/tietoa-hakemisesta\/#breadcrumb"},"inLanguage":"en-US","potentialAction":[{"@type":"ReadAction","target":["http:\/\/jyrkkala.fi\/vuokra-asunnot\/tietoa-hakemisesta\/"]}]},{"@type":"BreadcrumbList","@id":"http:\/\/jyrkkala.fi\/vuokra-asunnot\/tietoa-hakemisesta\/#breadcrumb","itemListElement":[{"@type":"ListItem","position":1,"name":"Home","item":"https:\/\/jyrkkala.fi\/en\/"},{"@type":"ListItem","position":2,"name":"Find your new home","item":"https:\/\/www.jyrkkala.fi\/en\/apartments\/"},{"@type":"ListItem","position":3,"name":"Information about applying"}]},{"@type":"WebSite","@id":"https:\/\/jyrkkala.fi\/#website","url":"https:\/\/jyrkkala.fi\/","name":"KOy Jyrkk\u00e4l\u00e4npolku Turku","description":"","potentialAction":[{"@type":"SearchAction","target":{"@type":"EntryPoint","urlTemplate":"https:\/\/jyrkkala.fi\/?s={search_term_string}"},"query-input":{"@type":"PropertyValueSpecification","valueRequired":true,"valueName":"search_term_string"}}],"inLanguage":"en-US"}]}},"_links":{"self":[{"href":"https:\/\/jyrkkala.fi\/en\/wp-json\/wp\/v2\/pages\/308","targetHints":{"allow":["GET"]}}],"collection":[{"href":"https:\/\/jyrkkala.fi\/en\/wp-json\/wp\/v2\/pages"}],"about":[{"href":"https:\/\/jyrkkala.fi\/en\/wp-json\/wp\/v2\/types\/page"}],"author":[{"embeddable":true,"href":"https:\/\/jyrkkala.fi\/en\/wp-json\/wp\/v2\/users\/12"}],"replies":[{"embeddable":true,"href":"https:\/\/jyrkkala.fi\/en\/wp-json\/wp\/v2\/comments?post=308"}],"version-history":[{"count":3,"href":"https:\/\/jyrkkala.fi\/en\/wp-json\/wp\/v2\/pages\/308\/revisions"}],"predecessor-version":[{"id":311,"href":"https:\/\/jyrkkala.fi\/en\/wp-json\/wp\/v2\/pages\/308\/revisions\/311"}],"up":[{"embeddable":true,"href":"https:\/\/jyrkkala.fi\/en\/wp-json\/wp\/v2\/pages\/270"}],"wp:attachment":[{"href":"https:\/\/jyrkkala.fi\/en\/wp-json\/wp\/v2\/media?parent=308"}],"curies":[{"name":"wp","href":"https:\/\/api.w.org\/{rel}","templated":true}]}}