{"id":270,"date":"2019-06-07T06:15:58","date_gmt":"2019-06-07T06:15:58","guid":{"rendered":"https:\/\/jyrkkala.dev.sst.fi\/?page_id=270"},"modified":"2025-12-29T15:59:02","modified_gmt":"2025-12-29T15:59:02","slug":"apartments","status":"publish","type":"page","link":"https:\/\/jyrkkala.fi\/en\/apartments\/","title":{"rendered":"Find your new home"},"content":{"rendered":"<p>Are you moving alone, as a couple or with the whole family? In Jyrkk\u00e4l\u00e4, Turku you can find a suitable home for any life situation. Comfortable rental apartments and living close to nature with good connections to Turku city center make the new apartment feel like home from the very beginning.<\/p>\n<p>Explore the area&#8217;s houses and free apartments by clicking on the map. The cozy homes of Jyrkk\u00e4l\u00e4 are waiting for you!<\/p>\n<h4>Rental apartments online<\/h4>\n<p>All vacant apartments may not yet be posted on the site. You can ask if there are any apartments available from our <a href=\"https:\/\/jyrkkala.fi\/en\/contact-us\/\"><span style=\"color: #000000;\">customer service \u00bb<\/span><\/a><\/p>\n<h4>Application<\/h4>\n<p>With one apartment application, you can also apply to all houses in the area at once by selecting &#8220;all houses&#8221; on the search page. The application is valid for 3 months and can be renewed with a personal notice.<\/p>\n<p><a href=\"https:\/\/jyrkkala.fi\/en\/apartments\/information-about-applying\/\">Information about applying \u00bb<\/a><\/p>\n<p><a href=\"https:\/\/jyrkkala.fi\/en\/apartments\/apartment-application\/\" data-wplink-edit=\"true\"><span style=\"color: #000000;\">Apply for a home \u00bb\u00a0<\/span><\/a><\/p>\n","protected":false},"excerpt":{"rendered":"<p>Are you moving alone, as a couple or with the whole family? In Jyrkk\u00e4l\u00e4, Turku you can find a suitable home for any life situation. Comfortable rental apartments and living close to nature with good connections to Turku city center make the new apartment feel like home from the very beginning. Explore the area&#8217;s houses [&hellip;]<\/p>\n","protected":false},"author":12,"featured_media":0,"parent":0,"menu_order":0,"comment_status":"closed","ping_status":"closed","template":"apartments-page.php","meta":{"_acf_changed":false,"inline_featured_image":false,"footnotes":""},"class_list":["post-270","page","type-page","status-publish","hentry"],"acf":[],"yoast_head":"<!-- This site is optimized with the Yoast SEO plugin v27.3 - https:\/\/yoast.com\/product\/yoast-seo-wordpress\/ -->\n<title>Find your new home | KOy Jyrkk\u00e4l\u00e4npolku Turku | Find your new home<\/title>\n<meta name=\"description\" content=\"Jyrkk\u00e4l\u00e4 is a cozy residental area close to nature about 5 km from Turku city centre. Check out our available apartments!\" \/>\n<meta name=\"robots\" content=\"index, follow, max-snippet:-1, max-image-preview:large, max-video-preview:-1\" \/>\n<link rel=\"canonical\" href=\"https:\/\/www.jyrkkala.fi\/en\/apartments\/\" \/>\n<meta property=\"og:locale\" content=\"en_US\" \/>\n<meta property=\"og:type\" content=\"article\" \/>\n<meta property=\"og:title\" content=\"Find your new home | KOy Jyrkk\u00e4l\u00e4npolku Turku | Find your new home\" \/>\n<meta property=\"og:description\" content=\"Jyrkk\u00e4l\u00e4 is a cozy residental area close to nature about 5 km from Turku city centre. Check out our available apartments!\" \/>\n<meta property=\"og:url\" content=\"https:\/\/www.jyrkkala.fi\/en\/apartments\/\" \/>\n<meta property=\"og:site_name\" content=\"KOy Jyrkk\u00e4l\u00e4npolku Turku\" \/>\n<meta property=\"article:modified_time\" content=\"2025-12-29T15:59:02+00:00\" \/>\n<meta name=\"twitter:card\" content=\"summary_large_image\" \/>\n<meta name=\"twitter:label1\" content=\"Est. reading time\" \/>\n\t<meta name=\"twitter:data1\" content=\"1 minute\" \/>\n<script type=\"application\/ld+json\" class=\"yoast-schema-graph\">{\"@context\":\"https:\\\/\\\/schema.org\",\"@graph\":[{\"@type\":\"WebPage\",\"@id\":\"https:\\\/\\\/www.jyrkkala.fi\\\/en\\\/apartments\\\/\",\"url\":\"https:\\\/\\\/www.jyrkkala.fi\\\/en\\\/apartments\\\/\",\"name\":\"Find your new home | KOy Jyrkk\u00e4l\u00e4npolku Turku | Find your new home\",\"isPartOf\":{\"@id\":\"https:\\\/\\\/jyrkkala.fi\\\/#website\"},\"datePublished\":\"2019-06-07T06:15:58+00:00\",\"dateModified\":\"2025-12-29T15:59:02+00:00\",\"description\":\"Jyrkk\u00e4l\u00e4 is a cozy residental area close to nature about 5 km from Turku city centre. Check out our available apartments!\",\"breadcrumb\":{\"@id\":\"https:\\\/\\\/www.jyrkkala.fi\\\/en\\\/apartments\\\/#breadcrumb\"},\"inLanguage\":\"en-US\",\"potentialAction\":[{\"@type\":\"ReadAction\",\"target\":[\"https:\\\/\\\/www.jyrkkala.fi\\\/en\\\/apartments\\\/\"]}]},{\"@type\":\"BreadcrumbList\",\"@id\":\"https:\\\/\\\/www.jyrkkala.fi\\\/en\\\/apartments\\\/#breadcrumb\",\"itemListElement\":[{\"@type\":\"ListItem\",\"position\":1,\"name\":\"Home\",\"item\":\"https:\\\/\\\/jyrkkala.fi\\\/en\\\/\"},{\"@type\":\"ListItem\",\"position\":2,\"name\":\"Find your new home\"}]},{\"@type\":\"WebSite\",\"@id\":\"https:\\\/\\\/jyrkkala.fi\\\/#website\",\"url\":\"https:\\\/\\\/jyrkkala.fi\\\/\",\"name\":\"KOy Jyrkk\u00e4l\u00e4npolku Turku\",\"description\":\"\",\"potentialAction\":[{\"@type\":\"SearchAction\",\"target\":{\"@type\":\"EntryPoint\",\"urlTemplate\":\"https:\\\/\\\/jyrkkala.fi\\\/?s={search_term_string}\"},\"query-input\":{\"@type\":\"PropertyValueSpecification\",\"valueRequired\":true,\"valueName\":\"search_term_string\"}}],\"inLanguage\":\"en-US\"}]}<\/script>\n<!-- \/ Yoast SEO plugin. -->","yoast_head_json":{"title":"Find your new home | KOy Jyrkk\u00e4l\u00e4npolku Turku | Find your new home","description":"Jyrkk\u00e4l\u00e4 is a cozy residental area close to nature about 5 km from Turku city centre. Check out our available apartments!","robots":{"index":"index","follow":"follow","max-snippet":"max-snippet:-1","max-image-preview":"max-image-preview:large","max-video-preview":"max-video-preview:-1"},"canonical":"https:\/\/www.jyrkkala.fi\/en\/apartments\/","og_locale":"en_US","og_type":"article","og_title":"Find your new home | KOy Jyrkk\u00e4l\u00e4npolku Turku | Find your new home","og_description":"Jyrkk\u00e4l\u00e4 is a cozy residental area close to nature about 5 km from Turku city centre. Check out our available apartments!","og_url":"https:\/\/www.jyrkkala.fi\/en\/apartments\/","og_site_name":"KOy Jyrkk\u00e4l\u00e4npolku Turku","article_modified_time":"2025-12-29T15:59:02+00:00","twitter_card":"summary_large_image","twitter_misc":{"Est. reading time":"1 minute"},"schema":{"@context":"https:\/\/schema.org","@graph":[{"@type":"WebPage","@id":"https:\/\/www.jyrkkala.fi\/en\/apartments\/","url":"https:\/\/www.jyrkkala.fi\/en\/apartments\/","name":"Find your new home | KOy Jyrkk\u00e4l\u00e4npolku Turku | Find your new home","isPartOf":{"@id":"https:\/\/jyrkkala.fi\/#website"},"datePublished":"2019-06-07T06:15:58+00:00","dateModified":"2025-12-29T15:59:02+00:00","description":"Jyrkk\u00e4l\u00e4 is a cozy residental area close to nature about 5 km from Turku city centre. Check out our available apartments!","breadcrumb":{"@id":"https:\/\/www.jyrkkala.fi\/en\/apartments\/#breadcrumb"},"inLanguage":"en-US","potentialAction":[{"@type":"ReadAction","target":["https:\/\/www.jyrkkala.fi\/en\/apartments\/"]}]},{"@type":"BreadcrumbList","@id":"https:\/\/www.jyrkkala.fi\/en\/apartments\/#breadcrumb","itemListElement":[{"@type":"ListItem","position":1,"name":"Home","item":"https:\/\/jyrkkala.fi\/en\/"},{"@type":"ListItem","position":2,"name":"Find your new home"}]},{"@type":"WebSite","@id":"https:\/\/jyrkkala.fi\/#website","url":"https:\/\/jyrkkala.fi\/","name":"KOy Jyrkk\u00e4l\u00e4npolku Turku","description":"","potentialAction":[{"@type":"SearchAction","target":{"@type":"EntryPoint","urlTemplate":"https:\/\/jyrkkala.fi\/?s={search_term_string}"},"query-input":{"@type":"PropertyValueSpecification","valueRequired":true,"valueName":"search_term_string"}}],"inLanguage":"en-US"}]}},"_links":{"self":[{"href":"https:\/\/jyrkkala.fi\/en\/wp-json\/wp\/v2\/pages\/270","targetHints":{"allow":["GET"]}}],"collection":[{"href":"https:\/\/jyrkkala.fi\/en\/wp-json\/wp\/v2\/pages"}],"about":[{"href":"https:\/\/jyrkkala.fi\/en\/wp-json\/wp\/v2\/types\/page"}],"author":[{"embeddable":true,"href":"https:\/\/jyrkkala.fi\/en\/wp-json\/wp\/v2\/users\/12"}],"replies":[{"embeddable":true,"href":"https:\/\/jyrkkala.fi\/en\/wp-json\/wp\/v2\/comments?post=270"}],"version-history":[{"count":13,"href":"https:\/\/jyrkkala.fi\/en\/wp-json\/wp\/v2\/pages\/270\/revisions"}],"predecessor-version":[{"id":4173,"href":"https:\/\/jyrkkala.fi\/en\/wp-json\/wp\/v2\/pages\/270\/revisions\/4173"}],"wp:attachment":[{"href":"https:\/\/jyrkkala.fi\/en\/wp-json\/wp\/v2\/media?parent=270"}],"curies":[{"name":"wp","href":"https:\/\/api.w.org\/{rel}","templated":true}]}}