{"id":265,"date":"2019-06-06T13:30:48","date_gmt":"2019-06-06T13:30:48","guid":{"rendered":"https:\/\/jyrkkala.dev.sst.fi\/?page_id=265"},"modified":"2026-03-31T10:16:08","modified_gmt":"2026-03-31T10:16:08","slug":"forms","status":"publish","type":"page","link":"https:\/\/jyrkkala.fi\/en\/for-residents\/forms\/","title":{"rendered":"Forms"},"content":{"rendered":"<p>On this page you can find all the forms important to the residents.<\/p>\n<p><a href=\"https:\/\/jyrkkala.fi\/en\/for-residents\/forms\/child-notice\/\">Child notice \u00bb<\/a><\/p>\n<p><a href=\"https:\/\/jyrkkala.fi\/en\/for-residents\/forms\/update-your-contact-information\/\">Contact information update \u00bb<\/a><\/p>\n<p><a href=\"https:\/\/jyrkkala.fi\/en\/for-residents\/forms\/change-of-name\/\">Change of name \u00bb<\/a><\/p>\n<p><a href=\"https:\/\/www.jyrkkala.fi\/en\/for-residents\/forms\/defect-notice\/\">Service Request \u00bb<\/a><\/p>\n<p><a href=\"https:\/\/jyrkkala.fi\/en\/for-residents\/forms\/disturbance-notice\/\">Disturbance notice \u00bb<\/a><\/p>\n<p><a href=\"https:\/\/www.jyrkkala.fi\/en\/for-residents\/forms\/the-power-of-attorney\/\">The power of attorney \u00bb<\/a><\/p>\n<p><a href=\"https:\/\/www.jyrkkala.fi\/en\/for-residents\/forms\/termination-of-parking-space\/\">Termination of parking space \u00bb<\/a><\/p>\n<p><a href=\"https:\/\/www.jyrkkala.fi\/en\/for-residents\/forms\/termination-of-storage-space\/\">Termination of storage space \u00bb<\/a><\/p>\n<p><a href=\"https:\/\/jyrkkala.fi\/en\/for-residents\/forms\/termination-of-rental-contract\/\">Termination of rental contract \u00bb<\/a><\/p>\n<p><a href=\"https:\/\/jyrkkala.fi\/en\/for-residents\/forms\/departure-notice\/\">Departure notice \u00bb<\/a><\/p>\n","protected":false},"excerpt":{"rendered":"<p>On this page you can find all the forms important to the residents. Child notice \u00bb Contact information update \u00bb Change of name \u00bb Service Request \u00bb Disturbance notice \u00bb The power of attorney \u00bb Termination of parking space \u00bb Termination of storage space \u00bb Termination of rental contract \u00bb Departure notice \u00bb<\/p>\n","protected":false},"author":12,"featured_media":1928,"parent":165,"menu_order":0,"comment_status":"closed","ping_status":"closed","template":"resident-page.php","meta":{"_acf_changed":false,"inline_featured_image":false,"footnotes":""},"class_list":["post-265","page","type-page","status-publish","has-post-thumbnail","hentry"],"acf":[],"yoast_head":"<!-- This site is optimized with the Yoast SEO plugin v27.3 - https:\/\/yoast.com\/product\/yoast-seo-wordpress\/ -->\n<title>Forms | KOy Jyrkk\u00e4l\u00e4npolku Turku | Contact us<\/title>\n<meta name=\"description\" content=\"Jyrkk\u00e4l\u00e4 is a cozy residental area close to nature about 5 km from Turku city centre. On this page you can find all the forms important to the residents.\" \/>\n<meta name=\"robots\" content=\"index, follow, max-snippet:-1, max-image-preview:large, max-video-preview:-1\" \/>\n<link rel=\"canonical\" href=\"https:\/\/jyrkkala.fi\/en\/for-residents\/forms\/\" \/>\n<meta property=\"og:locale\" content=\"en_US\" \/>\n<meta property=\"og:type\" content=\"article\" \/>\n<meta property=\"og:title\" content=\"Forms | KOy Jyrkk\u00e4l\u00e4npolku Turku | Contact us\" \/>\n<meta property=\"og:description\" content=\"Jyrkk\u00e4l\u00e4 is a cozy residental area close to nature about 5 km from Turku city centre. On this page you can find all the forms important to the residents.\" \/>\n<meta property=\"og:url\" content=\"https:\/\/jyrkkala.fi\/en\/for-residents\/forms\/\" \/>\n<meta property=\"og:site_name\" content=\"KOy Jyrkk\u00e4l\u00e4npolku Turku\" \/>\n<meta property=\"article:modified_time\" content=\"2026-03-31T10:16:08+00:00\" \/>\n<meta property=\"og:image\" content=\"https:\/\/jyrkkala.fi\/content\/uploads\/2019\/06\/jyrkkala_825x510px_5.jpg\" \/>\n\t<meta property=\"og:image:width\" content=\"825\" \/>\n\t<meta property=\"og:image:height\" content=\"510\" \/>\n\t<meta property=\"og:image:type\" content=\"image\/jpeg\" \/>\n<meta name=\"twitter:card\" content=\"summary_large_image\" \/>\n<meta name=\"twitter:label1\" content=\"Est. reading time\" \/>\n\t<meta name=\"twitter:data1\" content=\"1 minute\" \/>\n<script type=\"application\/ld+json\" class=\"yoast-schema-graph\">{\"@context\":\"https:\\\/\\\/schema.org\",\"@graph\":[{\"@type\":\"WebPage\",\"@id\":\"https:\\\/\\\/jyrkkala.fi\\\/en\\\/for-residents\\\/forms\\\/\",\"url\":\"https:\\\/\\\/jyrkkala.fi\\\/en\\\/for-residents\\\/forms\\\/\",\"name\":\"Forms | KOy Jyrkk\u00e4l\u00e4npolku Turku | Contact us\",\"isPartOf\":{\"@id\":\"https:\\\/\\\/jyrkkala.fi\\\/#website\"},\"primaryImageOfPage\":{\"@id\":\"https:\\\/\\\/jyrkkala.fi\\\/en\\\/for-residents\\\/forms\\\/#primaryimage\"},\"image\":{\"@id\":\"https:\\\/\\\/jyrkkala.fi\\\/en\\\/for-residents\\\/forms\\\/#primaryimage\"},\"thumbnailUrl\":\"https:\\\/\\\/jyrkkala.fi\\\/content\\\/uploads\\\/2019\\\/06\\\/jyrkkala_825x510px_5.jpg\",\"datePublished\":\"2019-06-06T13:30:48+00:00\",\"dateModified\":\"2026-03-31T10:16:08+00:00\",\"description\":\"Jyrkk\u00e4l\u00e4 is a cozy residental area close to nature about 5 km from Turku city centre. On this page you can find all the forms important to the residents.\",\"breadcrumb\":{\"@id\":\"https:\\\/\\\/jyrkkala.fi\\\/en\\\/for-residents\\\/forms\\\/#breadcrumb\"},\"inLanguage\":\"en-US\",\"potentialAction\":[{\"@type\":\"ReadAction\",\"target\":[\"https:\\\/\\\/jyrkkala.fi\\\/en\\\/for-residents\\\/forms\\\/\"]}]},{\"@type\":\"ImageObject\",\"inLanguage\":\"en-US\",\"@id\":\"https:\\\/\\\/jyrkkala.fi\\\/en\\\/for-residents\\\/forms\\\/#primaryimage\",\"url\":\"https:\\\/\\\/jyrkkala.fi\\\/content\\\/uploads\\\/2019\\\/06\\\/jyrkkala_825x510px_5.jpg\",\"contentUrl\":\"https:\\\/\\\/jyrkkala.fi\\\/content\\\/uploads\\\/2019\\\/06\\\/jyrkkala_825x510px_5.jpg\",\"width\":825,\"height\":510,\"caption\":\"Asukkaiden yhteinen kerhotila Jyrkk\u00e4l\u00e4ss\u00e4 Turussa\"},{\"@type\":\"BreadcrumbList\",\"@id\":\"https:\\\/\\\/jyrkkala.fi\\\/en\\\/for-residents\\\/forms\\\/#breadcrumb\",\"itemListElement\":[{\"@type\":\"ListItem\",\"position\":1,\"name\":\"Home\",\"item\":\"https:\\\/\\\/jyrkkala.fi\\\/en\\\/\"},{\"@type\":\"ListItem\",\"position\":2,\"name\":\"For residents\",\"item\":\"https:\\\/\\\/jyrkkala.fi\\\/en\\\/for-residents\\\/\"},{\"@type\":\"ListItem\",\"position\":3,\"name\":\"Forms\"}]},{\"@type\":\"WebSite\",\"@id\":\"https:\\\/\\\/jyrkkala.fi\\\/#website\",\"url\":\"https:\\\/\\\/jyrkkala.fi\\\/\",\"name\":\"KOy Jyrkk\u00e4l\u00e4npolku Turku\",\"description\":\"\",\"potentialAction\":[{\"@type\":\"SearchAction\",\"target\":{\"@type\":\"EntryPoint\",\"urlTemplate\":\"https:\\\/\\\/jyrkkala.fi\\\/?s={search_term_string}\"},\"query-input\":{\"@type\":\"PropertyValueSpecification\",\"valueRequired\":true,\"valueName\":\"search_term_string\"}}],\"inLanguage\":\"en-US\"}]}<\/script>\n<!-- \/ Yoast SEO plugin. -->","yoast_head_json":{"title":"Forms | KOy Jyrkk\u00e4l\u00e4npolku Turku | Contact us","description":"Jyrkk\u00e4l\u00e4 is a cozy residental area close to nature about 5 km from Turku city centre. On this page you can find all the forms important to the residents.","robots":{"index":"index","follow":"follow","max-snippet":"max-snippet:-1","max-image-preview":"max-image-preview:large","max-video-preview":"max-video-preview:-1"},"canonical":"https:\/\/jyrkkala.fi\/en\/for-residents\/forms\/","og_locale":"en_US","og_type":"article","og_title":"Forms | KOy Jyrkk\u00e4l\u00e4npolku Turku | Contact us","og_description":"Jyrkk\u00e4l\u00e4 is a cozy residental area close to nature about 5 km from Turku city centre. On this page you can find all the forms important to the residents.","og_url":"https:\/\/jyrkkala.fi\/en\/for-residents\/forms\/","og_site_name":"KOy Jyrkk\u00e4l\u00e4npolku Turku","article_modified_time":"2026-03-31T10:16:08+00:00","og_image":[{"width":825,"height":510,"url":"https:\/\/jyrkkala.fi\/content\/uploads\/2019\/06\/jyrkkala_825x510px_5.jpg","type":"image\/jpeg"}],"twitter_card":"summary_large_image","twitter_misc":{"Est. reading time":"1 minute"},"schema":{"@context":"https:\/\/schema.org","@graph":[{"@type":"WebPage","@id":"https:\/\/jyrkkala.fi\/en\/for-residents\/forms\/","url":"https:\/\/jyrkkala.fi\/en\/for-residents\/forms\/","name":"Forms | KOy Jyrkk\u00e4l\u00e4npolku Turku | Contact us","isPartOf":{"@id":"https:\/\/jyrkkala.fi\/#website"},"primaryImageOfPage":{"@id":"https:\/\/jyrkkala.fi\/en\/for-residents\/forms\/#primaryimage"},"image":{"@id":"https:\/\/jyrkkala.fi\/en\/for-residents\/forms\/#primaryimage"},"thumbnailUrl":"https:\/\/jyrkkala.fi\/content\/uploads\/2019\/06\/jyrkkala_825x510px_5.jpg","datePublished":"2019-06-06T13:30:48+00:00","dateModified":"2026-03-31T10:16:08+00:00","description":"Jyrkk\u00e4l\u00e4 is a cozy residental area close to nature about 5 km from Turku city centre. On this page you can find all the forms important to the residents.","breadcrumb":{"@id":"https:\/\/jyrkkala.fi\/en\/for-residents\/forms\/#breadcrumb"},"inLanguage":"en-US","potentialAction":[{"@type":"ReadAction","target":["https:\/\/jyrkkala.fi\/en\/for-residents\/forms\/"]}]},{"@type":"ImageObject","inLanguage":"en-US","@id":"https:\/\/jyrkkala.fi\/en\/for-residents\/forms\/#primaryimage","url":"https:\/\/jyrkkala.fi\/content\/uploads\/2019\/06\/jyrkkala_825x510px_5.jpg","contentUrl":"https:\/\/jyrkkala.fi\/content\/uploads\/2019\/06\/jyrkkala_825x510px_5.jpg","width":825,"height":510,"caption":"Asukkaiden yhteinen kerhotila Jyrkk\u00e4l\u00e4ss\u00e4 Turussa"},{"@type":"BreadcrumbList","@id":"https:\/\/jyrkkala.fi\/en\/for-residents\/forms\/#breadcrumb","itemListElement":[{"@type":"ListItem","position":1,"name":"Home","item":"https:\/\/jyrkkala.fi\/en\/"},{"@type":"ListItem","position":2,"name":"For residents","item":"https:\/\/jyrkkala.fi\/en\/for-residents\/"},{"@type":"ListItem","position":3,"name":"Forms"}]},{"@type":"WebSite","@id":"https:\/\/jyrkkala.fi\/#website","url":"https:\/\/jyrkkala.fi\/","name":"KOy Jyrkk\u00e4l\u00e4npolku Turku","description":"","potentialAction":[{"@type":"SearchAction","target":{"@type":"EntryPoint","urlTemplate":"https:\/\/jyrkkala.fi\/?s={search_term_string}"},"query-input":{"@type":"PropertyValueSpecification","valueRequired":true,"valueName":"search_term_string"}}],"inLanguage":"en-US"}]}},"_links":{"self":[{"href":"https:\/\/jyrkkala.fi\/en\/wp-json\/wp\/v2\/pages\/265","targetHints":{"allow":["GET"]}}],"collection":[{"href":"https:\/\/jyrkkala.fi\/en\/wp-json\/wp\/v2\/pages"}],"about":[{"href":"https:\/\/jyrkkala.fi\/en\/wp-json\/wp\/v2\/types\/page"}],"author":[{"embeddable":true,"href":"https:\/\/jyrkkala.fi\/en\/wp-json\/wp\/v2\/users\/12"}],"replies":[{"embeddable":true,"href":"https:\/\/jyrkkala.fi\/en\/wp-json\/wp\/v2\/comments?post=265"}],"version-history":[{"count":12,"href":"https:\/\/jyrkkala.fi\/en\/wp-json\/wp\/v2\/pages\/265\/revisions"}],"predecessor-version":[{"id":4523,"href":"https:\/\/jyrkkala.fi\/en\/wp-json\/wp\/v2\/pages\/265\/revisions\/4523"}],"up":[{"embeddable":true,"href":"https:\/\/jyrkkala.fi\/en\/wp-json\/wp\/v2\/pages\/165"}],"wp:featuredmedia":[{"embeddable":true,"href":"https:\/\/jyrkkala.fi\/en\/wp-json\/wp\/v2\/media\/1928"}],"wp:attachment":[{"href":"https:\/\/jyrkkala.fi\/en\/wp-json\/wp\/v2\/media?parent=265"}],"curies":[{"name":"wp","href":"https:\/\/api.w.org\/{rel}","templated":true}]}}