{"id":2457,"date":"2020-01-23T10:53:03","date_gmt":"2020-01-23T10:53:03","guid":{"rendered":"https:\/\/www.jyrkkala.fi\/?page_id=2457"},"modified":"2021-04-01T12:35:13","modified_gmt":"2021-04-01T12:35:13","slug":"repair-prices","status":"publish","type":"page","link":"https:\/\/jyrkkala.fi\/en\/for-residents\/facilities-and-services\/repair-prices\/","title":{"rendered":"Repair prices"},"content":{"rendered":"<h4>Repair price list as of 1.1.2020<\/h4>\n<p>KOy Jyrkk\u00e4l\u00e4npolku will charge the resident for the costs of negligence or for the lack of cleanliness in accordance with this price list. The price list corresponds to the average cost. KOy Jyrkk\u00e4l\u00e4npolku reserves the right to change the prices.<\/p>\n<p>&nbsp;<\/p>\n<table width=\"671\">\n<tbody>\n<tr>\n<td colspan=\"2\" width=\"330\">\n<h4><strong>Cleaning\/emptying<\/strong><\/h4>\n<\/td>\n<\/tr>\n<tr>\n<td width=\"236\"><strong>Cleaning the apartment according to the workload<\/strong><\/td>\n<td width=\"94\">40,00\/h<\/td>\n<\/tr>\n<tr>\n<td width=\"236\"><strong>Emptying the apartment according to the workload<\/strong><\/td>\n<td width=\"94\">50,00\/h<\/td>\n<\/tr>\n<tr>\n<td width=\"236\"><strong>Waste and recycling fees<\/strong><\/td>\n<td width=\"94\">according to the invoice<\/td>\n<\/tr>\n<tr>\n<td width=\"236\"><strong>Opening the sewer, starting from<\/strong><\/td>\n<td width=\"94\">144,00\/h<\/td>\n<\/tr>\n<\/tbody>\n<\/table>\n<p>&nbsp;<\/p>\n<table width=\"671\">\n<tbody>\n<tr>\n<td colspan=\"2\" width=\"330\">\n<h4><strong>Apartment repairs<\/strong><\/h4>\n<\/td>\n<\/tr>\n<tr>\n<td width=\"236\"><strong>Renewing the wallpaper (room)<\/strong><\/td>\n<td width=\"94\">450,00<\/td>\n<\/tr>\n<tr>\n<td width=\"236\"><strong>Painting the walls (hallway, kitchen)<\/strong><\/td>\n<td width=\"94\">175,00<\/td>\n<\/tr>\n<tr>\n<td width=\"236\"><strong>Painting wall with a window<\/strong><\/td>\n<td width=\"94\">100,00<\/td>\n<\/tr>\n<tr>\n<td width=\"236\"><strong>Painting the ceiling<\/strong><\/td>\n<td width=\"94\">150,00<\/td>\n<\/tr>\n<tr>\n<td width=\"236\"><strong>Floor renovation, laminate<\/strong><\/td>\n<td width=\"94\">46,00\/m2<\/td>\n<\/tr>\n<tr>\n<td width=\"236\"><strong>Floor renovation, vinyl<\/strong><\/td>\n<td width=\"94\">according to the invoice<\/td>\n<\/tr>\n<tr>\n<td width=\"236\"><strong>Skirting<\/strong><\/td>\n<td width=\"94\">according to the invoice<\/td>\n<\/tr>\n<tr>\n<td width=\"236\"><strong>Replacing a communicating door<\/strong><\/td>\n<td width=\"94\">95,00<\/td>\n<\/tr>\n<tr>\n<td width=\"236\"><strong>Replacing a door frame<\/strong><\/td>\n<td width=\"94\">according to the invoice<\/td>\n<\/tr>\n<tr>\n<td width=\"236\"><strong>Repairing a door frame<\/strong><\/td>\n<td width=\"94\">60,00<\/td>\n<\/tr>\n<tr>\n<td width=\"236\"><strong>Hinge repair<\/strong><\/td>\n<td width=\"94\">50,00\/door<\/td>\n<\/tr>\n<\/tbody>\n<\/table>\n<p>&nbsp;<\/p>\n<table style=\"width: 50.924%;\" width=\"671\">\n<tbody>\n<tr>\n<td style=\"width: 98.806%;\" colspan=\"2\" width=\"322\">\n<h4><strong>Furniture and equipment, installed<\/strong><\/h4>\n<\/td>\n<\/tr>\n<tr>\n<td style=\"width: 78.52%;\" width=\"246\"><strong>Letterbox<\/strong><\/td>\n<td style=\"width: 20.286%;\" width=\"76\">170,00<\/td>\n<\/tr>\n<tr>\n<td style=\"width: 78.52%;\" width=\"246\"><strong>Coat rack<\/strong><\/td>\n<td style=\"width: 20.286%;\" width=\"76\">100,00<\/td>\n<\/tr>\n<tr>\n<td style=\"width: 78.52%;\" width=\"246\"><strong>Shower curtain rod<\/strong><\/td>\n<td style=\"width: 20.286%;\" width=\"76\">60,00<\/td>\n<\/tr>\n<tr>\n<td style=\"width: 78.52%;\" width=\"246\"><strong>Drying rack<\/strong><\/td>\n<td style=\"width: 20.286%;\" width=\"76\">80,00<\/td>\n<\/tr>\n<tr>\n<td style=\"width: 78.52%;\" width=\"246\"><strong>Mirror cabinet door \/ mirror<\/strong><\/td>\n<td style=\"width: 20.286%;\" width=\"76\">50,00<\/td>\n<\/tr>\n<tr>\n<td style=\"width: 78.52%;\" width=\"246\"><strong>Mirror cabinet<\/strong><\/td>\n<td style=\"width: 20.286%;\" width=\"76\">250,00<\/td>\n<\/tr>\n<tr>\n<td style=\"width: 78.52%;\" width=\"246\"><strong>Bathroom mirror or glass shelf<\/strong><\/td>\n<td style=\"width: 20.286%;\" width=\"76\">50,00<\/td>\n<\/tr>\n<tr>\n<td style=\"width: 78.52%;\" width=\"246\"><strong>Radiator thermostat<\/strong><\/td>\n<td style=\"width: 20.286%;\" width=\"76\">50,00<\/td>\n<\/tr>\n<tr>\n<td style=\"width: 78.52%;\" width=\"246\"><strong>Sink<\/strong><\/td>\n<td style=\"width: 20.286%;\" width=\"76\">150,00<\/td>\n<\/tr>\n<tr>\n<td style=\"width: 78.52%;\" width=\"246\"><strong>WC seat, complete<\/strong><\/td>\n<td style=\"width: 20.286%;\" width=\"76\">450,00<\/td>\n<\/tr>\n<tr>\n<td style=\"width: 78.52%;\" width=\"246\"><strong>WC seat lid<\/strong><\/td>\n<td style=\"width: 20.286%;\" width=\"76\">50,00<\/td>\n<\/tr>\n<tr>\n<td style=\"width: 78.52%;\" width=\"246\"><strong>WC seat water tank<\/strong><\/td>\n<td style=\"width: 20.286%;\" width=\"76\">180,00<\/td>\n<\/tr>\n<tr>\n<td style=\"width: 78.52%;\" width=\"246\"><strong>Vacuum breaker for washing machine<\/strong><\/td>\n<td style=\"width: 20.286%;\" width=\"76\">15,00<\/td>\n<\/tr>\n<tr>\n<td style=\"width: 78.52%;\" width=\"246\"><strong>Shower handle, Apollo<\/strong><\/td>\n<td style=\"width: 20.286%;\" width=\"76\">15,00<\/td>\n<\/tr>\n<tr>\n<td style=\"width: 78.52%;\" width=\"246\"><strong>Flow limiter<\/strong><\/td>\n<td style=\"width: 20.286%;\" width=\"76\">60,00<\/td>\n<\/tr>\n<tr>\n<td style=\"width: 78.52%;\" width=\"246\"><strong>Pull out waste system<\/strong><\/td>\n<td style=\"width: 20.286%;\" width=\"76\">80,00<\/td>\n<\/tr>\n<tr>\n<td style=\"width: 78.52%;\" width=\"246\"><strong>TV splitter<\/strong><\/td>\n<td style=\"width: 20.286%;\" width=\"76\">10,00<\/td>\n<\/tr>\n<tr>\n<td style=\"width: 78.52%;\" width=\"246\"><strong>Lamp socket, ceiling (1 pc, next 10,00\/pc)<\/strong><\/td>\n<td style=\"width: 20.286%;\" width=\"76\">50,00<\/td>\n<\/tr>\n<tr>\n<td style=\"width: 78.52%;\" width=\"246\"><strong>Window key<\/strong><\/td>\n<td style=\"width: 20.286%;\" width=\"76\">10,00<\/td>\n<\/tr>\n<tr>\n<td style=\"width: 78.52%;\" width=\"246\"><strong>Door handle<\/strong><\/td>\n<td style=\"width: 20.286%;\" width=\"76\">50,00<\/td>\n<\/tr>\n<tr>\n<td style=\"width: 78.52%;\" width=\"246\"><strong>Door handle mounting<\/strong><\/td>\n<td style=\"width: 20.286%;\" width=\"76\">10,00<\/td>\n<\/tr>\n<tr>\n<td style=\"width: 78.52%;\" width=\"246\"><strong>Leak basin<\/strong><\/td>\n<td style=\"width: 20.286%;\" width=\"76\">25,00<\/td>\n<\/tr>\n<tr>\n<td style=\"width: 78.52%;\" width=\"246\"><strong>Stove<\/strong><\/td>\n<td style=\"width: 20.286%;\" width=\"76\">390,00<\/td>\n<\/tr>\n<tr>\n<td style=\"width: 78.52%;\" width=\"246\"><strong>Fridge \/ freezer<\/strong><\/td>\n<td style=\"width: 20.286%;\" width=\"76\">580,00<\/td>\n<\/tr>\n<\/tbody>\n<\/table>\n","protected":false},"excerpt":{"rendered":"<p>Repair price list as of 1.1.2020 KOy Jyrkk\u00e4l\u00e4npolku will charge the resident for the costs of negligence or for the lack of cleanliness in accordance with this price list. The price list corresponds to the average cost. KOy Jyrkk\u00e4l\u00e4npolku reserves the right to change the prices. &nbsp; Cleaning\/emptying Cleaning the apartment according to the workload [&hellip;]<\/p>\n","protected":false},"author":12,"featured_media":0,"parent":374,"menu_order":0,"comment_status":"closed","ping_status":"closed","template":"resident-page.php","meta":{"_acf_changed":false,"inline_featured_image":false,"footnotes":""},"class_list":["post-2457","page","type-page","status-publish","hentry"],"acf":[],"yoast_head":"<!-- This site is optimized with the Yoast SEO plugin v27.5 - https:\/\/yoast.com\/product\/yoast-seo-wordpress\/ -->\n<title>Repair prices | KOy Jyrkk\u00e4l\u00e4npolku Turku<\/title>\n<meta name=\"robots\" content=\"index, follow, max-snippet:-1, max-image-preview:large, max-video-preview:-1\" \/>\n<link rel=\"canonical\" href=\"http:\/\/jyrkkala.fi\/?page_id=2442\" \/>\n<meta property=\"og:locale\" content=\"en_US\" \/>\n<meta property=\"og:type\" content=\"article\" \/>\n<meta property=\"og:title\" content=\"Repair prices | KOy Jyrkk\u00e4l\u00e4npolku Turku\" \/>\n<meta property=\"og:description\" content=\"Repair price list as of 1.1.2020 KOy Jyrkk\u00e4l\u00e4npolku will charge the resident for the costs of negligence or for the lack of cleanliness in accordance with this price list. The price list corresponds to the average cost. KOy Jyrkk\u00e4l\u00e4npolku reserves the right to change the prices. &nbsp; Cleaning\/emptying Cleaning the apartment according to the workload [&hellip;]\" \/>\n<meta property=\"og:url\" content=\"http:\/\/jyrkkala.fi\/?page_id=2442\" \/>\n<meta property=\"og:site_name\" content=\"KOy Jyrkk\u00e4l\u00e4npolku Turku\" \/>\n<meta property=\"article:modified_time\" content=\"2021-04-01T12:35:13+00:00\" \/>\n<meta name=\"twitter:card\" content=\"summary_large_image\" \/>\n<meta name=\"twitter:label1\" content=\"Est. reading time\" \/>\n\t<meta name=\"twitter:data1\" content=\"2 minutes\" \/>\n<script type=\"application\/ld+json\" class=\"yoast-schema-graph\">{\"@context\":\"https:\\\/\\\/schema.org\",\"@graph\":[{\"@type\":\"WebPage\",\"@id\":\"http:\\\/\\\/jyrkkala.fi\\\/?page_id=2442\",\"url\":\"http:\\\/\\\/jyrkkala.fi\\\/?page_id=2442\",\"name\":\"Repair prices | KOy Jyrkk\u00e4l\u00e4npolku Turku\",\"isPartOf\":{\"@id\":\"https:\\\/\\\/jyrkkala.fi\\\/#website\"},\"datePublished\":\"2020-01-23T10:53:03+00:00\",\"dateModified\":\"2021-04-01T12:35:13+00:00\",\"breadcrumb\":{\"@id\":\"http:\\\/\\\/jyrkkala.fi\\\/?page_id=2442#breadcrumb\"},\"inLanguage\":\"en-US\",\"potentialAction\":[{\"@type\":\"ReadAction\",\"target\":[\"http:\\\/\\\/jyrkkala.fi\\\/?page_id=2442\"]}]},{\"@type\":\"BreadcrumbList\",\"@id\":\"http:\\\/\\\/jyrkkala.fi\\\/?page_id=2442#breadcrumb\",\"itemListElement\":[{\"@type\":\"ListItem\",\"position\":1,\"name\":\"Home\",\"item\":\"https:\\\/\\\/jyrkkala.fi\\\/en\\\/\"},{\"@type\":\"ListItem\",\"position\":2,\"name\":\"For residents\",\"item\":\"https:\\\/\\\/jyrkkala.fi\\\/en\\\/for-residents\\\/\"},{\"@type\":\"ListItem\",\"position\":3,\"name\":\"Facilities and services\",\"item\":\"https:\\\/\\\/jyrkkala.fi\\\/en\\\/for-residents\\\/facilities-and-services\\\/\"},{\"@type\":\"ListItem\",\"position\":4,\"name\":\"Repair prices\"}]},{\"@type\":\"WebSite\",\"@id\":\"https:\\\/\\\/jyrkkala.fi\\\/#website\",\"url\":\"https:\\\/\\\/jyrkkala.fi\\\/\",\"name\":\"KOy Jyrkk\u00e4l\u00e4npolku Turku\",\"description\":\"\",\"potentialAction\":[{\"@type\":\"SearchAction\",\"target\":{\"@type\":\"EntryPoint\",\"urlTemplate\":\"https:\\\/\\\/jyrkkala.fi\\\/?s={search_term_string}\"},\"query-input\":{\"@type\":\"PropertyValueSpecification\",\"valueRequired\":true,\"valueName\":\"search_term_string\"}}],\"inLanguage\":\"en-US\"}]}<\/script>\n<!-- \/ Yoast SEO plugin. -->","yoast_head_json":{"title":"Repair prices | KOy Jyrkk\u00e4l\u00e4npolku Turku","robots":{"index":"index","follow":"follow","max-snippet":"max-snippet:-1","max-image-preview":"max-image-preview:large","max-video-preview":"max-video-preview:-1"},"canonical":"http:\/\/jyrkkala.fi\/?page_id=2442","og_locale":"en_US","og_type":"article","og_title":"Repair prices | KOy Jyrkk\u00e4l\u00e4npolku Turku","og_description":"Repair price list as of 1.1.2020 KOy Jyrkk\u00e4l\u00e4npolku will charge the resident for the costs of negligence or for the lack of cleanliness in accordance with this price list. The price list corresponds to the average cost. KOy Jyrkk\u00e4l\u00e4npolku reserves the right to change the prices. &nbsp; Cleaning\/emptying Cleaning the apartment according to the workload [&hellip;]","og_url":"http:\/\/jyrkkala.fi\/?page_id=2442","og_site_name":"KOy Jyrkk\u00e4l\u00e4npolku Turku","article_modified_time":"2021-04-01T12:35:13+00:00","twitter_card":"summary_large_image","twitter_misc":{"Est. reading time":"2 minutes"},"schema":{"@context":"https:\/\/schema.org","@graph":[{"@type":"WebPage","@id":"http:\/\/jyrkkala.fi\/?page_id=2442","url":"http:\/\/jyrkkala.fi\/?page_id=2442","name":"Repair prices | KOy Jyrkk\u00e4l\u00e4npolku Turku","isPartOf":{"@id":"https:\/\/jyrkkala.fi\/#website"},"datePublished":"2020-01-23T10:53:03+00:00","dateModified":"2021-04-01T12:35:13+00:00","breadcrumb":{"@id":"http:\/\/jyrkkala.fi\/?page_id=2442#breadcrumb"},"inLanguage":"en-US","potentialAction":[{"@type":"ReadAction","target":["http:\/\/jyrkkala.fi\/?page_id=2442"]}]},{"@type":"BreadcrumbList","@id":"http:\/\/jyrkkala.fi\/?page_id=2442#breadcrumb","itemListElement":[{"@type":"ListItem","position":1,"name":"Home","item":"https:\/\/jyrkkala.fi\/en\/"},{"@type":"ListItem","position":2,"name":"For residents","item":"https:\/\/jyrkkala.fi\/en\/for-residents\/"},{"@type":"ListItem","position":3,"name":"Facilities and services","item":"https:\/\/jyrkkala.fi\/en\/for-residents\/facilities-and-services\/"},{"@type":"ListItem","position":4,"name":"Repair prices"}]},{"@type":"WebSite","@id":"https:\/\/jyrkkala.fi\/#website","url":"https:\/\/jyrkkala.fi\/","name":"KOy Jyrkk\u00e4l\u00e4npolku Turku","description":"","potentialAction":[{"@type":"SearchAction","target":{"@type":"EntryPoint","urlTemplate":"https:\/\/jyrkkala.fi\/?s={search_term_string}"},"query-input":{"@type":"PropertyValueSpecification","valueRequired":true,"valueName":"search_term_string"}}],"inLanguage":"en-US"}]}},"_links":{"self":[{"href":"https:\/\/jyrkkala.fi\/en\/wp-json\/wp\/v2\/pages\/2457","targetHints":{"allow":["GET"]}}],"collection":[{"href":"https:\/\/jyrkkala.fi\/en\/wp-json\/wp\/v2\/pages"}],"about":[{"href":"https:\/\/jyrkkala.fi\/en\/wp-json\/wp\/v2\/types\/page"}],"author":[{"embeddable":true,"href":"https:\/\/jyrkkala.fi\/en\/wp-json\/wp\/v2\/users\/12"}],"replies":[{"embeddable":true,"href":"https:\/\/jyrkkala.fi\/en\/wp-json\/wp\/v2\/comments?post=2457"}],"version-history":[{"count":12,"href":"https:\/\/jyrkkala.fi\/en\/wp-json\/wp\/v2\/pages\/2457\/revisions"}],"predecessor-version":[{"id":3222,"href":"https:\/\/jyrkkala.fi\/en\/wp-json\/wp\/v2\/pages\/2457\/revisions\/3222"}],"up":[{"embeddable":true,"href":"https:\/\/jyrkkala.fi\/en\/wp-json\/wp\/v2\/pages\/374"}],"wp:attachment":[{"href":"https:\/\/jyrkkala.fi\/en\/wp-json\/wp\/v2\/media?parent=2457"}],"curies":[{"name":"wp","href":"https:\/\/api.w.org\/{rel}","templated":true}]}}