{"id":222,"date":"2019-06-06T11:23:59","date_gmt":"2019-06-06T11:23:59","guid":{"rendered":"https:\/\/jyrkkala.dev.sst.fi\/?page_id=222"},"modified":"2021-03-31T13:47:13","modified_gmt":"2021-03-31T13:47:13","slug":"information-for-new-residents","status":"publish","type":"page","link":"https:\/\/jyrkkala.fi\/en\/for-residents\/residents-guide\/information-for-new-residents\/","title":{"rendered":"Information for new residents"},"content":{"rendered":"<div class=\"page\" title=\"Page 2\">\n<div class=\"layoutArea\">\n<div class=\"column\">\n<h4>Welcome to Jyrkka\u0308la\u0308!<\/h4>\n<\/div>\n<\/div>\n<div class=\"layoutArea\">\n<div class=\"column\">\n<p>Great that you have decided to move in as our neighbour. Please keep the following things in mind so your move goes smoothly.<\/p>\n<h4>Before moving<\/h4>\n<ul>\n<li><strong>The lease<\/strong> can be signed after you have submitted the necessary attachments to our office. An ID card, driver\u2019s license or passport must be presented in order to prove your identity when signing the lease. Submit the following attachments that apply to you either by email (birgitta.vakiparta(a)jyrkkala.fi) or bring them to the office:<br \/>\n&#8211; If you are employed: a payroll statement<br \/>\n&#8211; Tax certificate from anyone over 18 years old<br \/>\n&#8211; If you are a pensioner: a certificate of the amount of your pension<br \/>\n&#8211; If you are a student: a study certificate<br \/>\n&#8211; If you have a mortgage: the creditor\u2019s certificate of debt<br \/>\n&#8211; Certificate of the fair value of your assets<br \/>\n&#8211; If you are pregnant: a pregnancy certificate<br \/>\n&#8211; If you are an immigrant: a statement of your right to reside in the country (a copy of your passport).<\/li>\n<\/ul>\n<p><img loading=\"lazy\" decoding=\"async\" class=\"size-full wp-image-2958 aligncenter\" src=\"https:\/\/jyrkkala.fi\/content\/uploads\/2021\/03\/jyrkkala_alasivu_kuva_asukkaille_uusilleasukkaille-1.jpg\" alt=\"\" width=\"640\" height=\"360\" srcset=\"https:\/\/jyrkkala.fi\/content\/uploads\/2021\/03\/jyrkkala_alasivu_kuva_asukkaille_uusilleasukkaille-1.jpg 640w, https:\/\/jyrkkala.fi\/content\/uploads\/2021\/03\/jyrkkala_alasivu_kuva_asukkaille_uusilleasukkaille-1-300x169.jpg 300w\" sizes=\"auto, (max-width: 640px) 100vw, 640px\" \/><\/p>\n<h4>Before signing the lease and handing over the keys<\/h4>\n<ul>\n<li><strong>The security deposit<\/strong> must be paid so that it appears in our account. Payment will be made as its own payment, using the reference number indicated on the invoice. Showing the receipts is not enough. Note the transfer time between banks!<\/li>\n<li>You must get an <strong>electricity contract<\/strong> to your apartment and prove it has been made.<\/li>\n<\/ul>\n<h4>Other considerations<\/h4>\n<ul>\n<li><strong>A notification of change of address<\/strong> must be submitted to <a href=\"https:\/\/www.posti.fi\/changeaddress\/\" target=\"_blank\" rel=\"noopener noreferrer\">Posti<\/a>. If more people move into the apartment later, they need to fill out a moving notice to KOy Jyrkk\u00e4l\u00e4npolku.<\/li>\n<li><strong>Rent and other payments<\/strong> can be handled as a direct payment or e-invoice. If you receive housing allowance (does not apply to the pension supplement), direct payment is not possible.<\/li>\n<li>The insurances of KOy Jyrkka\u0308la\u0308npolku do not cover property damage to residents, so we recommend getting your own <strong>home insurance<\/strong>.<\/li>\n<li>The new resident will receive a total of three <strong>keys<\/strong>: two keys to the apartment and a master key, to which rights can be added to other facilities (sauna, laundry room, etc.) if necessary. It is not possible to order additional copies of the keys yourself, but you can order more from the office for a deposit. If a key is lost or stolen, the office must be notified. If all keys are not returned when moving out, the resident is liable.<\/li>\n<\/ul>\n<div class=\"page\" title=\"Page 3\">\n<div class=\"layoutArea\">\n<div class=\"column\">\n<h4>On the moving day<\/h4>\n<\/div>\n<\/div>\n<div class=\"layoutArea\">\n<div class=\"column\">\n<ul>\n<li><strong>Make sure that the walls are not damaged or made dirty when moving goods.<\/strong> Do not bring any items that can damage the elevator into the elevator. Do not keep the elevator occupied longer than necessary. Note the weight limit of the elevator.<\/li>\n<li><strong>Get to know the rules of living in Jyrkka\u0308la\u0308.<\/strong> Every resident has a duty to notify the office if the rules are violated, in order to maintain the residential satisfaction.<\/li>\n<li>You can start using the housing company&#8217;s broadband and TV services.\n<ul>\n<li><a href=\"https:\/\/jyrkkala.fi\/en\/for-residents\/facilities-and-services\/broadband-and-tv-services\/\">Read instructions for deploying broadband and TV services \u00bb<\/a><\/li>\n<\/ul>\n<\/li>\n<\/ul>\n<div class=\"page\" title=\"Page 4\">\n<div class=\"layoutArea\">\n<div class=\"column\">\n<h4>Any questions?<\/h4>\n<p><a href=\"https:\/\/jyrkkala.fi\/en\/contact-us\/\" target=\"_blank\" rel=\"noopener noreferrer\">Contact us \u00bb<\/a><\/p>\n<\/div>\n<\/div>\n<\/div>\n<\/div>\n<\/div>\n<\/div>\n<\/div>\n<\/div>\n<\/div>\n","protected":false},"excerpt":{"rendered":"<p>Welcome to Jyrkka\u0308la\u0308! Great that you have decided to move in as our neighbour. Please keep the following things in mind so your move goes smoothly. Before moving The lease can be signed after you have submitted the necessary attachments to our office. An ID card, driver\u2019s license or passport must be presented in order [&hellip;]<\/p>\n","protected":false},"author":12,"featured_media":1922,"parent":163,"menu_order":0,"comment_status":"closed","ping_status":"closed","template":"resident-page.php","meta":{"_acf_changed":false,"inline_featured_image":false,"footnotes":""},"class_list":["post-222","page","type-page","status-publish","has-post-thumbnail","hentry"],"acf":[],"yoast_head":"<!-- This site is optimized with the Yoast SEO plugin v27.4 - https:\/\/yoast.com\/product\/yoast-seo-wordpress\/ -->\n<title>Information for new residents | KOy Jyrkk\u00e4l\u00e4npolku Turku | Welcome!<\/title>\n<meta name=\"description\" content=\"Jyrkk\u00e4l\u00e4 is a cozy residental area close to nature about 5 km from Turku city centre. On this page you can find useful information for new residents.\" \/>\n<meta name=\"robots\" content=\"index, follow, max-snippet:-1, max-image-preview:large, max-video-preview:-1\" \/>\n<link rel=\"canonical\" href=\"http:\/\/jyrkkala.fi\/asukkaille\/asukkaan-opas\/tietoa-uusille-asukkaille\/\" \/>\n<meta property=\"og:locale\" content=\"en_US\" \/>\n<meta property=\"og:type\" content=\"article\" \/>\n<meta property=\"og:title\" content=\"Information for new residents | KOy Jyrkk\u00e4l\u00e4npolku Turku | Welcome!\" \/>\n<meta property=\"og:description\" content=\"Jyrkk\u00e4l\u00e4 is a cozy residental area close to nature about 5 km from Turku city centre. On this page you can find useful information for new residents.\" \/>\n<meta property=\"og:url\" content=\"http:\/\/jyrkkala.fi\/asukkaille\/asukkaan-opas\/tietoa-uusille-asukkaille\/\" \/>\n<meta property=\"og:site_name\" content=\"KOy Jyrkk\u00e4l\u00e4npolku Turku\" \/>\n<meta property=\"article:modified_time\" content=\"2021-03-31T13:47:13+00:00\" \/>\n<meta property=\"og:image\" content=\"http:\/\/jyrkkala.fi\/content\/uploads\/2019\/06\/jyrkkala_825x510px_9.jpg\" \/>\n\t<meta property=\"og:image:width\" content=\"825\" \/>\n\t<meta property=\"og:image:height\" content=\"510\" \/>\n\t<meta property=\"og:image:type\" content=\"image\/jpeg\" \/>\n<meta name=\"twitter:card\" content=\"summary_large_image\" \/>\n<meta name=\"twitter:label1\" content=\"Est. reading time\" \/>\n\t<meta name=\"twitter:data1\" content=\"3 minutes\" \/>\n<script type=\"application\/ld+json\" class=\"yoast-schema-graph\">{\"@context\":\"https:\\\/\\\/schema.org\",\"@graph\":[{\"@type\":\"WebPage\",\"@id\":\"http:\\\/\\\/jyrkkala.fi\\\/asukkaille\\\/asukkaan-opas\\\/tietoa-uusille-asukkaille\\\/\",\"url\":\"http:\\\/\\\/jyrkkala.fi\\\/asukkaille\\\/asukkaan-opas\\\/tietoa-uusille-asukkaille\\\/\",\"name\":\"Information for new residents | KOy Jyrkk\u00e4l\u00e4npolku Turku | Welcome!\",\"isPartOf\":{\"@id\":\"https:\\\/\\\/jyrkkala.fi\\\/#website\"},\"primaryImageOfPage\":{\"@id\":\"http:\\\/\\\/jyrkkala.fi\\\/asukkaille\\\/asukkaan-opas\\\/tietoa-uusille-asukkaille\\\/#primaryimage\"},\"image\":{\"@id\":\"http:\\\/\\\/jyrkkala.fi\\\/asukkaille\\\/asukkaan-opas\\\/tietoa-uusille-asukkaille\\\/#primaryimage\"},\"thumbnailUrl\":\"https:\\\/\\\/jyrkkala.fi\\\/content\\\/uploads\\\/2019\\\/06\\\/jyrkkala_825x510px_9.jpg\",\"datePublished\":\"2019-06-06T11:23:59+00:00\",\"dateModified\":\"2021-03-31T13:47:13+00:00\",\"description\":\"Jyrkk\u00e4l\u00e4 is a cozy residental area close to nature about 5 km from Turku city centre. On this page you can find useful information for new residents.\",\"breadcrumb\":{\"@id\":\"http:\\\/\\\/jyrkkala.fi\\\/asukkaille\\\/asukkaan-opas\\\/tietoa-uusille-asukkaille\\\/#breadcrumb\"},\"inLanguage\":\"en-US\",\"potentialAction\":[{\"@type\":\"ReadAction\",\"target\":[\"http:\\\/\\\/jyrkkala.fi\\\/asukkaille\\\/asukkaan-opas\\\/tietoa-uusille-asukkaille\\\/\"]}]},{\"@type\":\"ImageObject\",\"inLanguage\":\"en-US\",\"@id\":\"http:\\\/\\\/jyrkkala.fi\\\/asukkaille\\\/asukkaan-opas\\\/tietoa-uusille-asukkaille\\\/#primaryimage\",\"url\":\"https:\\\/\\\/jyrkkala.fi\\\/content\\\/uploads\\\/2019\\\/06\\\/jyrkkala_825x510px_9.jpg\",\"contentUrl\":\"https:\\\/\\\/jyrkkala.fi\\\/content\\\/uploads\\\/2019\\\/06\\\/jyrkkala_825x510px_9.jpg\",\"width\":825,\"height\":510,\"caption\":\"Jyrkk\u00e4l\u00e4n vuokra-asuntoihin kulku hissill\u00e4\"},{\"@type\":\"BreadcrumbList\",\"@id\":\"http:\\\/\\\/jyrkkala.fi\\\/asukkaille\\\/asukkaan-opas\\\/tietoa-uusille-asukkaille\\\/#breadcrumb\",\"itemListElement\":[{\"@type\":\"ListItem\",\"position\":1,\"name\":\"Home\",\"item\":\"https:\\\/\\\/jyrkkala.fi\\\/en\\\/\"},{\"@type\":\"ListItem\",\"position\":2,\"name\":\"For residents\",\"item\":\"https:\\\/\\\/jyrkkala.fi\\\/en\\\/for-residents\\\/\"},{\"@type\":\"ListItem\",\"position\":3,\"name\":\"Resident&#8217;s guide\",\"item\":\"https:\\\/\\\/www.jyrkkala.fi\\\/en\\\/for-residents\\\/residents-guide\\\/\"},{\"@type\":\"ListItem\",\"position\":4,\"name\":\"Information for new residents\"}]},{\"@type\":\"WebSite\",\"@id\":\"https:\\\/\\\/jyrkkala.fi\\\/#website\",\"url\":\"https:\\\/\\\/jyrkkala.fi\\\/\",\"name\":\"KOy Jyrkk\u00e4l\u00e4npolku Turku\",\"description\":\"\",\"potentialAction\":[{\"@type\":\"SearchAction\",\"target\":{\"@type\":\"EntryPoint\",\"urlTemplate\":\"https:\\\/\\\/jyrkkala.fi\\\/?s={search_term_string}\"},\"query-input\":{\"@type\":\"PropertyValueSpecification\",\"valueRequired\":true,\"valueName\":\"search_term_string\"}}],\"inLanguage\":\"en-US\"}]}<\/script>\n<!-- \/ Yoast SEO plugin. -->","yoast_head_json":{"title":"Information for new residents | KOy Jyrkk\u00e4l\u00e4npolku Turku | Welcome!","description":"Jyrkk\u00e4l\u00e4 is a cozy residental area close to nature about 5 km from Turku city centre. On this page you can find useful information for new residents.","robots":{"index":"index","follow":"follow","max-snippet":"max-snippet:-1","max-image-preview":"max-image-preview:large","max-video-preview":"max-video-preview:-1"},"canonical":"http:\/\/jyrkkala.fi\/asukkaille\/asukkaan-opas\/tietoa-uusille-asukkaille\/","og_locale":"en_US","og_type":"article","og_title":"Information for new residents | KOy Jyrkk\u00e4l\u00e4npolku Turku | Welcome!","og_description":"Jyrkk\u00e4l\u00e4 is a cozy residental area close to nature about 5 km from Turku city centre. On this page you can find useful information for new residents.","og_url":"http:\/\/jyrkkala.fi\/asukkaille\/asukkaan-opas\/tietoa-uusille-asukkaille\/","og_site_name":"KOy Jyrkk\u00e4l\u00e4npolku Turku","article_modified_time":"2021-03-31T13:47:13+00:00","og_image":[{"width":825,"height":510,"url":"http:\/\/jyrkkala.fi\/content\/uploads\/2019\/06\/jyrkkala_825x510px_9.jpg","type":"image\/jpeg"}],"twitter_card":"summary_large_image","twitter_misc":{"Est. reading time":"3 minutes"},"schema":{"@context":"https:\/\/schema.org","@graph":[{"@type":"WebPage","@id":"http:\/\/jyrkkala.fi\/asukkaille\/asukkaan-opas\/tietoa-uusille-asukkaille\/","url":"http:\/\/jyrkkala.fi\/asukkaille\/asukkaan-opas\/tietoa-uusille-asukkaille\/","name":"Information for new residents | KOy Jyrkk\u00e4l\u00e4npolku Turku | Welcome!","isPartOf":{"@id":"https:\/\/jyrkkala.fi\/#website"},"primaryImageOfPage":{"@id":"http:\/\/jyrkkala.fi\/asukkaille\/asukkaan-opas\/tietoa-uusille-asukkaille\/#primaryimage"},"image":{"@id":"http:\/\/jyrkkala.fi\/asukkaille\/asukkaan-opas\/tietoa-uusille-asukkaille\/#primaryimage"},"thumbnailUrl":"https:\/\/jyrkkala.fi\/content\/uploads\/2019\/06\/jyrkkala_825x510px_9.jpg","datePublished":"2019-06-06T11:23:59+00:00","dateModified":"2021-03-31T13:47:13+00:00","description":"Jyrkk\u00e4l\u00e4 is a cozy residental area close to nature about 5 km from Turku city centre. On this page you can find useful information for new residents.","breadcrumb":{"@id":"http:\/\/jyrkkala.fi\/asukkaille\/asukkaan-opas\/tietoa-uusille-asukkaille\/#breadcrumb"},"inLanguage":"en-US","potentialAction":[{"@type":"ReadAction","target":["http:\/\/jyrkkala.fi\/asukkaille\/asukkaan-opas\/tietoa-uusille-asukkaille\/"]}]},{"@type":"ImageObject","inLanguage":"en-US","@id":"http:\/\/jyrkkala.fi\/asukkaille\/asukkaan-opas\/tietoa-uusille-asukkaille\/#primaryimage","url":"https:\/\/jyrkkala.fi\/content\/uploads\/2019\/06\/jyrkkala_825x510px_9.jpg","contentUrl":"https:\/\/jyrkkala.fi\/content\/uploads\/2019\/06\/jyrkkala_825x510px_9.jpg","width":825,"height":510,"caption":"Jyrkk\u00e4l\u00e4n vuokra-asuntoihin kulku hissill\u00e4"},{"@type":"BreadcrumbList","@id":"http:\/\/jyrkkala.fi\/asukkaille\/asukkaan-opas\/tietoa-uusille-asukkaille\/#breadcrumb","itemListElement":[{"@type":"ListItem","position":1,"name":"Home","item":"https:\/\/jyrkkala.fi\/en\/"},{"@type":"ListItem","position":2,"name":"For residents","item":"https:\/\/jyrkkala.fi\/en\/for-residents\/"},{"@type":"ListItem","position":3,"name":"Resident&#8217;s guide","item":"https:\/\/www.jyrkkala.fi\/en\/for-residents\/residents-guide\/"},{"@type":"ListItem","position":4,"name":"Information for new residents"}]},{"@type":"WebSite","@id":"https:\/\/jyrkkala.fi\/#website","url":"https:\/\/jyrkkala.fi\/","name":"KOy Jyrkk\u00e4l\u00e4npolku Turku","description":"","potentialAction":[{"@type":"SearchAction","target":{"@type":"EntryPoint","urlTemplate":"https:\/\/jyrkkala.fi\/?s={search_term_string}"},"query-input":{"@type":"PropertyValueSpecification","valueRequired":true,"valueName":"search_term_string"}}],"inLanguage":"en-US"}]}},"_links":{"self":[{"href":"https:\/\/jyrkkala.fi\/en\/wp-json\/wp\/v2\/pages\/222","targetHints":{"allow":["GET"]}}],"collection":[{"href":"https:\/\/jyrkkala.fi\/en\/wp-json\/wp\/v2\/pages"}],"about":[{"href":"https:\/\/jyrkkala.fi\/en\/wp-json\/wp\/v2\/types\/page"}],"author":[{"embeddable":true,"href":"https:\/\/jyrkkala.fi\/en\/wp-json\/wp\/v2\/users\/12"}],"replies":[{"embeddable":true,"href":"https:\/\/jyrkkala.fi\/en\/wp-json\/wp\/v2\/comments?post=222"}],"version-history":[{"count":13,"href":"https:\/\/jyrkkala.fi\/en\/wp-json\/wp\/v2\/pages\/222\/revisions"}],"predecessor-version":[{"id":3175,"href":"https:\/\/jyrkkala.fi\/en\/wp-json\/wp\/v2\/pages\/222\/revisions\/3175"}],"up":[{"embeddable":true,"href":"https:\/\/jyrkkala.fi\/en\/wp-json\/wp\/v2\/pages\/163"}],"wp:featuredmedia":[{"embeddable":true,"href":"https:\/\/jyrkkala.fi\/en\/wp-json\/wp\/v2\/media\/1922"}],"wp:attachment":[{"href":"https:\/\/jyrkkala.fi\/en\/wp-json\/wp\/v2\/media?parent=222"}],"curies":[{"name":"wp","href":"https:\/\/api.w.org\/{rel}","templated":true}]}}