{"id":215,"date":"2019-06-06T11:04:07","date_gmt":"2019-06-06T11:04:07","guid":{"rendered":"https:\/\/jyrkkala.dev.sst.fi\/?page_id=215"},"modified":"2021-04-01T12:36:56","modified_gmt":"2021-04-01T12:36:56","slug":"safety-instructions","status":"publish","type":"page","link":"https:\/\/jyrkkala.fi\/en\/for-residents\/residents-guide\/safety-instructions\/","title":{"rendered":"Safety instructions"},"content":{"rendered":"<div class=\"page\" title=\"Page 9\">\n<div class=\"section\">\n<div class=\"layoutArea\">\n<div class=\"column\">\n<h4>Fire detector in every home<\/h4>\n<p>According to the law there must be one fire detector\/60 m\u00b2 in every home. It is the resident\u2019s responsibility to acquire and maintain the fire detectors.<\/p>\n<p><img loading=\"lazy\" decoding=\"async\" class=\"size-full wp-image-2952 aligncenter\" src=\"https:\/\/jyrkkala.fi\/content\/uploads\/2021\/03\/jyrkkala_alasivu_kuva_asukkaille_turvallisuus.jpg\" alt=\"\" width=\"640\" height=\"360\" srcset=\"https:\/\/jyrkkala.fi\/content\/uploads\/2021\/03\/jyrkkala_alasivu_kuva_asukkaille_turvallisuus.jpg 640w, https:\/\/jyrkkala.fi\/content\/uploads\/2021\/03\/jyrkkala_alasivu_kuva_asukkaille_turvallisuus-300x169.jpg 300w\" sizes=\"auto, (max-width: 640px) 100vw, 640px\" \/><\/p>\n<h4>In case of fire:<\/h4>\n<ol>\n<li><strong>Save<\/strong> yourself and those on immediate danger and warn other people.<\/li>\n<li><strong>Extinguish<\/strong> the fire if it is small and there is no smoke. Don\u2019t risk your own safety!<\/li>\n<li><strong>Alert<\/strong> help by calling emergency number 112 from a safe place, preferably outside.<\/li>\n<li><strong>Close the doors, windows and air conditioning.<\/strong> This prevents the spreading of fire and smoke. Also close the doors and windows that are on your exit path.<\/li>\n<li><strong>Help<\/strong> the fire brigade by guiding them and making sure they have easy access to the location. Let them know if people are in danger.<\/li>\n<\/ol>\n<h4>The general emergency number is 112 \u2013 follow these instructions:<\/h4>\n<ul>\n<li>Make the call yourself, if you can.<\/li>\n<li>Describe what has happened.<\/li>\n<li>Tell them the exact address and town.<\/li>\n<li>Answer their questions.<\/li>\n<li>Follow their instructions.<\/li>\n<li>Only end the call after you have received permission to do so.<\/li>\n<li>Even if you have put out the fire yourself, make the call.<\/li>\n<li style=\"list-style-type: none;\"><\/li>\n<\/ul>\n<h4>If there is a lot of smoke:<\/h4>\n<ul>\n<li>Exit the smoke-filled room by crawling on all fours. There is more oxygen and better visibility close to the floor.<\/li>\n<li>You can protect yourself from heat with a thick blanket.<\/li>\n<li>Protect your breath by breathing through a damp cloth.<\/li>\n<li>Do not use the elevator, go down the stairs instead.<\/li>\n<li>Do not enter a staircase filled with smoke.<\/li>\n<li>Close the doors leading to fire and smoke.<\/li>\n<li>If you can\u2019t get out, go to the balcony or to the window to wait for the fire brigade.<\/li>\n<li>If there is smoke entering the room, you can fill the gaps with wet cloths.<\/li>\n<li>Draw the attention of the rescuers to yourself. Wave a piece of clothing, shout or call 112 and tell them your exact location.<\/li>\n<li>If a door feels hot, do not open it. Heat is usually caused by fire. Choose another, safer exit route.<\/li>\n<\/ul>\n<p>Once you get out of the burning building, never go back to get your belongings!<\/p>\n<\/div>\n<\/div>\n<\/div>\n<\/div>\n","protected":false},"excerpt":{"rendered":"<p>Fire detector in every home According to the law there must be one fire detector\/60 m\u00b2 in every home. It is the resident\u2019s responsibility to acquire and maintain the fire detectors. In case of fire: Save yourself and those on immediate danger and warn other people. Extinguish the fire if it is small and there [&hellip;]<\/p>\n","protected":false},"author":12,"featured_media":1926,"parent":163,"menu_order":0,"comment_status":"closed","ping_status":"closed","template":"resident-page.php","meta":{"_acf_changed":false,"inline_featured_image":false,"footnotes":""},"class_list":["post-215","page","type-page","status-publish","has-post-thumbnail","hentry"],"acf":[],"yoast_head":"<!-- This site is optimized with the Yoast SEO plugin v27.4 - https:\/\/yoast.com\/product\/yoast-seo-wordpress\/ -->\n<title>Safety instructions | KOy Jyrkk\u00e4l\u00e4npolku Turku | Instructions<\/title>\n<meta name=\"description\" content=\"What to do if a fire breaks out in your home? Read the safety instructions and advice to making an emergency call to 112 on KOy Jyrkk\u00e4l\u00e4npolku&#039;s website.\" \/>\n<meta name=\"robots\" content=\"index, follow, max-snippet:-1, max-image-preview:large, max-video-preview:-1\" \/>\n<link rel=\"canonical\" href=\"http:\/\/jyrkkala.fi\/asukkaille\/asukkaan-opas\/turvallisuusohje\/\" \/>\n<meta property=\"og:locale\" content=\"en_US\" \/>\n<meta property=\"og:type\" content=\"article\" \/>\n<meta property=\"og:title\" content=\"Safety instructions | KOy Jyrkk\u00e4l\u00e4npolku Turku | Instructions\" \/>\n<meta property=\"og:description\" content=\"What to do if a fire breaks out in your home? Read the safety instructions and advice to making an emergency call to 112 on KOy Jyrkk\u00e4l\u00e4npolku&#039;s website.\" \/>\n<meta property=\"og:url\" content=\"http:\/\/jyrkkala.fi\/asukkaille\/asukkaan-opas\/turvallisuusohje\/\" \/>\n<meta property=\"og:site_name\" content=\"KOy Jyrkk\u00e4l\u00e4npolku Turku\" \/>\n<meta property=\"article:modified_time\" content=\"2021-04-01T12:36:56+00:00\" \/>\n<meta property=\"og:image\" content=\"http:\/\/jyrkkala.fi\/content\/uploads\/2019\/06\/jyrkkala_825x510px_3.jpg\" \/>\n\t<meta property=\"og:image:width\" content=\"825\" \/>\n\t<meta property=\"og:image:height\" content=\"510\" \/>\n\t<meta property=\"og:image:type\" content=\"image\/jpeg\" \/>\n<meta name=\"twitter:card\" content=\"summary_large_image\" \/>\n<meta name=\"twitter:label1\" content=\"Est. reading time\" \/>\n\t<meta name=\"twitter:data1\" content=\"2 minutes\" \/>\n<script type=\"application\/ld+json\" class=\"yoast-schema-graph\">{\"@context\":\"https:\\\/\\\/schema.org\",\"@graph\":[{\"@type\":\"WebPage\",\"@id\":\"http:\\\/\\\/jyrkkala.fi\\\/asukkaille\\\/asukkaan-opas\\\/turvallisuusohje\\\/\",\"url\":\"http:\\\/\\\/jyrkkala.fi\\\/asukkaille\\\/asukkaan-opas\\\/turvallisuusohje\\\/\",\"name\":\"Safety instructions | KOy Jyrkk\u00e4l\u00e4npolku Turku | Instructions\",\"isPartOf\":{\"@id\":\"https:\\\/\\\/jyrkkala.fi\\\/#website\"},\"primaryImageOfPage\":{\"@id\":\"http:\\\/\\\/jyrkkala.fi\\\/asukkaille\\\/asukkaan-opas\\\/turvallisuusohje\\\/#primaryimage\"},\"image\":{\"@id\":\"http:\\\/\\\/jyrkkala.fi\\\/asukkaille\\\/asukkaan-opas\\\/turvallisuusohje\\\/#primaryimage\"},\"thumbnailUrl\":\"https:\\\/\\\/jyrkkala.fi\\\/content\\\/uploads\\\/2019\\\/06\\\/jyrkkala_825x510px_3.jpg\",\"datePublished\":\"2019-06-06T11:04:07+00:00\",\"dateModified\":\"2021-04-01T12:36:56+00:00\",\"description\":\"What to do if a fire breaks out in your home? Read the safety instructions and advice to making an emergency call to 112 on KOy Jyrkk\u00e4l\u00e4npolku's website.\",\"breadcrumb\":{\"@id\":\"http:\\\/\\\/jyrkkala.fi\\\/asukkaille\\\/asukkaan-opas\\\/turvallisuusohje\\\/#breadcrumb\"},\"inLanguage\":\"en-US\",\"potentialAction\":[{\"@type\":\"ReadAction\",\"target\":[\"http:\\\/\\\/jyrkkala.fi\\\/asukkaille\\\/asukkaan-opas\\\/turvallisuusohje\\\/\"]}]},{\"@type\":\"ImageObject\",\"inLanguage\":\"en-US\",\"@id\":\"http:\\\/\\\/jyrkkala.fi\\\/asukkaille\\\/asukkaan-opas\\\/turvallisuusohje\\\/#primaryimage\",\"url\":\"https:\\\/\\\/jyrkkala.fi\\\/content\\\/uploads\\\/2019\\\/06\\\/jyrkkala_825x510px_3.jpg\",\"contentUrl\":\"https:\\\/\\\/jyrkkala.fi\\\/content\\\/uploads\\\/2019\\\/06\\\/jyrkkala_825x510px_3.jpg\",\"width\":825,\"height\":510,\"caption\":\"Modernit saunatilat vuokralaisille Jyrkk\u00e4l\u00e4ss\u00e4\"},{\"@type\":\"BreadcrumbList\",\"@id\":\"http:\\\/\\\/jyrkkala.fi\\\/asukkaille\\\/asukkaan-opas\\\/turvallisuusohje\\\/#breadcrumb\",\"itemListElement\":[{\"@type\":\"ListItem\",\"position\":1,\"name\":\"Home\",\"item\":\"https:\\\/\\\/jyrkkala.fi\\\/en\\\/\"},{\"@type\":\"ListItem\",\"position\":2,\"name\":\"For residents\",\"item\":\"https:\\\/\\\/jyrkkala.fi\\\/en\\\/for-residents\\\/\"},{\"@type\":\"ListItem\",\"position\":3,\"name\":\"Resident&#8217;s guide\",\"item\":\"https:\\\/\\\/www.jyrkkala.fi\\\/en\\\/for-residents\\\/residents-guide\\\/\"},{\"@type\":\"ListItem\",\"position\":4,\"name\":\"Safety instructions\"}]},{\"@type\":\"WebSite\",\"@id\":\"https:\\\/\\\/jyrkkala.fi\\\/#website\",\"url\":\"https:\\\/\\\/jyrkkala.fi\\\/\",\"name\":\"KOy Jyrkk\u00e4l\u00e4npolku Turku\",\"description\":\"\",\"potentialAction\":[{\"@type\":\"SearchAction\",\"target\":{\"@type\":\"EntryPoint\",\"urlTemplate\":\"https:\\\/\\\/jyrkkala.fi\\\/?s={search_term_string}\"},\"query-input\":{\"@type\":\"PropertyValueSpecification\",\"valueRequired\":true,\"valueName\":\"search_term_string\"}}],\"inLanguage\":\"en-US\"}]}<\/script>\n<!-- \/ Yoast SEO plugin. -->","yoast_head_json":{"title":"Safety instructions | KOy Jyrkk\u00e4l\u00e4npolku Turku | Instructions","description":"What to do if a fire breaks out in your home? Read the safety instructions and advice to making an emergency call to 112 on KOy Jyrkk\u00e4l\u00e4npolku's website.","robots":{"index":"index","follow":"follow","max-snippet":"max-snippet:-1","max-image-preview":"max-image-preview:large","max-video-preview":"max-video-preview:-1"},"canonical":"http:\/\/jyrkkala.fi\/asukkaille\/asukkaan-opas\/turvallisuusohje\/","og_locale":"en_US","og_type":"article","og_title":"Safety instructions | KOy Jyrkk\u00e4l\u00e4npolku Turku | Instructions","og_description":"What to do if a fire breaks out in your home? Read the safety instructions and advice to making an emergency call to 112 on KOy Jyrkk\u00e4l\u00e4npolku's website.","og_url":"http:\/\/jyrkkala.fi\/asukkaille\/asukkaan-opas\/turvallisuusohje\/","og_site_name":"KOy Jyrkk\u00e4l\u00e4npolku Turku","article_modified_time":"2021-04-01T12:36:56+00:00","og_image":[{"width":825,"height":510,"url":"http:\/\/jyrkkala.fi\/content\/uploads\/2019\/06\/jyrkkala_825x510px_3.jpg","type":"image\/jpeg"}],"twitter_card":"summary_large_image","twitter_misc":{"Est. reading time":"2 minutes"},"schema":{"@context":"https:\/\/schema.org","@graph":[{"@type":"WebPage","@id":"http:\/\/jyrkkala.fi\/asukkaille\/asukkaan-opas\/turvallisuusohje\/","url":"http:\/\/jyrkkala.fi\/asukkaille\/asukkaan-opas\/turvallisuusohje\/","name":"Safety instructions | KOy Jyrkk\u00e4l\u00e4npolku Turku | Instructions","isPartOf":{"@id":"https:\/\/jyrkkala.fi\/#website"},"primaryImageOfPage":{"@id":"http:\/\/jyrkkala.fi\/asukkaille\/asukkaan-opas\/turvallisuusohje\/#primaryimage"},"image":{"@id":"http:\/\/jyrkkala.fi\/asukkaille\/asukkaan-opas\/turvallisuusohje\/#primaryimage"},"thumbnailUrl":"https:\/\/jyrkkala.fi\/content\/uploads\/2019\/06\/jyrkkala_825x510px_3.jpg","datePublished":"2019-06-06T11:04:07+00:00","dateModified":"2021-04-01T12:36:56+00:00","description":"What to do if a fire breaks out in your home? Read the safety instructions and advice to making an emergency call to 112 on KOy Jyrkk\u00e4l\u00e4npolku's website.","breadcrumb":{"@id":"http:\/\/jyrkkala.fi\/asukkaille\/asukkaan-opas\/turvallisuusohje\/#breadcrumb"},"inLanguage":"en-US","potentialAction":[{"@type":"ReadAction","target":["http:\/\/jyrkkala.fi\/asukkaille\/asukkaan-opas\/turvallisuusohje\/"]}]},{"@type":"ImageObject","inLanguage":"en-US","@id":"http:\/\/jyrkkala.fi\/asukkaille\/asukkaan-opas\/turvallisuusohje\/#primaryimage","url":"https:\/\/jyrkkala.fi\/content\/uploads\/2019\/06\/jyrkkala_825x510px_3.jpg","contentUrl":"https:\/\/jyrkkala.fi\/content\/uploads\/2019\/06\/jyrkkala_825x510px_3.jpg","width":825,"height":510,"caption":"Modernit saunatilat vuokralaisille Jyrkk\u00e4l\u00e4ss\u00e4"},{"@type":"BreadcrumbList","@id":"http:\/\/jyrkkala.fi\/asukkaille\/asukkaan-opas\/turvallisuusohje\/#breadcrumb","itemListElement":[{"@type":"ListItem","position":1,"name":"Home","item":"https:\/\/jyrkkala.fi\/en\/"},{"@type":"ListItem","position":2,"name":"For residents","item":"https:\/\/jyrkkala.fi\/en\/for-residents\/"},{"@type":"ListItem","position":3,"name":"Resident&#8217;s guide","item":"https:\/\/www.jyrkkala.fi\/en\/for-residents\/residents-guide\/"},{"@type":"ListItem","position":4,"name":"Safety instructions"}]},{"@type":"WebSite","@id":"https:\/\/jyrkkala.fi\/#website","url":"https:\/\/jyrkkala.fi\/","name":"KOy Jyrkk\u00e4l\u00e4npolku Turku","description":"","potentialAction":[{"@type":"SearchAction","target":{"@type":"EntryPoint","urlTemplate":"https:\/\/jyrkkala.fi\/?s={search_term_string}"},"query-input":{"@type":"PropertyValueSpecification","valueRequired":true,"valueName":"search_term_string"}}],"inLanguage":"en-US"}]}},"_links":{"self":[{"href":"https:\/\/jyrkkala.fi\/en\/wp-json\/wp\/v2\/pages\/215","targetHints":{"allow":["GET"]}}],"collection":[{"href":"https:\/\/jyrkkala.fi\/en\/wp-json\/wp\/v2\/pages"}],"about":[{"href":"https:\/\/jyrkkala.fi\/en\/wp-json\/wp\/v2\/types\/page"}],"author":[{"embeddable":true,"href":"https:\/\/jyrkkala.fi\/en\/wp-json\/wp\/v2\/users\/12"}],"replies":[{"embeddable":true,"href":"https:\/\/jyrkkala.fi\/en\/wp-json\/wp\/v2\/comments?post=215"}],"version-history":[{"count":7,"href":"https:\/\/jyrkkala.fi\/en\/wp-json\/wp\/v2\/pages\/215\/revisions"}],"predecessor-version":[{"id":3224,"href":"https:\/\/jyrkkala.fi\/en\/wp-json\/wp\/v2\/pages\/215\/revisions\/3224"}],"up":[{"embeddable":true,"href":"https:\/\/jyrkkala.fi\/en\/wp-json\/wp\/v2\/pages\/163"}],"wp:featuredmedia":[{"embeddable":true,"href":"https:\/\/jyrkkala.fi\/en\/wp-json\/wp\/v2\/media\/1926"}],"wp:attachment":[{"href":"https:\/\/jyrkkala.fi\/en\/wp-json\/wp\/v2\/media?parent=215"}],"curies":[{"name":"wp","href":"https:\/\/api.w.org\/{rel}","templated":true}]}}