{"id":205,"date":"2019-06-06T10:30:56","date_gmt":"2019-06-06T10:30:56","guid":{"rendered":"https:\/\/jyrkkala.dev.sst.fi\/?page_id=205"},"modified":"2021-04-01T12:36:13","modified_gmt":"2021-04-01T12:36:13","slug":"saving-energy-at-home","status":"publish","type":"page","link":"https:\/\/jyrkkala.fi\/en\/for-residents\/residents-guide\/saving-energy-at-home\/","title":{"rendered":"Saving energy at home"},"content":{"rendered":"<p>By reducing your energy consumption you can save both nature and money. With the right solutions, it&#8217;s easy!<\/p>\n<ol>\n<li><strong>The annual heat consumption is 65-75% for heating and 25-35% for warm water.<\/strong> As a tenant, you have a key role in influencing heat consumption of the house and the amount of the heat bills.<\/li>\n<li><strong>The ecologically ideal room temperature is 21 \u00b0 C.<\/strong><\/li>\n<li><strong>Ventilate your home with fast cross-draught<\/strong> to ensure efficient air exchange and minimize loss of warmth.<\/li>\n<li><strong>A suitable temperature for the refrigerator is +5 \u00b0 C and in the freezer \u201318 \u00b0 C.<\/strong> A temperature that is too cold increases unnecessary energy consumption.<\/li>\n<li><strong>When using a dishwasher, don&#8217;t rinse the dishes before putting them in the machine.<\/strong> You can remove food residues with a scraper or a piece of paper. Only use the machine when it&#8217;s full, and fill the machine systemically.<\/li>\n<li><strong>Turn off the power (including standby) of all electronic entertainment devices when you are not using them.<\/strong> An electrical appliance in standby mode can consume as much energy as continuous use of the device.<\/li>\n<li><strong>Always turn off the lamps if you don&#8217;t need light.<\/strong> Fluorescent lamps should be turned off when no one is in the room for at least 10 minutes.<\/li>\n<li><strong>Never run hot water for no reason.<\/strong><\/li>\n<\/ol>\n<p><img loading=\"lazy\" decoding=\"async\" class=\"size-full wp-image-2961 aligncenter\" src=\"https:\/\/jyrkkala.fi\/content\/uploads\/2021\/03\/jyrkkala_alasivu_kuva_asukkaille_energia.jpg\" alt=\"\" width=\"640\" height=\"360\" srcset=\"https:\/\/jyrkkala.fi\/content\/uploads\/2021\/03\/jyrkkala_alasivu_kuva_asukkaille_energia.jpg 640w, https:\/\/jyrkkala.fi\/content\/uploads\/2021\/03\/jyrkkala_alasivu_kuva_asukkaille_energia-300x169.jpg 300w\" sizes=\"auto, (max-width: 640px) 100vw, 640px\" \/><\/p>\n","protected":false},"excerpt":{"rendered":"<p>By reducing your energy consumption you can save both nature and money. With the right solutions, it&#8217;s easy! The annual heat consumption is 65-75% for heating and 25-35% for warm water. As a tenant, you have a key role in influencing heat consumption of the house and the amount of the heat bills. The ecologically [&hellip;]<\/p>\n","protected":false},"author":12,"featured_media":1924,"parent":163,"menu_order":0,"comment_status":"closed","ping_status":"closed","template":"resident-page.php","meta":{"_acf_changed":false,"inline_featured_image":false,"footnotes":""},"class_list":["post-205","page","type-page","status-publish","has-post-thumbnail","hentry"],"acf":[],"yoast_head":"<!-- This site is optimized with the Yoast SEO plugin v27.4 - https:\/\/yoast.com\/product\/yoast-seo-wordpress\/ -->\n<title>Saving energy at home | KOy Jyrkk\u00e4l\u00e4npolku Turku | Get the tips<\/title>\n<meta name=\"description\" content=\"By reducing your energy consumption you can save both nature and money. As a resident of Jyrkk\u00e4l\u00e4 it&#039;s easy to live in an ecologically sustainable way.\" \/>\n<meta name=\"robots\" content=\"index, follow, max-snippet:-1, max-image-preview:large, max-video-preview:-1\" \/>\n<link rel=\"canonical\" href=\"https:\/\/www.jyrkkala.fi\/en\/for-residents\/residents-guide\/saving-energy-at-home\/\" \/>\n<meta property=\"og:locale\" content=\"en_US\" \/>\n<meta property=\"og:type\" content=\"article\" \/>\n<meta property=\"og:title\" content=\"Saving energy at home | KOy Jyrkk\u00e4l\u00e4npolku Turku | Get the tips\" \/>\n<meta property=\"og:description\" content=\"By reducing your energy consumption you can save both nature and money. As a resident of Jyrkk\u00e4l\u00e4 it&#039;s easy to live in an ecologically sustainable way.\" \/>\n<meta property=\"og:url\" content=\"https:\/\/www.jyrkkala.fi\/en\/for-residents\/residents-guide\/saving-energy-at-home\/\" \/>\n<meta property=\"og:site_name\" content=\"KOy Jyrkk\u00e4l\u00e4npolku Turku\" \/>\n<meta property=\"article:modified_time\" content=\"2021-04-01T12:36:13+00:00\" \/>\n<meta property=\"og:image\" content=\"https:\/\/www.jyrkkala.fi\/content\/uploads\/2019\/06\/jyrkkala_825x510px_2.jpg\" \/>\n\t<meta property=\"og:image:width\" content=\"825\" \/>\n\t<meta property=\"og:image:height\" content=\"510\" \/>\n\t<meta property=\"og:image:type\" content=\"image\/jpeg\" \/>\n<meta name=\"twitter:card\" content=\"summary_large_image\" \/>\n<meta name=\"twitter:label1\" content=\"Est. reading time\" \/>\n\t<meta name=\"twitter:data1\" content=\"2 minutes\" \/>\n<script type=\"application\/ld+json\" class=\"yoast-schema-graph\">{\"@context\":\"https:\\\/\\\/schema.org\",\"@graph\":[{\"@type\":\"WebPage\",\"@id\":\"https:\\\/\\\/www.jyrkkala.fi\\\/en\\\/for-residents\\\/residents-guide\\\/saving-energy-at-home\\\/\",\"url\":\"https:\\\/\\\/www.jyrkkala.fi\\\/en\\\/for-residents\\\/residents-guide\\\/saving-energy-at-home\\\/\",\"name\":\"Saving energy at home | KOy Jyrkk\u00e4l\u00e4npolku Turku | Get the tips\",\"isPartOf\":{\"@id\":\"https:\\\/\\\/jyrkkala.fi\\\/#website\"},\"primaryImageOfPage\":{\"@id\":\"https:\\\/\\\/www.jyrkkala.fi\\\/en\\\/for-residents\\\/residents-guide\\\/saving-energy-at-home\\\/#primaryimage\"},\"image\":{\"@id\":\"https:\\\/\\\/www.jyrkkala.fi\\\/en\\\/for-residents\\\/residents-guide\\\/saving-energy-at-home\\\/#primaryimage\"},\"thumbnailUrl\":\"https:\\\/\\\/jyrkkala.fi\\\/content\\\/uploads\\\/2019\\\/06\\\/jyrkkala_825x510px_2.jpg\",\"datePublished\":\"2019-06-06T10:30:56+00:00\",\"dateModified\":\"2021-04-01T12:36:13+00:00\",\"description\":\"By reducing your energy consumption you can save both nature and money. As a resident of Jyrkk\u00e4l\u00e4 it's easy to live in an ecologically sustainable way.\",\"breadcrumb\":{\"@id\":\"https:\\\/\\\/www.jyrkkala.fi\\\/en\\\/for-residents\\\/residents-guide\\\/saving-energy-at-home\\\/#breadcrumb\"},\"inLanguage\":\"en-US\",\"potentialAction\":[{\"@type\":\"ReadAction\",\"target\":[\"https:\\\/\\\/www.jyrkkala.fi\\\/en\\\/for-residents\\\/residents-guide\\\/saving-energy-at-home\\\/\"]}]},{\"@type\":\"ImageObject\",\"inLanguage\":\"en-US\",\"@id\":\"https:\\\/\\\/www.jyrkkala.fi\\\/en\\\/for-residents\\\/residents-guide\\\/saving-energy-at-home\\\/#primaryimage\",\"url\":\"https:\\\/\\\/jyrkkala.fi\\\/content\\\/uploads\\\/2019\\\/06\\\/jyrkkala_825x510px_2.jpg\",\"contentUrl\":\"https:\\\/\\\/jyrkkala.fi\\\/content\\\/uploads\\\/2019\\\/06\\\/jyrkkala_825x510px_2.jpg\",\"width\":825,\"height\":510,\"caption\":\"V\u00e4rik\u00e4s julkisivu Jyrkk\u00e4l\u00e4n asuinalueen asuinrakennuksessa\"},{\"@type\":\"BreadcrumbList\",\"@id\":\"https:\\\/\\\/www.jyrkkala.fi\\\/en\\\/for-residents\\\/residents-guide\\\/saving-energy-at-home\\\/#breadcrumb\",\"itemListElement\":[{\"@type\":\"ListItem\",\"position\":1,\"name\":\"Home\",\"item\":\"https:\\\/\\\/jyrkkala.fi\\\/en\\\/\"},{\"@type\":\"ListItem\",\"position\":2,\"name\":\"For residents\",\"item\":\"https:\\\/\\\/jyrkkala.fi\\\/en\\\/for-residents\\\/\"},{\"@type\":\"ListItem\",\"position\":3,\"name\":\"Resident&#8217;s guide\",\"item\":\"https:\\\/\\\/www.jyrkkala.fi\\\/en\\\/for-residents\\\/residents-guide\\\/\"},{\"@type\":\"ListItem\",\"position\":4,\"name\":\"Saving energy at home\"}]},{\"@type\":\"WebSite\",\"@id\":\"https:\\\/\\\/jyrkkala.fi\\\/#website\",\"url\":\"https:\\\/\\\/jyrkkala.fi\\\/\",\"name\":\"KOy Jyrkk\u00e4l\u00e4npolku Turku\",\"description\":\"\",\"potentialAction\":[{\"@type\":\"SearchAction\",\"target\":{\"@type\":\"EntryPoint\",\"urlTemplate\":\"https:\\\/\\\/jyrkkala.fi\\\/?s={search_term_string}\"},\"query-input\":{\"@type\":\"PropertyValueSpecification\",\"valueRequired\":true,\"valueName\":\"search_term_string\"}}],\"inLanguage\":\"en-US\"}]}<\/script>\n<!-- \/ Yoast SEO plugin. -->","yoast_head_json":{"title":"Saving energy at home | KOy Jyrkk\u00e4l\u00e4npolku Turku | Get the tips","description":"By reducing your energy consumption you can save both nature and money. As a resident of Jyrkk\u00e4l\u00e4 it's easy to live in an ecologically sustainable way.","robots":{"index":"index","follow":"follow","max-snippet":"max-snippet:-1","max-image-preview":"max-image-preview:large","max-video-preview":"max-video-preview:-1"},"canonical":"https:\/\/www.jyrkkala.fi\/en\/for-residents\/residents-guide\/saving-energy-at-home\/","og_locale":"en_US","og_type":"article","og_title":"Saving energy at home | KOy Jyrkk\u00e4l\u00e4npolku Turku | Get the tips","og_description":"By reducing your energy consumption you can save both nature and money. As a resident of Jyrkk\u00e4l\u00e4 it's easy to live in an ecologically sustainable way.","og_url":"https:\/\/www.jyrkkala.fi\/en\/for-residents\/residents-guide\/saving-energy-at-home\/","og_site_name":"KOy Jyrkk\u00e4l\u00e4npolku Turku","article_modified_time":"2021-04-01T12:36:13+00:00","og_image":[{"width":825,"height":510,"url":"https:\/\/www.jyrkkala.fi\/content\/uploads\/2019\/06\/jyrkkala_825x510px_2.jpg","type":"image\/jpeg"}],"twitter_card":"summary_large_image","twitter_misc":{"Est. reading time":"2 minutes"},"schema":{"@context":"https:\/\/schema.org","@graph":[{"@type":"WebPage","@id":"https:\/\/www.jyrkkala.fi\/en\/for-residents\/residents-guide\/saving-energy-at-home\/","url":"https:\/\/www.jyrkkala.fi\/en\/for-residents\/residents-guide\/saving-energy-at-home\/","name":"Saving energy at home | KOy Jyrkk\u00e4l\u00e4npolku Turku | Get the tips","isPartOf":{"@id":"https:\/\/jyrkkala.fi\/#website"},"primaryImageOfPage":{"@id":"https:\/\/www.jyrkkala.fi\/en\/for-residents\/residents-guide\/saving-energy-at-home\/#primaryimage"},"image":{"@id":"https:\/\/www.jyrkkala.fi\/en\/for-residents\/residents-guide\/saving-energy-at-home\/#primaryimage"},"thumbnailUrl":"https:\/\/jyrkkala.fi\/content\/uploads\/2019\/06\/jyrkkala_825x510px_2.jpg","datePublished":"2019-06-06T10:30:56+00:00","dateModified":"2021-04-01T12:36:13+00:00","description":"By reducing your energy consumption you can save both nature and money. As a resident of Jyrkk\u00e4l\u00e4 it's easy to live in an ecologically sustainable way.","breadcrumb":{"@id":"https:\/\/www.jyrkkala.fi\/en\/for-residents\/residents-guide\/saving-energy-at-home\/#breadcrumb"},"inLanguage":"en-US","potentialAction":[{"@type":"ReadAction","target":["https:\/\/www.jyrkkala.fi\/en\/for-residents\/residents-guide\/saving-energy-at-home\/"]}]},{"@type":"ImageObject","inLanguage":"en-US","@id":"https:\/\/www.jyrkkala.fi\/en\/for-residents\/residents-guide\/saving-energy-at-home\/#primaryimage","url":"https:\/\/jyrkkala.fi\/content\/uploads\/2019\/06\/jyrkkala_825x510px_2.jpg","contentUrl":"https:\/\/jyrkkala.fi\/content\/uploads\/2019\/06\/jyrkkala_825x510px_2.jpg","width":825,"height":510,"caption":"V\u00e4rik\u00e4s julkisivu Jyrkk\u00e4l\u00e4n asuinalueen asuinrakennuksessa"},{"@type":"BreadcrumbList","@id":"https:\/\/www.jyrkkala.fi\/en\/for-residents\/residents-guide\/saving-energy-at-home\/#breadcrumb","itemListElement":[{"@type":"ListItem","position":1,"name":"Home","item":"https:\/\/jyrkkala.fi\/en\/"},{"@type":"ListItem","position":2,"name":"For residents","item":"https:\/\/jyrkkala.fi\/en\/for-residents\/"},{"@type":"ListItem","position":3,"name":"Resident&#8217;s guide","item":"https:\/\/www.jyrkkala.fi\/en\/for-residents\/residents-guide\/"},{"@type":"ListItem","position":4,"name":"Saving energy at home"}]},{"@type":"WebSite","@id":"https:\/\/jyrkkala.fi\/#website","url":"https:\/\/jyrkkala.fi\/","name":"KOy Jyrkk\u00e4l\u00e4npolku Turku","description":"","potentialAction":[{"@type":"SearchAction","target":{"@type":"EntryPoint","urlTemplate":"https:\/\/jyrkkala.fi\/?s={search_term_string}"},"query-input":{"@type":"PropertyValueSpecification","valueRequired":true,"valueName":"search_term_string"}}],"inLanguage":"en-US"}]}},"_links":{"self":[{"href":"https:\/\/jyrkkala.fi\/en\/wp-json\/wp\/v2\/pages\/205","targetHints":{"allow":["GET"]}}],"collection":[{"href":"https:\/\/jyrkkala.fi\/en\/wp-json\/wp\/v2\/pages"}],"about":[{"href":"https:\/\/jyrkkala.fi\/en\/wp-json\/wp\/v2\/types\/page"}],"author":[{"embeddable":true,"href":"https:\/\/jyrkkala.fi\/en\/wp-json\/wp\/v2\/users\/12"}],"replies":[{"embeddable":true,"href":"https:\/\/jyrkkala.fi\/en\/wp-json\/wp\/v2\/comments?post=205"}],"version-history":[{"count":5,"href":"https:\/\/jyrkkala.fi\/en\/wp-json\/wp\/v2\/pages\/205\/revisions"}],"predecessor-version":[{"id":3223,"href":"https:\/\/jyrkkala.fi\/en\/wp-json\/wp\/v2\/pages\/205\/revisions\/3223"}],"up":[{"embeddable":true,"href":"https:\/\/jyrkkala.fi\/en\/wp-json\/wp\/v2\/pages\/163"}],"wp:featuredmedia":[{"embeddable":true,"href":"https:\/\/jyrkkala.fi\/en\/wp-json\/wp\/v2\/media\/1924"}],"wp:attachment":[{"href":"https:\/\/jyrkkala.fi\/en\/wp-json\/wp\/v2\/media?parent=205"}],"curies":[{"name":"wp","href":"https:\/\/api.w.org\/{rel}","templated":true}]}}