{"id":2021,"date":"2019-06-26T09:32:17","date_gmt":"2019-06-26T09:32:17","guid":{"rendered":"https:\/\/jyrkkala.dev.sst.fi\/?page_id=2021"},"modified":"2024-02-12T11:08:17","modified_gmt":"2024-02-12T11:08:17","slug":"departure-notice","status":"publish","type":"page","link":"https:\/\/jyrkkala.fi\/en\/for-residents\/forms\/departure-notice\/","title":{"rendered":"Departure notice"},"content":{"rendered":"<p><!-- START: Visma Sign Forms --><br \/>\n[iframe-consent]<br \/>\n<iframe id=\"visma-sign-forms-1d9018a9-938a-4f36-b4d7-270423a913bd\" style=\"width: 100%; height: 600px;\" src=\"https:\/\/www.vismasignforms.com\/form\/49e2a789-5cb6-4054-b5fd-29fd61f3a63c\"><\/iframe><br \/>\n[\/iframe-consent]<br \/>\n<script src=https:\/\/www.vismasignforms.com\/iframe-resizer\/iframeResizer.min.js><\/script><\/p>\n<p><script type=\"text\/javascript\">iFrameResize({ checkOrigin: false, minHeight: 600, scrolling: 'auto' }, '#visma-sign-forms-1d9018a9-938a-4f36-b4d7-270423a913bd');<\/script><\/p>\n<p><!-- END: Visma Sign Forms --><\/p>\n","protected":false},"excerpt":{"rendered":"<p>[iframe-consent] [\/iframe-consent]<\/p>\n","protected":false},"author":12,"featured_media":0,"parent":265,"menu_order":1,"comment_status":"closed","ping_status":"closed","template":"resident-page.php","meta":{"_acf_changed":false,"inline_featured_image":false,"footnotes":""},"class_list":["post-2021","page","type-page","status-publish","hentry"],"acf":[],"yoast_head":"<!-- This site is optimized with the Yoast SEO plugin v27.4 - https:\/\/yoast.com\/product\/yoast-seo-wordpress\/ -->\n<title>Departure notice | KOy Jyrkk\u00e4l\u00e4npolku Turku | For residents<\/title>\n<meta name=\"description\" content=\"Jyrkk\u00e4l\u00e4 is a cozy residental area close to nature about 5 km from Turku city centre. On this page the resident can submit a departure notification.\" \/>\n<meta name=\"robots\" content=\"index, follow, max-snippet:-1, max-image-preview:large, max-video-preview:-1\" \/>\n<link rel=\"canonical\" href=\"https:\/\/www.jyrkkala.fi\/en\/for-residents\/forms\/departure-notice\/\" \/>\n<meta property=\"og:locale\" content=\"en_US\" \/>\n<meta property=\"og:type\" content=\"article\" \/>\n<meta property=\"og:title\" content=\"Departure notice | KOy Jyrkk\u00e4l\u00e4npolku Turku | For residents\" \/>\n<meta property=\"og:description\" content=\"Jyrkk\u00e4l\u00e4 is a cozy residental area close to nature about 5 km from Turku city centre. On this page the resident can submit a departure notification.\" \/>\n<meta property=\"og:url\" content=\"https:\/\/www.jyrkkala.fi\/en\/for-residents\/forms\/departure-notice\/\" \/>\n<meta property=\"og:site_name\" content=\"KOy Jyrkk\u00e4l\u00e4npolku Turku\" \/>\n<meta property=\"article:modified_time\" content=\"2024-02-12T11:08:17+00:00\" \/>\n<meta name=\"twitter:card\" content=\"summary_large_image\" \/>\n<meta name=\"twitter:label1\" content=\"Est. reading time\" \/>\n\t<meta name=\"twitter:data1\" content=\"1 minute\" \/>\n<script type=\"application\/ld+json\" class=\"yoast-schema-graph\">{\"@context\":\"https:\\\/\\\/schema.org\",\"@graph\":[{\"@type\":\"WebPage\",\"@id\":\"https:\\\/\\\/www.jyrkkala.fi\\\/en\\\/for-residents\\\/forms\\\/departure-notice\\\/\",\"url\":\"https:\\\/\\\/www.jyrkkala.fi\\\/en\\\/for-residents\\\/forms\\\/departure-notice\\\/\",\"name\":\"Departure notice | KOy Jyrkk\u00e4l\u00e4npolku Turku | For residents\",\"isPartOf\":{\"@id\":\"https:\\\/\\\/jyrkkala.fi\\\/#website\"},\"datePublished\":\"2019-06-26T09:32:17+00:00\",\"dateModified\":\"2024-02-12T11:08:17+00:00\",\"description\":\"Jyrkk\u00e4l\u00e4 is a cozy residental area close to nature about 5 km from Turku city centre. On this page the resident can submit a departure notification.\",\"breadcrumb\":{\"@id\":\"https:\\\/\\\/www.jyrkkala.fi\\\/en\\\/for-residents\\\/forms\\\/departure-notice\\\/#breadcrumb\"},\"inLanguage\":\"en-US\",\"potentialAction\":[{\"@type\":\"ReadAction\",\"target\":[\"https:\\\/\\\/www.jyrkkala.fi\\\/en\\\/for-residents\\\/forms\\\/departure-notice\\\/\"]}]},{\"@type\":\"BreadcrumbList\",\"@id\":\"https:\\\/\\\/www.jyrkkala.fi\\\/en\\\/for-residents\\\/forms\\\/departure-notice\\\/#breadcrumb\",\"itemListElement\":[{\"@type\":\"ListItem\",\"position\":1,\"name\":\"Home\",\"item\":\"https:\\\/\\\/jyrkkala.fi\\\/en\\\/\"},{\"@type\":\"ListItem\",\"position\":2,\"name\":\"For residents\",\"item\":\"https:\\\/\\\/jyrkkala.fi\\\/en\\\/for-residents\\\/\"},{\"@type\":\"ListItem\",\"position\":3,\"name\":\"Forms\",\"item\":\"https:\\\/\\\/jyrkkala.fi\\\/en\\\/for-residents\\\/forms\\\/\"},{\"@type\":\"ListItem\",\"position\":4,\"name\":\"Departure notice\"}]},{\"@type\":\"WebSite\",\"@id\":\"https:\\\/\\\/jyrkkala.fi\\\/#website\",\"url\":\"https:\\\/\\\/jyrkkala.fi\\\/\",\"name\":\"KOy Jyrkk\u00e4l\u00e4npolku Turku\",\"description\":\"\",\"potentialAction\":[{\"@type\":\"SearchAction\",\"target\":{\"@type\":\"EntryPoint\",\"urlTemplate\":\"https:\\\/\\\/jyrkkala.fi\\\/?s={search_term_string}\"},\"query-input\":{\"@type\":\"PropertyValueSpecification\",\"valueRequired\":true,\"valueName\":\"search_term_string\"}}],\"inLanguage\":\"en-US\"}]}<\/script>\n<!-- \/ Yoast SEO plugin. -->","yoast_head_json":{"title":"Departure notice | KOy Jyrkk\u00e4l\u00e4npolku Turku | For residents","description":"Jyrkk\u00e4l\u00e4 is a cozy residental area close to nature about 5 km from Turku city centre. On this page the resident can submit a departure notification.","robots":{"index":"index","follow":"follow","max-snippet":"max-snippet:-1","max-image-preview":"max-image-preview:large","max-video-preview":"max-video-preview:-1"},"canonical":"https:\/\/www.jyrkkala.fi\/en\/for-residents\/forms\/departure-notice\/","og_locale":"en_US","og_type":"article","og_title":"Departure notice | KOy Jyrkk\u00e4l\u00e4npolku Turku | For residents","og_description":"Jyrkk\u00e4l\u00e4 is a cozy residental area close to nature about 5 km from Turku city centre. On this page the resident can submit a departure notification.","og_url":"https:\/\/www.jyrkkala.fi\/en\/for-residents\/forms\/departure-notice\/","og_site_name":"KOy Jyrkk\u00e4l\u00e4npolku Turku","article_modified_time":"2024-02-12T11:08:17+00:00","twitter_card":"summary_large_image","twitter_misc":{"Est. reading time":"1 minute"},"schema":{"@context":"https:\/\/schema.org","@graph":[{"@type":"WebPage","@id":"https:\/\/www.jyrkkala.fi\/en\/for-residents\/forms\/departure-notice\/","url":"https:\/\/www.jyrkkala.fi\/en\/for-residents\/forms\/departure-notice\/","name":"Departure notice | KOy Jyrkk\u00e4l\u00e4npolku Turku | For residents","isPartOf":{"@id":"https:\/\/jyrkkala.fi\/#website"},"datePublished":"2019-06-26T09:32:17+00:00","dateModified":"2024-02-12T11:08:17+00:00","description":"Jyrkk\u00e4l\u00e4 is a cozy residental area close to nature about 5 km from Turku city centre. On this page the resident can submit a departure notification.","breadcrumb":{"@id":"https:\/\/www.jyrkkala.fi\/en\/for-residents\/forms\/departure-notice\/#breadcrumb"},"inLanguage":"en-US","potentialAction":[{"@type":"ReadAction","target":["https:\/\/www.jyrkkala.fi\/en\/for-residents\/forms\/departure-notice\/"]}]},{"@type":"BreadcrumbList","@id":"https:\/\/www.jyrkkala.fi\/en\/for-residents\/forms\/departure-notice\/#breadcrumb","itemListElement":[{"@type":"ListItem","position":1,"name":"Home","item":"https:\/\/jyrkkala.fi\/en\/"},{"@type":"ListItem","position":2,"name":"For residents","item":"https:\/\/jyrkkala.fi\/en\/for-residents\/"},{"@type":"ListItem","position":3,"name":"Forms","item":"https:\/\/jyrkkala.fi\/en\/for-residents\/forms\/"},{"@type":"ListItem","position":4,"name":"Departure notice"}]},{"@type":"WebSite","@id":"https:\/\/jyrkkala.fi\/#website","url":"https:\/\/jyrkkala.fi\/","name":"KOy Jyrkk\u00e4l\u00e4npolku Turku","description":"","potentialAction":[{"@type":"SearchAction","target":{"@type":"EntryPoint","urlTemplate":"https:\/\/jyrkkala.fi\/?s={search_term_string}"},"query-input":{"@type":"PropertyValueSpecification","valueRequired":true,"valueName":"search_term_string"}}],"inLanguage":"en-US"}]}},"_links":{"self":[{"href":"https:\/\/jyrkkala.fi\/en\/wp-json\/wp\/v2\/pages\/2021","targetHints":{"allow":["GET"]}}],"collection":[{"href":"https:\/\/jyrkkala.fi\/en\/wp-json\/wp\/v2\/pages"}],"about":[{"href":"https:\/\/jyrkkala.fi\/en\/wp-json\/wp\/v2\/types\/page"}],"author":[{"embeddable":true,"href":"https:\/\/jyrkkala.fi\/en\/wp-json\/wp\/v2\/users\/12"}],"replies":[{"embeddable":true,"href":"https:\/\/jyrkkala.fi\/en\/wp-json\/wp\/v2\/comments?post=2021"}],"version-history":[{"count":6,"href":"https:\/\/jyrkkala.fi\/en\/wp-json\/wp\/v2\/pages\/2021\/revisions"}],"predecessor-version":[{"id":3735,"href":"https:\/\/jyrkkala.fi\/en\/wp-json\/wp\/v2\/pages\/2021\/revisions\/3735"}],"up":[{"embeddable":true,"href":"https:\/\/jyrkkala.fi\/en\/wp-json\/wp\/v2\/pages\/265"}],"wp:attachment":[{"href":"https:\/\/jyrkkala.fi\/en\/wp-json\/wp\/v2\/media?parent=2021"}],"curies":[{"name":"wp","href":"https:\/\/api.w.org\/{rel}","templated":true}]}}