{"id":2008,"date":"2019-06-26T07:47:35","date_gmt":"2019-06-26T07:47:35","guid":{"rendered":"https:\/\/jyrkkala.dev.sst.fi\/?page_id=2008"},"modified":"2024-02-12T11:01:23","modified_gmt":"2024-02-12T11:01:23","slug":"change-of-name","status":"publish","type":"page","link":"https:\/\/jyrkkala.fi\/en\/for-residents\/forms\/change-of-name\/","title":{"rendered":"Change of name"},"content":{"rendered":"<p><!-- START: Visma Sign Forms --><br \/>\n[iframe-consent]<br \/>\n<iframe id=\"visma-sign-forms-7dd2fdbf-1f74-4060-b57d-b5085cb308c8\" style=\"width: 100%; height: 600px;\" src=\"https:\/\/www.vismasignforms.com\/form\/e15c7ade-77ec-45a2-9e13-9e80ad7ce85a\"><\/iframe><br \/>\n[\/iframe-consent]<br \/>\n<script src=https:\/\/www.vismasignforms.com\/iframe-resizer\/iframeResizer.min.js><\/script><\/p>\n<p><script type=\"text\/javascript\">iFrameResize({ checkOrigin: false, minHeight: 600, scrolling: 'auto' }, '#visma-sign-forms-7dd2fdbf-1f74-4060-b57d-b5085cb308c8');<\/script><\/p>\n<p><!-- END: Visma Sign Forms --><\/p>\n","protected":false},"excerpt":{"rendered":"<p>[iframe-consent] [\/iframe-consent]<\/p>\n","protected":false},"author":12,"featured_media":0,"parent":265,"menu_order":1,"comment_status":"closed","ping_status":"closed","template":"resident-page.php","meta":{"_acf_changed":false,"inline_featured_image":false,"footnotes":""},"class_list":["post-2008","page","type-page","status-publish","hentry"],"acf":[],"yoast_head":"<!-- This site is optimized with the Yoast SEO plugin v27.3 - https:\/\/yoast.com\/product\/yoast-seo-wordpress\/ -->\n<title>Change of name | KOy Jyrkk\u00e4l\u00e4npolku Turku | For residents<\/title>\n<meta name=\"description\" content=\"Jyrkk\u00e4l\u00e4 is a cozy residental area close to nature about 5 km from Turku city centre. With this form the resident can notify us of a name change.\" \/>\n<meta name=\"robots\" content=\"index, follow, max-snippet:-1, max-image-preview:large, max-video-preview:-1\" \/>\n<link rel=\"canonical\" href=\"http:\/\/jyrkkala.fi\/asukkaille\/lomakkeet\/nimenmuutos\/\" \/>\n<meta property=\"og:locale\" content=\"en_US\" \/>\n<meta property=\"og:type\" content=\"article\" \/>\n<meta property=\"og:title\" content=\"Change of name | KOy Jyrkk\u00e4l\u00e4npolku Turku | For residents\" \/>\n<meta property=\"og:description\" content=\"Jyrkk\u00e4l\u00e4 is a cozy residental area close to nature about 5 km from Turku city centre. With this form the resident can notify us of a name change.\" \/>\n<meta property=\"og:url\" content=\"http:\/\/jyrkkala.fi\/asukkaille\/lomakkeet\/nimenmuutos\/\" \/>\n<meta property=\"og:site_name\" content=\"KOy Jyrkk\u00e4l\u00e4npolku Turku\" \/>\n<meta property=\"article:modified_time\" content=\"2024-02-12T11:01:23+00:00\" \/>\n<meta name=\"twitter:card\" content=\"summary_large_image\" \/>\n<meta name=\"twitter:label1\" content=\"Est. reading time\" \/>\n\t<meta name=\"twitter:data1\" content=\"1 minute\" \/>\n<script type=\"application\/ld+json\" class=\"yoast-schema-graph\">{\"@context\":\"https:\\\/\\\/schema.org\",\"@graph\":[{\"@type\":\"WebPage\",\"@id\":\"http:\\\/\\\/jyrkkala.fi\\\/asukkaille\\\/lomakkeet\\\/nimenmuutos\\\/\",\"url\":\"http:\\\/\\\/jyrkkala.fi\\\/asukkaille\\\/lomakkeet\\\/nimenmuutos\\\/\",\"name\":\"Change of name | KOy Jyrkk\u00e4l\u00e4npolku Turku | For residents\",\"isPartOf\":{\"@id\":\"https:\\\/\\\/jyrkkala.fi\\\/#website\"},\"datePublished\":\"2019-06-26T07:47:35+00:00\",\"dateModified\":\"2024-02-12T11:01:23+00:00\",\"description\":\"Jyrkk\u00e4l\u00e4 is a cozy residental area close to nature about 5 km from Turku city centre. With this form the resident can notify us of a name change.\",\"breadcrumb\":{\"@id\":\"http:\\\/\\\/jyrkkala.fi\\\/asukkaille\\\/lomakkeet\\\/nimenmuutos\\\/#breadcrumb\"},\"inLanguage\":\"en-US\",\"potentialAction\":[{\"@type\":\"ReadAction\",\"target\":[\"http:\\\/\\\/jyrkkala.fi\\\/asukkaille\\\/lomakkeet\\\/nimenmuutos\\\/\"]}]},{\"@type\":\"BreadcrumbList\",\"@id\":\"http:\\\/\\\/jyrkkala.fi\\\/asukkaille\\\/lomakkeet\\\/nimenmuutos\\\/#breadcrumb\",\"itemListElement\":[{\"@type\":\"ListItem\",\"position\":1,\"name\":\"Home\",\"item\":\"https:\\\/\\\/jyrkkala.fi\\\/en\\\/\"},{\"@type\":\"ListItem\",\"position\":2,\"name\":\"For residents\",\"item\":\"https:\\\/\\\/jyrkkala.fi\\\/en\\\/for-residents\\\/\"},{\"@type\":\"ListItem\",\"position\":3,\"name\":\"Forms\",\"item\":\"https:\\\/\\\/jyrkkala.fi\\\/en\\\/for-residents\\\/forms\\\/\"},{\"@type\":\"ListItem\",\"position\":4,\"name\":\"Change of name\"}]},{\"@type\":\"WebSite\",\"@id\":\"https:\\\/\\\/jyrkkala.fi\\\/#website\",\"url\":\"https:\\\/\\\/jyrkkala.fi\\\/\",\"name\":\"KOy Jyrkk\u00e4l\u00e4npolku Turku\",\"description\":\"\",\"potentialAction\":[{\"@type\":\"SearchAction\",\"target\":{\"@type\":\"EntryPoint\",\"urlTemplate\":\"https:\\\/\\\/jyrkkala.fi\\\/?s={search_term_string}\"},\"query-input\":{\"@type\":\"PropertyValueSpecification\",\"valueRequired\":true,\"valueName\":\"search_term_string\"}}],\"inLanguage\":\"en-US\"}]}<\/script>\n<!-- \/ Yoast SEO plugin. -->","yoast_head_json":{"title":"Change of name | KOy Jyrkk\u00e4l\u00e4npolku Turku | For residents","description":"Jyrkk\u00e4l\u00e4 is a cozy residental area close to nature about 5 km from Turku city centre. With this form the resident can notify us of a name change.","robots":{"index":"index","follow":"follow","max-snippet":"max-snippet:-1","max-image-preview":"max-image-preview:large","max-video-preview":"max-video-preview:-1"},"canonical":"http:\/\/jyrkkala.fi\/asukkaille\/lomakkeet\/nimenmuutos\/","og_locale":"en_US","og_type":"article","og_title":"Change of name | KOy Jyrkk\u00e4l\u00e4npolku Turku | For residents","og_description":"Jyrkk\u00e4l\u00e4 is a cozy residental area close to nature about 5 km from Turku city centre. With this form the resident can notify us of a name change.","og_url":"http:\/\/jyrkkala.fi\/asukkaille\/lomakkeet\/nimenmuutos\/","og_site_name":"KOy Jyrkk\u00e4l\u00e4npolku Turku","article_modified_time":"2024-02-12T11:01:23+00:00","twitter_card":"summary_large_image","twitter_misc":{"Est. reading time":"1 minute"},"schema":{"@context":"https:\/\/schema.org","@graph":[{"@type":"WebPage","@id":"http:\/\/jyrkkala.fi\/asukkaille\/lomakkeet\/nimenmuutos\/","url":"http:\/\/jyrkkala.fi\/asukkaille\/lomakkeet\/nimenmuutos\/","name":"Change of name | KOy Jyrkk\u00e4l\u00e4npolku Turku | For residents","isPartOf":{"@id":"https:\/\/jyrkkala.fi\/#website"},"datePublished":"2019-06-26T07:47:35+00:00","dateModified":"2024-02-12T11:01:23+00:00","description":"Jyrkk\u00e4l\u00e4 is a cozy residental area close to nature about 5 km from Turku city centre. With this form the resident can notify us of a name change.","breadcrumb":{"@id":"http:\/\/jyrkkala.fi\/asukkaille\/lomakkeet\/nimenmuutos\/#breadcrumb"},"inLanguage":"en-US","potentialAction":[{"@type":"ReadAction","target":["http:\/\/jyrkkala.fi\/asukkaille\/lomakkeet\/nimenmuutos\/"]}]},{"@type":"BreadcrumbList","@id":"http:\/\/jyrkkala.fi\/asukkaille\/lomakkeet\/nimenmuutos\/#breadcrumb","itemListElement":[{"@type":"ListItem","position":1,"name":"Home","item":"https:\/\/jyrkkala.fi\/en\/"},{"@type":"ListItem","position":2,"name":"For residents","item":"https:\/\/jyrkkala.fi\/en\/for-residents\/"},{"@type":"ListItem","position":3,"name":"Forms","item":"https:\/\/jyrkkala.fi\/en\/for-residents\/forms\/"},{"@type":"ListItem","position":4,"name":"Change of name"}]},{"@type":"WebSite","@id":"https:\/\/jyrkkala.fi\/#website","url":"https:\/\/jyrkkala.fi\/","name":"KOy Jyrkk\u00e4l\u00e4npolku Turku","description":"","potentialAction":[{"@type":"SearchAction","target":{"@type":"EntryPoint","urlTemplate":"https:\/\/jyrkkala.fi\/?s={search_term_string}"},"query-input":{"@type":"PropertyValueSpecification","valueRequired":true,"valueName":"search_term_string"}}],"inLanguage":"en-US"}]}},"_links":{"self":[{"href":"https:\/\/jyrkkala.fi\/en\/wp-json\/wp\/v2\/pages\/2008","targetHints":{"allow":["GET"]}}],"collection":[{"href":"https:\/\/jyrkkala.fi\/en\/wp-json\/wp\/v2\/pages"}],"about":[{"href":"https:\/\/jyrkkala.fi\/en\/wp-json\/wp\/v2\/types\/page"}],"author":[{"embeddable":true,"href":"https:\/\/jyrkkala.fi\/en\/wp-json\/wp\/v2\/users\/12"}],"replies":[{"embeddable":true,"href":"https:\/\/jyrkkala.fi\/en\/wp-json\/wp\/v2\/comments?post=2008"}],"version-history":[{"count":6,"href":"https:\/\/jyrkkala.fi\/en\/wp-json\/wp\/v2\/pages\/2008\/revisions"}],"predecessor-version":[{"id":3729,"href":"https:\/\/jyrkkala.fi\/en\/wp-json\/wp\/v2\/pages\/2008\/revisions\/3729"}],"up":[{"embeddable":true,"href":"https:\/\/jyrkkala.fi\/en\/wp-json\/wp\/v2\/pages\/265"}],"wp:attachment":[{"href":"https:\/\/jyrkkala.fi\/en\/wp-json\/wp\/v2\/media?parent=2008"}],"curies":[{"name":"wp","href":"https:\/\/api.w.org\/{rel}","templated":true}]}}