{"id":1970,"date":"2019-06-26T06:01:47","date_gmt":"2019-06-26T06:01:47","guid":{"rendered":"https:\/\/jyrkkala.dev.sst.fi\/?page_id=1970"},"modified":"2026-01-05T11:16:01","modified_gmt":"2026-01-05T11:16:01","slug":"defect-notice","status":"publish","type":"page","link":"https:\/\/jyrkkala.fi\/en\/for-residents\/forms\/defect-notice\/","title":{"rendered":"Service Request"},"content":{"rendered":"<p>If you can&#8217;t find a solution to your problem from <a href=\"https:\/\/jyrkkala.fi\/en\/for-residents\/faq\/\">Frequently asked questions<\/a>, please fill out the defect notice below.<\/p>\n<p><a href=\"https:\/\/public.aulaan.com\/jyrkkalanpolku\/service-request\" target=\"_blank\" rel=\"noopener noreferrer\">Submit a service request \u00bb<\/a><\/p>\n","protected":false},"excerpt":{"rendered":"<p>If you can&#8217;t find a solution to your problem from Frequently asked questions, please fill out the defect notice below. Submit a service request \u00bb<\/p>\n","protected":false},"author":12,"featured_media":1938,"parent":265,"menu_order":1,"comment_status":"closed","ping_status":"closed","template":"resident-page.php","meta":{"_acf_changed":false,"inline_featured_image":false,"footnotes":""},"class_list":["post-1970","page","type-page","status-publish","has-post-thumbnail","hentry"],"acf":[],"yoast_head":"<!-- This site is optimized with the Yoast SEO plugin v27.3 - https:\/\/yoast.com\/product\/yoast-seo-wordpress\/ -->\n<title>Service Request | KOy Jyrkk\u00e4l\u00e4npolku Turku | How can we help?<\/title>\n<meta name=\"description\" content=\"Jyrkk\u00e4l\u00e4 is a cozy residental area close to nature about 5 km from Turku city centre. On this page the resident can send us a defect notice.\" \/>\n<meta name=\"robots\" content=\"index, follow, max-snippet:-1, max-image-preview:large, max-video-preview:-1\" \/>\n<link rel=\"canonical\" href=\"https:\/\/jyrkkala.fi\/en\/for-residents\/forms\/defect-notice\/\" \/>\n<meta property=\"og:locale\" content=\"en_US\" \/>\n<meta property=\"og:type\" content=\"article\" \/>\n<meta property=\"og:title\" content=\"Service Request | KOy Jyrkk\u00e4l\u00e4npolku Turku | How can we help?\" \/>\n<meta property=\"og:description\" content=\"Jyrkk\u00e4l\u00e4 is a cozy residental area close to nature about 5 km from Turku city centre. On this page the resident can send us a defect notice.\" \/>\n<meta property=\"og:url\" content=\"https:\/\/jyrkkala.fi\/en\/for-residents\/forms\/defect-notice\/\" \/>\n<meta property=\"og:site_name\" content=\"KOy Jyrkk\u00e4l\u00e4npolku Turku\" \/>\n<meta property=\"article:modified_time\" content=\"2026-01-05T11:16:01+00:00\" \/>\n<meta property=\"og:image\" content=\"https:\/\/jyrkkala.fi\/content\/uploads\/2019\/06\/jyrkkala_825x510px_12.jpg\" \/>\n\t<meta property=\"og:image:width\" content=\"825\" \/>\n\t<meta property=\"og:image:height\" content=\"510\" \/>\n\t<meta property=\"og:image:type\" content=\"image\/jpeg\" \/>\n<meta name=\"twitter:card\" content=\"summary_large_image\" \/>\n<meta name=\"twitter:label1\" content=\"Est. reading time\" \/>\n\t<meta name=\"twitter:data1\" content=\"1 minute\" \/>\n<script type=\"application\/ld+json\" class=\"yoast-schema-graph\">{\"@context\":\"https:\\\/\\\/schema.org\",\"@graph\":[{\"@type\":\"WebPage\",\"@id\":\"https:\\\/\\\/jyrkkala.fi\\\/en\\\/for-residents\\\/forms\\\/defect-notice\\\/\",\"url\":\"https:\\\/\\\/jyrkkala.fi\\\/en\\\/for-residents\\\/forms\\\/defect-notice\\\/\",\"name\":\"Service Request | KOy Jyrkk\u00e4l\u00e4npolku Turku | How can we help?\",\"isPartOf\":{\"@id\":\"https:\\\/\\\/jyrkkala.fi\\\/#website\"},\"primaryImageOfPage\":{\"@id\":\"https:\\\/\\\/jyrkkala.fi\\\/en\\\/for-residents\\\/forms\\\/defect-notice\\\/#primaryimage\"},\"image\":{\"@id\":\"https:\\\/\\\/jyrkkala.fi\\\/en\\\/for-residents\\\/forms\\\/defect-notice\\\/#primaryimage\"},\"thumbnailUrl\":\"https:\\\/\\\/jyrkkala.fi\\\/content\\\/uploads\\\/2019\\\/06\\\/jyrkkala_825x510px_12.jpg\",\"datePublished\":\"2019-06-26T06:01:47+00:00\",\"dateModified\":\"2026-01-05T11:16:01+00:00\",\"description\":\"Jyrkk\u00e4l\u00e4 is a cozy residental area close to nature about 5 km from Turku city centre. On this page the resident can send us a defect notice.\",\"breadcrumb\":{\"@id\":\"https:\\\/\\\/jyrkkala.fi\\\/en\\\/for-residents\\\/forms\\\/defect-notice\\\/#breadcrumb\"},\"inLanguage\":\"en-US\",\"potentialAction\":[{\"@type\":\"ReadAction\",\"target\":[\"https:\\\/\\\/jyrkkala.fi\\\/en\\\/for-residents\\\/forms\\\/defect-notice\\\/\"]}]},{\"@type\":\"ImageObject\",\"inLanguage\":\"en-US\",\"@id\":\"https:\\\/\\\/jyrkkala.fi\\\/en\\\/for-residents\\\/forms\\\/defect-notice\\\/#primaryimage\",\"url\":\"https:\\\/\\\/jyrkkala.fi\\\/content\\\/uploads\\\/2019\\\/06\\\/jyrkkala_825x510px_12.jpg\",\"contentUrl\":\"https:\\\/\\\/jyrkkala.fi\\\/content\\\/uploads\\\/2019\\\/06\\\/jyrkkala_825x510px_12.jpg\",\"width\":825,\"height\":510,\"caption\":\"Kev\u00e4isi\u00e4 puunoksia Jyrkk\u00e4l\u00e4n asuinrakennuksen edess\u00e4 Turussa\"},{\"@type\":\"BreadcrumbList\",\"@id\":\"https:\\\/\\\/jyrkkala.fi\\\/en\\\/for-residents\\\/forms\\\/defect-notice\\\/#breadcrumb\",\"itemListElement\":[{\"@type\":\"ListItem\",\"position\":1,\"name\":\"Home\",\"item\":\"https:\\\/\\\/jyrkkala.fi\\\/en\\\/\"},{\"@type\":\"ListItem\",\"position\":2,\"name\":\"For residents\",\"item\":\"https:\\\/\\\/jyrkkala.fi\\\/en\\\/for-residents\\\/\"},{\"@type\":\"ListItem\",\"position\":3,\"name\":\"Forms\",\"item\":\"https:\\\/\\\/jyrkkala.fi\\\/en\\\/for-residents\\\/forms\\\/\"},{\"@type\":\"ListItem\",\"position\":4,\"name\":\"Service Request\"}]},{\"@type\":\"WebSite\",\"@id\":\"https:\\\/\\\/jyrkkala.fi\\\/#website\",\"url\":\"https:\\\/\\\/jyrkkala.fi\\\/\",\"name\":\"KOy Jyrkk\u00e4l\u00e4npolku Turku\",\"description\":\"\",\"potentialAction\":[{\"@type\":\"SearchAction\",\"target\":{\"@type\":\"EntryPoint\",\"urlTemplate\":\"https:\\\/\\\/jyrkkala.fi\\\/?s={search_term_string}\"},\"query-input\":{\"@type\":\"PropertyValueSpecification\",\"valueRequired\":true,\"valueName\":\"search_term_string\"}}],\"inLanguage\":\"en-US\"}]}<\/script>\n<!-- \/ Yoast SEO plugin. -->","yoast_head_json":{"title":"Service Request | KOy Jyrkk\u00e4l\u00e4npolku Turku | How can we help?","description":"Jyrkk\u00e4l\u00e4 is a cozy residental area close to nature about 5 km from Turku city centre. On this page the resident can send us a defect notice.","robots":{"index":"index","follow":"follow","max-snippet":"max-snippet:-1","max-image-preview":"max-image-preview:large","max-video-preview":"max-video-preview:-1"},"canonical":"https:\/\/jyrkkala.fi\/en\/for-residents\/forms\/defect-notice\/","og_locale":"en_US","og_type":"article","og_title":"Service Request | KOy Jyrkk\u00e4l\u00e4npolku Turku | How can we help?","og_description":"Jyrkk\u00e4l\u00e4 is a cozy residental area close to nature about 5 km from Turku city centre. On this page the resident can send us a defect notice.","og_url":"https:\/\/jyrkkala.fi\/en\/for-residents\/forms\/defect-notice\/","og_site_name":"KOy Jyrkk\u00e4l\u00e4npolku Turku","article_modified_time":"2026-01-05T11:16:01+00:00","og_image":[{"width":825,"height":510,"url":"https:\/\/jyrkkala.fi\/content\/uploads\/2019\/06\/jyrkkala_825x510px_12.jpg","type":"image\/jpeg"}],"twitter_card":"summary_large_image","twitter_misc":{"Est. reading time":"1 minute"},"schema":{"@context":"https:\/\/schema.org","@graph":[{"@type":"WebPage","@id":"https:\/\/jyrkkala.fi\/en\/for-residents\/forms\/defect-notice\/","url":"https:\/\/jyrkkala.fi\/en\/for-residents\/forms\/defect-notice\/","name":"Service Request | KOy Jyrkk\u00e4l\u00e4npolku Turku | How can we help?","isPartOf":{"@id":"https:\/\/jyrkkala.fi\/#website"},"primaryImageOfPage":{"@id":"https:\/\/jyrkkala.fi\/en\/for-residents\/forms\/defect-notice\/#primaryimage"},"image":{"@id":"https:\/\/jyrkkala.fi\/en\/for-residents\/forms\/defect-notice\/#primaryimage"},"thumbnailUrl":"https:\/\/jyrkkala.fi\/content\/uploads\/2019\/06\/jyrkkala_825x510px_12.jpg","datePublished":"2019-06-26T06:01:47+00:00","dateModified":"2026-01-05T11:16:01+00:00","description":"Jyrkk\u00e4l\u00e4 is a cozy residental area close to nature about 5 km from Turku city centre. On this page the resident can send us a defect notice.","breadcrumb":{"@id":"https:\/\/jyrkkala.fi\/en\/for-residents\/forms\/defect-notice\/#breadcrumb"},"inLanguage":"en-US","potentialAction":[{"@type":"ReadAction","target":["https:\/\/jyrkkala.fi\/en\/for-residents\/forms\/defect-notice\/"]}]},{"@type":"ImageObject","inLanguage":"en-US","@id":"https:\/\/jyrkkala.fi\/en\/for-residents\/forms\/defect-notice\/#primaryimage","url":"https:\/\/jyrkkala.fi\/content\/uploads\/2019\/06\/jyrkkala_825x510px_12.jpg","contentUrl":"https:\/\/jyrkkala.fi\/content\/uploads\/2019\/06\/jyrkkala_825x510px_12.jpg","width":825,"height":510,"caption":"Kev\u00e4isi\u00e4 puunoksia Jyrkk\u00e4l\u00e4n asuinrakennuksen edess\u00e4 Turussa"},{"@type":"BreadcrumbList","@id":"https:\/\/jyrkkala.fi\/en\/for-residents\/forms\/defect-notice\/#breadcrumb","itemListElement":[{"@type":"ListItem","position":1,"name":"Home","item":"https:\/\/jyrkkala.fi\/en\/"},{"@type":"ListItem","position":2,"name":"For residents","item":"https:\/\/jyrkkala.fi\/en\/for-residents\/"},{"@type":"ListItem","position":3,"name":"Forms","item":"https:\/\/jyrkkala.fi\/en\/for-residents\/forms\/"},{"@type":"ListItem","position":4,"name":"Service Request"}]},{"@type":"WebSite","@id":"https:\/\/jyrkkala.fi\/#website","url":"https:\/\/jyrkkala.fi\/","name":"KOy Jyrkk\u00e4l\u00e4npolku Turku","description":"","potentialAction":[{"@type":"SearchAction","target":{"@type":"EntryPoint","urlTemplate":"https:\/\/jyrkkala.fi\/?s={search_term_string}"},"query-input":{"@type":"PropertyValueSpecification","valueRequired":true,"valueName":"search_term_string"}}],"inLanguage":"en-US"}]}},"_links":{"self":[{"href":"https:\/\/jyrkkala.fi\/en\/wp-json\/wp\/v2\/pages\/1970","targetHints":{"allow":["GET"]}}],"collection":[{"href":"https:\/\/jyrkkala.fi\/en\/wp-json\/wp\/v2\/pages"}],"about":[{"href":"https:\/\/jyrkkala.fi\/en\/wp-json\/wp\/v2\/types\/page"}],"author":[{"embeddable":true,"href":"https:\/\/jyrkkala.fi\/en\/wp-json\/wp\/v2\/users\/12"}],"replies":[{"embeddable":true,"href":"https:\/\/jyrkkala.fi\/en\/wp-json\/wp\/v2\/comments?post=1970"}],"version-history":[{"count":4,"href":"https:\/\/jyrkkala.fi\/en\/wp-json\/wp\/v2\/pages\/1970\/revisions"}],"predecessor-version":[{"id":4394,"href":"https:\/\/jyrkkala.fi\/en\/wp-json\/wp\/v2\/pages\/1970\/revisions\/4394"}],"up":[{"embeddable":true,"href":"https:\/\/jyrkkala.fi\/en\/wp-json\/wp\/v2\/pages\/265"}],"wp:featuredmedia":[{"embeddable":true,"href":"https:\/\/jyrkkala.fi\/en\/wp-json\/wp\/v2\/media\/1938"}],"wp:attachment":[{"href":"https:\/\/jyrkkala.fi\/en\/wp-json\/wp\/v2\/media?parent=1970"}],"curies":[{"name":"wp","href":"https:\/\/api.w.org\/{rel}","templated":true}]}}