{"id":191,"date":"2019-06-06T06:54:09","date_gmt":"2019-06-06T06:54:09","guid":{"rendered":"https:\/\/jyrkkala.dev.sst.fi\/?page_id=191"},"modified":"2026-01-05T11:19:29","modified_gmt":"2026-01-05T11:19:29","slug":"take-care-of-your-home","status":"publish","type":"page","link":"https:\/\/jyrkkala.fi\/en\/for-residents\/residents-guide\/take-care-of-your-home\/","title":{"rendered":"How to take care of your home"},"content":{"rendered":"<p>On this page you will find useful tips for taking care of your apartment. If these instructions are not helpful, please submit a service request by clicking the link below.<span style=\"color: #000000;\">\u00a0<\/span>Keep in mind that the resident is obliged to take good care of the apartment and to avoid all kinds of activity that can damage the apartment. If you notice any defects that are the landlord\u2019s responsibility to repair, please let us know right away.<\/p>\n<p><a href=\"https:\/\/public.aulaan.com\/jyrkkalanpolku\/service-request\" target=\"_blank\" rel=\"noopener\">Submit a service request \u00bb<\/a><\/p>\n<div class=\"page\" title=\"Page 6\">\n<div class=\"layoutArea\">\n<div class=\"column\">\n<h4>Temperature<\/h4>\n<ul>\n<li>The room temperature should be 21\u201322 \u00b0C, but not close to the outer wall. If the room temperature is too low or high, submit a service request.<\/li>\n<li>The radiator is supposed to be cold from time to time: for example, if the outside air temperature is over 12 \u00b0C, or if you are concerned about the thermostatic valve.<\/li>\n<li>If the apartment is hot, adjust the radiator thermostat lower. Do not air out the heat.<\/li>\n<li>Do not place any furniture, curtains etc. in front of the thermostat or radiator.<\/li>\n<li>If only the top of the radiator is warm, the radiator valve is working properly.<\/li>\n<\/ul>\n<h4>Water leakage or defective pipe joints<\/h4>\n<ul>\n<li>Close the tap\u2019s shut-off valves.<\/li>\n<li>Submit a service request immediately.<\/li>\n<\/ul>\n<h4>Drains<\/h4>\n<ul>\n<li>Open the stench trap, remove any accumulated material and wash with a mild detergent solution.<\/li>\n<\/ul>\n<h4>There is a draft by the windows or the air feels stuffy<\/h4>\n<ul>\n<li>There are two types of ventilation systems in the buildings. Houses Z\u2013\u00d6 have mechanical exhaust ventilation. Check that the replacement air velves of the windows are open. Wash the valve if necessary.<\/li>\n<li>Houses A\u2013Y have a mechanical input\/extract air ventilation. Use a cloth or a vacuum cleaner to clean the outside of the ventilation valves.<\/li>\n<\/ul>\n<div class=\"page\" title=\"Page 7\">\n<div class=\"layoutArea\">\n<div class=\"column\">\n<h4>Kitchen<\/h4>\n<\/div>\n<\/div>\n<div class=\"layoutArea\">\n<div class=\"column\">\n<ul>\n<li>Wash the cooker hood grease filter and exhaust air valves with a mild detergent solution at least once a month. Do not adjust the exhaust valve settings.<\/li>\n<li>Regularly monitor the operation of the dishwasher and make sure that the hose connections do not leak. Clean the filter inside the dishwasher according to the instructions of the manufacturer.<\/li>\n<li>Pull the fridge out of its place and vacuum the back of the machine at least once a year. Check the operation of the fridge and the freezer in accordance with the operating instructions. Let the freezer melt according to the manufacturer\u2019s instructions.<\/li>\n<li>Regularly clean the trash filter in the kitchen sink.<\/li>\n<li>Clean the ventilation valves of dust and dirt at least twice a year. If the cover is detachable, it can be washed with a mild detergent solution. Keep the valves open, do not cover them. Do not change the valve settings.<\/li>\n<\/ul>\n<h4>TV channels and internet<\/h4>\n<ul>\n<li>If necessary, tune the channels again and check the settings.<\/li>\n<li><a href=\"https:\/\/www.telia.fi\/english\/contact\">Telia Customer Service<\/a><\/li>\n<\/ul>\n<h4>No electricity in the apartment or in one of the sockets<\/h4>\n<ul>\n<li>Check the fuses in the apartment. Raise the tripped fuse to the ON position.<\/li>\n<li>Check if other residents have the same problem (are the lights on in the yard, do other apartments have their lights on). You can get more information from Turku Energia.<\/li>\n<\/ul>\n<h4>Bathroom and WC<\/h4>\n<ul>\n<li>Wipe the ceiling and wash the floor and walls regularly, as they can easily accumulate dirt and detergent residues. Always dry the floor after washing up.<\/li>\n<li>Regularly clean floor drain and its interior, at least once a month.<\/li>\n<li>Clean the filter of the sink regularly.<\/li>\n<li>Follow the operation of the washing machine regularly and make sure the hose connections do not leak. Clean the machine\u2019s lint filter according to the manufacturer\u2019s operating instructions.<\/li>\n<li>Clean the air ventilation valves from dust at least twice a year. If the cover is detachable, it can be washed with a mild detergent solution. Always keep the valves open, do not cover them. Make sure that air circulates properly. Check the ventilation units according to the operating instructions and remember that the valve adjustment position must not be changed.<\/li>\n<\/ul>\n<h4>Balcony<\/h4>\n<ul>\n<li>Keep the balcony clean by removing any water and trash.<\/li>\n<li>Do not throw anything from the balcony (cigarette butts, rubbish, snow, etc.)<\/li>\n<\/ul>\n<\/div>\n<\/div>\n<\/div>\n<\/div>\n<\/div>\n<\/div>\n","protected":false},"excerpt":{"rendered":"<p>On this page you will find useful tips for taking care of your apartment. If these instructions are not helpful, please submit a service request by clicking the link below.\u00a0Keep in mind that the resident is obliged to take good care of the apartment and to avoid all kinds of activity that can damage the [&hellip;]<\/p>\n","protected":false},"author":12,"featured_media":1920,"parent":163,"menu_order":0,"comment_status":"closed","ping_status":"closed","template":"resident-page.php","meta":{"_acf_changed":false,"inline_featured_image":false,"footnotes":""},"class_list":["post-191","page","type-page","status-publish","has-post-thumbnail","hentry"],"acf":[],"yoast_head":"<!-- This site is optimized with the Yoast SEO plugin v27.3 - https:\/\/yoast.com\/product\/yoast-seo-wordpress\/ -->\n<title>How to take care of your home | KOy Jyrkk\u00e4l\u00e4npolku Turku | Useful tips<\/title>\n<meta name=\"description\" content=\"Jyrkk\u00e4l\u00e4 is a cozy residental area close to nature about 5 km from Turku city centre. Here you can find instructions on how to take good care of your home.\" \/>\n<meta name=\"robots\" content=\"index, follow, max-snippet:-1, max-image-preview:large, max-video-preview:-1\" \/>\n<link rel=\"canonical\" href=\"https:\/\/www.jyrkkala.fi\/en\/for-residents\/residents-guide\/take-care-of-your-home\/\" \/>\n<meta property=\"og:locale\" content=\"en_US\" \/>\n<meta property=\"og:type\" content=\"article\" \/>\n<meta property=\"og:title\" content=\"How to take care of your home | KOy Jyrkk\u00e4l\u00e4npolku Turku | Useful tips\" \/>\n<meta property=\"og:description\" content=\"Jyrkk\u00e4l\u00e4 is a cozy residental area close to nature about 5 km from Turku city centre. Here you can find instructions on how to take good care of your home.\" \/>\n<meta property=\"og:url\" content=\"https:\/\/www.jyrkkala.fi\/en\/for-residents\/residents-guide\/take-care-of-your-home\/\" \/>\n<meta property=\"og:site_name\" content=\"KOy Jyrkk\u00e4l\u00e4npolku Turku\" \/>\n<meta property=\"article:modified_time\" content=\"2026-01-05T11:19:29+00:00\" \/>\n<meta property=\"og:image\" content=\"https:\/\/www.jyrkkala.fi\/content\/uploads\/2019\/06\/jyrkkala_825x510px_6.jpg\" \/>\n\t<meta property=\"og:image:width\" content=\"825\" \/>\n\t<meta property=\"og:image:height\" content=\"510\" \/>\n\t<meta property=\"og:image:type\" content=\"image\/jpeg\" \/>\n<meta name=\"twitter:card\" content=\"summary_large_image\" \/>\n<meta name=\"twitter:label1\" content=\"Est. reading time\" \/>\n\t<meta name=\"twitter:data1\" content=\"5 minutes\" \/>\n<script type=\"application\/ld+json\" class=\"yoast-schema-graph\">{\"@context\":\"https:\\\/\\\/schema.org\",\"@graph\":[{\"@type\":\"WebPage\",\"@id\":\"https:\\\/\\\/www.jyrkkala.fi\\\/en\\\/for-residents\\\/residents-guide\\\/take-care-of-your-home\\\/\",\"url\":\"https:\\\/\\\/www.jyrkkala.fi\\\/en\\\/for-residents\\\/residents-guide\\\/take-care-of-your-home\\\/\",\"name\":\"How to take care of your home | KOy Jyrkk\u00e4l\u00e4npolku Turku | Useful tips\",\"isPartOf\":{\"@id\":\"https:\\\/\\\/jyrkkala.fi\\\/#website\"},\"primaryImageOfPage\":{\"@id\":\"https:\\\/\\\/www.jyrkkala.fi\\\/en\\\/for-residents\\\/residents-guide\\\/take-care-of-your-home\\\/#primaryimage\"},\"image\":{\"@id\":\"https:\\\/\\\/www.jyrkkala.fi\\\/en\\\/for-residents\\\/residents-guide\\\/take-care-of-your-home\\\/#primaryimage\"},\"thumbnailUrl\":\"https:\\\/\\\/jyrkkala.fi\\\/content\\\/uploads\\\/2019\\\/06\\\/jyrkkala_825x510px_6.jpg\",\"datePublished\":\"2019-06-06T06:54:09+00:00\",\"dateModified\":\"2026-01-05T11:19:29+00:00\",\"description\":\"Jyrkk\u00e4l\u00e4 is a cozy residental area close to nature about 5 km from Turku city centre. Here you can find instructions on how to take good care of your home.\",\"breadcrumb\":{\"@id\":\"https:\\\/\\\/www.jyrkkala.fi\\\/en\\\/for-residents\\\/residents-guide\\\/take-care-of-your-home\\\/#breadcrumb\"},\"inLanguage\":\"en-US\",\"potentialAction\":[{\"@type\":\"ReadAction\",\"target\":[\"https:\\\/\\\/www.jyrkkala.fi\\\/en\\\/for-residents\\\/residents-guide\\\/take-care-of-your-home\\\/\"]}]},{\"@type\":\"ImageObject\",\"inLanguage\":\"en-US\",\"@id\":\"https:\\\/\\\/www.jyrkkala.fi\\\/en\\\/for-residents\\\/residents-guide\\\/take-care-of-your-home\\\/#primaryimage\",\"url\":\"https:\\\/\\\/jyrkkala.fi\\\/content\\\/uploads\\\/2019\\\/06\\\/jyrkkala_825x510px_6.jpg\",\"contentUrl\":\"https:\\\/\\\/jyrkkala.fi\\\/content\\\/uploads\\\/2019\\\/06\\\/jyrkkala_825x510px_6.jpg\",\"width\":825,\"height\":510,\"caption\":\"Vuokralaisten yhteiset kerhotilat Turussa\"},{\"@type\":\"BreadcrumbList\",\"@id\":\"https:\\\/\\\/www.jyrkkala.fi\\\/en\\\/for-residents\\\/residents-guide\\\/take-care-of-your-home\\\/#breadcrumb\",\"itemListElement\":[{\"@type\":\"ListItem\",\"position\":1,\"name\":\"Home\",\"item\":\"https:\\\/\\\/jyrkkala.fi\\\/en\\\/\"},{\"@type\":\"ListItem\",\"position\":2,\"name\":\"For residents\",\"item\":\"https:\\\/\\\/jyrkkala.fi\\\/en\\\/for-residents\\\/\"},{\"@type\":\"ListItem\",\"position\":3,\"name\":\"Resident&#8217;s guide\",\"item\":\"https:\\\/\\\/www.jyrkkala.fi\\\/en\\\/for-residents\\\/residents-guide\\\/\"},{\"@type\":\"ListItem\",\"position\":4,\"name\":\"How to take care of your home\"}]},{\"@type\":\"WebSite\",\"@id\":\"https:\\\/\\\/jyrkkala.fi\\\/#website\",\"url\":\"https:\\\/\\\/jyrkkala.fi\\\/\",\"name\":\"KOy Jyrkk\u00e4l\u00e4npolku Turku\",\"description\":\"\",\"potentialAction\":[{\"@type\":\"SearchAction\",\"target\":{\"@type\":\"EntryPoint\",\"urlTemplate\":\"https:\\\/\\\/jyrkkala.fi\\\/?s={search_term_string}\"},\"query-input\":{\"@type\":\"PropertyValueSpecification\",\"valueRequired\":true,\"valueName\":\"search_term_string\"}}],\"inLanguage\":\"en-US\"}]}<\/script>\n<!-- \/ Yoast SEO plugin. -->","yoast_head_json":{"title":"How to take care of your home | KOy Jyrkk\u00e4l\u00e4npolku Turku | Useful tips","description":"Jyrkk\u00e4l\u00e4 is a cozy residental area close to nature about 5 km from Turku city centre. Here you can find instructions on how to take good care of your home.","robots":{"index":"index","follow":"follow","max-snippet":"max-snippet:-1","max-image-preview":"max-image-preview:large","max-video-preview":"max-video-preview:-1"},"canonical":"https:\/\/www.jyrkkala.fi\/en\/for-residents\/residents-guide\/take-care-of-your-home\/","og_locale":"en_US","og_type":"article","og_title":"How to take care of your home | KOy Jyrkk\u00e4l\u00e4npolku Turku | Useful tips","og_description":"Jyrkk\u00e4l\u00e4 is a cozy residental area close to nature about 5 km from Turku city centre. Here you can find instructions on how to take good care of your home.","og_url":"https:\/\/www.jyrkkala.fi\/en\/for-residents\/residents-guide\/take-care-of-your-home\/","og_site_name":"KOy Jyrkk\u00e4l\u00e4npolku Turku","article_modified_time":"2026-01-05T11:19:29+00:00","og_image":[{"width":825,"height":510,"url":"https:\/\/www.jyrkkala.fi\/content\/uploads\/2019\/06\/jyrkkala_825x510px_6.jpg","type":"image\/jpeg"}],"twitter_card":"summary_large_image","twitter_misc":{"Est. reading time":"5 minutes"},"schema":{"@context":"https:\/\/schema.org","@graph":[{"@type":"WebPage","@id":"https:\/\/www.jyrkkala.fi\/en\/for-residents\/residents-guide\/take-care-of-your-home\/","url":"https:\/\/www.jyrkkala.fi\/en\/for-residents\/residents-guide\/take-care-of-your-home\/","name":"How to take care of your home | KOy Jyrkk\u00e4l\u00e4npolku Turku | Useful tips","isPartOf":{"@id":"https:\/\/jyrkkala.fi\/#website"},"primaryImageOfPage":{"@id":"https:\/\/www.jyrkkala.fi\/en\/for-residents\/residents-guide\/take-care-of-your-home\/#primaryimage"},"image":{"@id":"https:\/\/www.jyrkkala.fi\/en\/for-residents\/residents-guide\/take-care-of-your-home\/#primaryimage"},"thumbnailUrl":"https:\/\/jyrkkala.fi\/content\/uploads\/2019\/06\/jyrkkala_825x510px_6.jpg","datePublished":"2019-06-06T06:54:09+00:00","dateModified":"2026-01-05T11:19:29+00:00","description":"Jyrkk\u00e4l\u00e4 is a cozy residental area close to nature about 5 km from Turku city centre. Here you can find instructions on how to take good care of your home.","breadcrumb":{"@id":"https:\/\/www.jyrkkala.fi\/en\/for-residents\/residents-guide\/take-care-of-your-home\/#breadcrumb"},"inLanguage":"en-US","potentialAction":[{"@type":"ReadAction","target":["https:\/\/www.jyrkkala.fi\/en\/for-residents\/residents-guide\/take-care-of-your-home\/"]}]},{"@type":"ImageObject","inLanguage":"en-US","@id":"https:\/\/www.jyrkkala.fi\/en\/for-residents\/residents-guide\/take-care-of-your-home\/#primaryimage","url":"https:\/\/jyrkkala.fi\/content\/uploads\/2019\/06\/jyrkkala_825x510px_6.jpg","contentUrl":"https:\/\/jyrkkala.fi\/content\/uploads\/2019\/06\/jyrkkala_825x510px_6.jpg","width":825,"height":510,"caption":"Vuokralaisten yhteiset kerhotilat Turussa"},{"@type":"BreadcrumbList","@id":"https:\/\/www.jyrkkala.fi\/en\/for-residents\/residents-guide\/take-care-of-your-home\/#breadcrumb","itemListElement":[{"@type":"ListItem","position":1,"name":"Home","item":"https:\/\/jyrkkala.fi\/en\/"},{"@type":"ListItem","position":2,"name":"For residents","item":"https:\/\/jyrkkala.fi\/en\/for-residents\/"},{"@type":"ListItem","position":3,"name":"Resident&#8217;s guide","item":"https:\/\/www.jyrkkala.fi\/en\/for-residents\/residents-guide\/"},{"@type":"ListItem","position":4,"name":"How to take care of your home"}]},{"@type":"WebSite","@id":"https:\/\/jyrkkala.fi\/#website","url":"https:\/\/jyrkkala.fi\/","name":"KOy Jyrkk\u00e4l\u00e4npolku Turku","description":"","potentialAction":[{"@type":"SearchAction","target":{"@type":"EntryPoint","urlTemplate":"https:\/\/jyrkkala.fi\/?s={search_term_string}"},"query-input":{"@type":"PropertyValueSpecification","valueRequired":true,"valueName":"search_term_string"}}],"inLanguage":"en-US"}]}},"_links":{"self":[{"href":"https:\/\/jyrkkala.fi\/en\/wp-json\/wp\/v2\/pages\/191","targetHints":{"allow":["GET"]}}],"collection":[{"href":"https:\/\/jyrkkala.fi\/en\/wp-json\/wp\/v2\/pages"}],"about":[{"href":"https:\/\/jyrkkala.fi\/en\/wp-json\/wp\/v2\/types\/page"}],"author":[{"embeddable":true,"href":"https:\/\/jyrkkala.fi\/en\/wp-json\/wp\/v2\/users\/12"}],"replies":[{"embeddable":true,"href":"https:\/\/jyrkkala.fi\/en\/wp-json\/wp\/v2\/comments?post=191"}],"version-history":[{"count":17,"href":"https:\/\/jyrkkala.fi\/en\/wp-json\/wp\/v2\/pages\/191\/revisions"}],"predecessor-version":[{"id":4397,"href":"https:\/\/jyrkkala.fi\/en\/wp-json\/wp\/v2\/pages\/191\/revisions\/4397"}],"up":[{"embeddable":true,"href":"https:\/\/jyrkkala.fi\/en\/wp-json\/wp\/v2\/pages\/163"}],"wp:featuredmedia":[{"embeddable":true,"href":"https:\/\/jyrkkala.fi\/en\/wp-json\/wp\/v2\/media\/1920"}],"wp:attachment":[{"href":"https:\/\/jyrkkala.fi\/en\/wp-json\/wp\/v2\/media?parent=191"}],"curies":[{"name":"wp","href":"https:\/\/api.w.org\/{rel}","templated":true}]}}