{"id":1815,"date":"2019-06-17T08:08:45","date_gmt":"2019-06-17T08:08:45","guid":{"rendered":"https:\/\/jyrkkala.dev.sst.fi\/?page_id=1815"},"modified":"2024-02-12T11:02:26","modified_gmt":"2024-02-12T11:02:26","slug":"disturbance-notice","status":"publish","type":"page","link":"https:\/\/jyrkkala.fi\/en\/for-residents\/forms\/disturbance-notice\/","title":{"rendered":"Disturbance notice"},"content":{"rendered":"<p><!-- START: Visma Sign Forms --><\/p>\n<p>Fill the form below digitally or download and print the form by clicking on the following link.<\/p>\n<p><a href=\"https:\/\/www.jyrkkala.fi\/content\/uploads\/2019\/09\/Disturbance_notice_jyrkkala_0919.pdf\" target=\"_blank\" rel=\"noopener noreferrer\">Fill and download form \u00bb<\/a><br \/>\n[iframe-consent]<br \/>\n<iframe id=\"visma-sign-forms-b4611964-7413-4052-b6f5-04dda149cf71\" style=\"width: 100%; height: 600px;\" src=\"https:\/\/www.vismasignforms.com\/form\/b3af085c-f944-4018-acd3-48f8ff0f31c2\"><\/iframe><br \/>\n[\/iframe-consent]<br \/>\n<script src=https:\/\/www.vismasignforms.com\/iframe-resizer\/iframeResizer.min.js><\/script><br \/>\n<script type=\"text\/javascript\">iFrameResize({ checkOrigin: false, minHeight: 600, scrolling: 'auto' }, '#visma-sign-forms-b4611964-7413-4052-b6f5-04dda149cf71');<\/script><br \/>\n<!-- END: Visma Sign Forms --><\/p>\n","protected":false},"excerpt":{"rendered":"<p>Fill the form below digitally or download and print the form by clicking on the following link. Fill and download form \u00bb [iframe-consent] [\/iframe-consent]<\/p>\n","protected":false},"author":12,"featured_media":1932,"parent":265,"menu_order":1,"comment_status":"closed","ping_status":"closed","template":"resident-page.php","meta":{"_acf_changed":false,"inline_featured_image":false,"footnotes":""},"class_list":["post-1815","page","type-page","status-publish","has-post-thumbnail","hentry"],"acf":[],"yoast_head":"<!-- This site is optimized with the Yoast SEO plugin v27.4 - https:\/\/yoast.com\/product\/yoast-seo-wordpress\/ -->\n<title>Disturbance notice | KOy Jyrkk\u00e4l\u00e4npolku Turku | For residents<\/title>\n<meta name=\"description\" content=\"Jyrkk\u00e4l\u00e4 is a cozy residental area close to nature about 5 km from Turku city centre. On this page the resident can submit a disturbance notice.\" \/>\n<meta name=\"robots\" content=\"index, follow, max-snippet:-1, max-image-preview:large, max-video-preview:-1\" \/>\n<link rel=\"canonical\" href=\"https:\/\/www.jyrkkala.fi\/en\/for-residents\/forms\/disturbance-notice\/\" \/>\n<meta property=\"og:locale\" content=\"en_US\" \/>\n<meta property=\"og:type\" content=\"article\" \/>\n<meta property=\"og:title\" content=\"Disturbance notice | KOy Jyrkk\u00e4l\u00e4npolku Turku | For residents\" \/>\n<meta property=\"og:description\" content=\"Jyrkk\u00e4l\u00e4 is a cozy residental area close to nature about 5 km from Turku city centre. On this page the resident can submit a disturbance notice.\" \/>\n<meta property=\"og:url\" content=\"https:\/\/www.jyrkkala.fi\/en\/for-residents\/forms\/disturbance-notice\/\" \/>\n<meta property=\"og:site_name\" content=\"KOy Jyrkk\u00e4l\u00e4npolku Turku\" \/>\n<meta property=\"article:modified_time\" content=\"2024-02-12T11:02:26+00:00\" \/>\n<meta property=\"og:image\" content=\"https:\/\/www.jyrkkala.fi\/content\/uploads\/2019\/06\/jyrkkala_825x510px_10.jpg\" \/>\n\t<meta property=\"og:image:width\" content=\"825\" \/>\n\t<meta property=\"og:image:height\" content=\"510\" \/>\n\t<meta property=\"og:image:type\" content=\"image\/jpeg\" \/>\n<meta name=\"twitter:card\" content=\"summary_large_image\" \/>\n<meta name=\"twitter:label1\" content=\"Est. reading time\" \/>\n\t<meta name=\"twitter:data1\" content=\"1 minute\" \/>\n<script type=\"application\/ld+json\" class=\"yoast-schema-graph\">{\"@context\":\"https:\\\/\\\/schema.org\",\"@graph\":[{\"@type\":\"WebPage\",\"@id\":\"https:\\\/\\\/www.jyrkkala.fi\\\/en\\\/for-residents\\\/forms\\\/disturbance-notice\\\/\",\"url\":\"https:\\\/\\\/www.jyrkkala.fi\\\/en\\\/for-residents\\\/forms\\\/disturbance-notice\\\/\",\"name\":\"Disturbance notice | KOy Jyrkk\u00e4l\u00e4npolku Turku | For residents\",\"isPartOf\":{\"@id\":\"https:\\\/\\\/jyrkkala.fi\\\/#website\"},\"primaryImageOfPage\":{\"@id\":\"https:\\\/\\\/www.jyrkkala.fi\\\/en\\\/for-residents\\\/forms\\\/disturbance-notice\\\/#primaryimage\"},\"image\":{\"@id\":\"https:\\\/\\\/www.jyrkkala.fi\\\/en\\\/for-residents\\\/forms\\\/disturbance-notice\\\/#primaryimage\"},\"thumbnailUrl\":\"https:\\\/\\\/jyrkkala.fi\\\/content\\\/uploads\\\/2019\\\/06\\\/jyrkkala_825x510px_10.jpg\",\"datePublished\":\"2019-06-17T08:08:45+00:00\",\"dateModified\":\"2024-02-12T11:02:26+00:00\",\"description\":\"Jyrkk\u00e4l\u00e4 is a cozy residental area close to nature about 5 km from Turku city centre. On this page the resident can submit a disturbance notice.\",\"breadcrumb\":{\"@id\":\"https:\\\/\\\/www.jyrkkala.fi\\\/en\\\/for-residents\\\/forms\\\/disturbance-notice\\\/#breadcrumb\"},\"inLanguage\":\"en-US\",\"potentialAction\":[{\"@type\":\"ReadAction\",\"target\":[\"https:\\\/\\\/www.jyrkkala.fi\\\/en\\\/for-residents\\\/forms\\\/disturbance-notice\\\/\"]}]},{\"@type\":\"ImageObject\",\"inLanguage\":\"en-US\",\"@id\":\"https:\\\/\\\/www.jyrkkala.fi\\\/en\\\/for-residents\\\/forms\\\/disturbance-notice\\\/#primaryimage\",\"url\":\"https:\\\/\\\/jyrkkala.fi\\\/content\\\/uploads\\\/2019\\\/06\\\/jyrkkala_825x510px_10.jpg\",\"contentUrl\":\"https:\\\/\\\/jyrkkala.fi\\\/content\\\/uploads\\\/2019\\\/06\\\/jyrkkala_825x510px_10.jpg\",\"width\":825,\"height\":510,\"caption\":\"V\u00e4rik\u00e4s asuinrakennuksen julkisivu Jyrkk\u00e4l\u00e4ss\u00e4\"},{\"@type\":\"BreadcrumbList\",\"@id\":\"https:\\\/\\\/www.jyrkkala.fi\\\/en\\\/for-residents\\\/forms\\\/disturbance-notice\\\/#breadcrumb\",\"itemListElement\":[{\"@type\":\"ListItem\",\"position\":1,\"name\":\"Home\",\"item\":\"https:\\\/\\\/jyrkkala.fi\\\/en\\\/\"},{\"@type\":\"ListItem\",\"position\":2,\"name\":\"For residents\",\"item\":\"https:\\\/\\\/jyrkkala.fi\\\/en\\\/for-residents\\\/\"},{\"@type\":\"ListItem\",\"position\":3,\"name\":\"Forms\",\"item\":\"https:\\\/\\\/jyrkkala.fi\\\/en\\\/for-residents\\\/forms\\\/\"},{\"@type\":\"ListItem\",\"position\":4,\"name\":\"Disturbance notice\"}]},{\"@type\":\"WebSite\",\"@id\":\"https:\\\/\\\/jyrkkala.fi\\\/#website\",\"url\":\"https:\\\/\\\/jyrkkala.fi\\\/\",\"name\":\"KOy Jyrkk\u00e4l\u00e4npolku Turku\",\"description\":\"\",\"potentialAction\":[{\"@type\":\"SearchAction\",\"target\":{\"@type\":\"EntryPoint\",\"urlTemplate\":\"https:\\\/\\\/jyrkkala.fi\\\/?s={search_term_string}\"},\"query-input\":{\"@type\":\"PropertyValueSpecification\",\"valueRequired\":true,\"valueName\":\"search_term_string\"}}],\"inLanguage\":\"en-US\"}]}<\/script>\n<!-- \/ Yoast SEO plugin. -->","yoast_head_json":{"title":"Disturbance notice | KOy Jyrkk\u00e4l\u00e4npolku Turku | For residents","description":"Jyrkk\u00e4l\u00e4 is a cozy residental area close to nature about 5 km from Turku city centre. On this page the resident can submit a disturbance notice.","robots":{"index":"index","follow":"follow","max-snippet":"max-snippet:-1","max-image-preview":"max-image-preview:large","max-video-preview":"max-video-preview:-1"},"canonical":"https:\/\/www.jyrkkala.fi\/en\/for-residents\/forms\/disturbance-notice\/","og_locale":"en_US","og_type":"article","og_title":"Disturbance notice | KOy Jyrkk\u00e4l\u00e4npolku Turku | For residents","og_description":"Jyrkk\u00e4l\u00e4 is a cozy residental area close to nature about 5 km from Turku city centre. On this page the resident can submit a disturbance notice.","og_url":"https:\/\/www.jyrkkala.fi\/en\/for-residents\/forms\/disturbance-notice\/","og_site_name":"KOy Jyrkk\u00e4l\u00e4npolku Turku","article_modified_time":"2024-02-12T11:02:26+00:00","og_image":[{"width":825,"height":510,"url":"https:\/\/www.jyrkkala.fi\/content\/uploads\/2019\/06\/jyrkkala_825x510px_10.jpg","type":"image\/jpeg"}],"twitter_card":"summary_large_image","twitter_misc":{"Est. reading time":"1 minute"},"schema":{"@context":"https:\/\/schema.org","@graph":[{"@type":"WebPage","@id":"https:\/\/www.jyrkkala.fi\/en\/for-residents\/forms\/disturbance-notice\/","url":"https:\/\/www.jyrkkala.fi\/en\/for-residents\/forms\/disturbance-notice\/","name":"Disturbance notice | KOy Jyrkk\u00e4l\u00e4npolku Turku | For residents","isPartOf":{"@id":"https:\/\/jyrkkala.fi\/#website"},"primaryImageOfPage":{"@id":"https:\/\/www.jyrkkala.fi\/en\/for-residents\/forms\/disturbance-notice\/#primaryimage"},"image":{"@id":"https:\/\/www.jyrkkala.fi\/en\/for-residents\/forms\/disturbance-notice\/#primaryimage"},"thumbnailUrl":"https:\/\/jyrkkala.fi\/content\/uploads\/2019\/06\/jyrkkala_825x510px_10.jpg","datePublished":"2019-06-17T08:08:45+00:00","dateModified":"2024-02-12T11:02:26+00:00","description":"Jyrkk\u00e4l\u00e4 is a cozy residental area close to nature about 5 km from Turku city centre. On this page the resident can submit a disturbance notice.","breadcrumb":{"@id":"https:\/\/www.jyrkkala.fi\/en\/for-residents\/forms\/disturbance-notice\/#breadcrumb"},"inLanguage":"en-US","potentialAction":[{"@type":"ReadAction","target":["https:\/\/www.jyrkkala.fi\/en\/for-residents\/forms\/disturbance-notice\/"]}]},{"@type":"ImageObject","inLanguage":"en-US","@id":"https:\/\/www.jyrkkala.fi\/en\/for-residents\/forms\/disturbance-notice\/#primaryimage","url":"https:\/\/jyrkkala.fi\/content\/uploads\/2019\/06\/jyrkkala_825x510px_10.jpg","contentUrl":"https:\/\/jyrkkala.fi\/content\/uploads\/2019\/06\/jyrkkala_825x510px_10.jpg","width":825,"height":510,"caption":"V\u00e4rik\u00e4s asuinrakennuksen julkisivu Jyrkk\u00e4l\u00e4ss\u00e4"},{"@type":"BreadcrumbList","@id":"https:\/\/www.jyrkkala.fi\/en\/for-residents\/forms\/disturbance-notice\/#breadcrumb","itemListElement":[{"@type":"ListItem","position":1,"name":"Home","item":"https:\/\/jyrkkala.fi\/en\/"},{"@type":"ListItem","position":2,"name":"For residents","item":"https:\/\/jyrkkala.fi\/en\/for-residents\/"},{"@type":"ListItem","position":3,"name":"Forms","item":"https:\/\/jyrkkala.fi\/en\/for-residents\/forms\/"},{"@type":"ListItem","position":4,"name":"Disturbance notice"}]},{"@type":"WebSite","@id":"https:\/\/jyrkkala.fi\/#website","url":"https:\/\/jyrkkala.fi\/","name":"KOy Jyrkk\u00e4l\u00e4npolku Turku","description":"","potentialAction":[{"@type":"SearchAction","target":{"@type":"EntryPoint","urlTemplate":"https:\/\/jyrkkala.fi\/?s={search_term_string}"},"query-input":{"@type":"PropertyValueSpecification","valueRequired":true,"valueName":"search_term_string"}}],"inLanguage":"en-US"}]}},"_links":{"self":[{"href":"https:\/\/jyrkkala.fi\/en\/wp-json\/wp\/v2\/pages\/1815","targetHints":{"allow":["GET"]}}],"collection":[{"href":"https:\/\/jyrkkala.fi\/en\/wp-json\/wp\/v2\/pages"}],"about":[{"href":"https:\/\/jyrkkala.fi\/en\/wp-json\/wp\/v2\/types\/page"}],"author":[{"embeddable":true,"href":"https:\/\/jyrkkala.fi\/en\/wp-json\/wp\/v2\/users\/12"}],"replies":[{"embeddable":true,"href":"https:\/\/jyrkkala.fi\/en\/wp-json\/wp\/v2\/comments?post=1815"}],"version-history":[{"count":7,"href":"https:\/\/jyrkkala.fi\/en\/wp-json\/wp\/v2\/pages\/1815\/revisions"}],"predecessor-version":[{"id":3730,"href":"https:\/\/jyrkkala.fi\/en\/wp-json\/wp\/v2\/pages\/1815\/revisions\/3730"}],"up":[{"embeddable":true,"href":"https:\/\/jyrkkala.fi\/en\/wp-json\/wp\/v2\/pages\/265"}],"wp:featuredmedia":[{"embeddable":true,"href":"https:\/\/jyrkkala.fi\/en\/wp-json\/wp\/v2\/media\/1932"}],"wp:attachment":[{"href":"https:\/\/jyrkkala.fi\/en\/wp-json\/wp\/v2\/media?parent=1815"}],"curies":[{"name":"wp","href":"https:\/\/api.w.org\/{rel}","templated":true}]}}