{"id":1810,"date":"2019-06-17T07:49:15","date_gmt":"2019-06-17T07:49:15","guid":{"rendered":"https:\/\/jyrkkala.dev.sst.fi\/?page_id=1810"},"modified":"2024-02-12T11:07:27","modified_gmt":"2024-02-12T11:07:27","slug":"termination-of-rental-contract","status":"publish","type":"page","link":"https:\/\/jyrkkala.fi\/en\/for-residents\/forms\/termination-of-rental-contract\/","title":{"rendered":"Termination of rental contract"},"content":{"rendered":"<p><strong>With this form you can terminate the rental contract of your apartment. Print and submit the completed form to the Jyrkk\u00e4l\u00e4 office.<\/strong><\/p>\n<p>Notice of the termination must be given in writing. The period of notice is one month. If the agreement is terminated between the first and the 15th day of a month, the earliest date of termination can be the 15th of the following month. If the agreement is terminated after the 15th day of a month, the earliest date of termination can be the last day of the following month. You can also set a later date as the day of termination. If the agreement is in more than one person\u2019s name and they are all leaving the apartment, they must all terminate the lease agreement respectively.<\/p>\n<p><a href=\"https:\/\/jyrkkala.fi\/content\/uploads\/2020\/05\/jyrkkala_irtisanominen_0420_taytettava_EN.pdf\" target=\"_blank\" rel=\"noopener noreferrer\">Download form \u00bb<\/a><\/p>\n<p><a href=\"https:\/\/jyrkkala.fi\/en\/residents-guide\/checklist-for-moving-out\/\">Checklist for moving out \u00bb<\/a><\/p>\n<h4 class=\"p1\">Fill in and sign the form electronically<\/h4>\n<p><!-- START: Visma Sign Forms --><br \/>\n[iframe-consent]<br \/>\n<iframe id=\"visma-sign-forms-8d3d7020-eea9-4ea1-b47f-ed6e640c8c4e\" style=\"width: 100%; height: 600px; border-width: 0px;\" src=\"https:\/\/www.vismasignforms.com\/form\/906d66fd-de60-4d62-b53c-c4c3a04e9322\"><\/iframe><br \/>\n[\/iframe-consent]<br \/>\n<script src=\"https:\/\/www.vismasignforms.com\/iframe-resizer\/iframeResizer.min.js\"><\/script> <script type=\"text\/javascript\">iFrameResize({ checkOrigin: false, minHeight: 600, scrolling: 'auto' }, '#visma-sign-forms-8d3d7020-eea9-4ea1-b47f-ed6e640c8c4e');<\/script><\/p>\n<p><!-- END: Visma Sign Forms --><\/p>\n","protected":false},"excerpt":{"rendered":"<p>With this form you can terminate the rental contract of your apartment. Print and submit the completed form to the Jyrkk\u00e4l\u00e4 office. Notice of the termination must be given in writing. The period of notice is one month. If the agreement is terminated between the first and the 15th day of a month, the earliest [&hellip;]<\/p>\n","protected":false},"author":12,"featured_media":1934,"parent":265,"menu_order":1,"comment_status":"closed","ping_status":"closed","template":"resident-page.php","meta":{"_acf_changed":false,"inline_featured_image":false,"footnotes":""},"class_list":["post-1810","page","type-page","status-publish","has-post-thumbnail","hentry"],"acf":[],"yoast_head":"<!-- This site is optimized with the Yoast SEO plugin v27.4 - https:\/\/yoast.com\/product\/yoast-seo-wordpress\/ -->\n<title>Termination of rental contract | KOy Jyrkk\u00e4l\u00e4npolku Turku | For residents<\/title>\n<meta name=\"description\" content=\"Jyrkk\u00e4l\u00e4 is a cozy residental area close to nature about 5 km from Turku city centre. On this page the resident can terminate his or her rental contract.\" \/>\n<meta name=\"robots\" content=\"index, follow, max-snippet:-1, max-image-preview:large, max-video-preview:-1\" \/>\n<link rel=\"canonical\" href=\"http:\/\/jyrkkala.fi\/asukkaille\/lomakkeet\/vuokrasopimuksen-irtisanominen\/\" \/>\n<meta property=\"og:locale\" content=\"en_US\" \/>\n<meta property=\"og:type\" content=\"article\" \/>\n<meta property=\"og:title\" content=\"Termination of rental contract | KOy Jyrkk\u00e4l\u00e4npolku Turku | For residents\" \/>\n<meta property=\"og:description\" content=\"Jyrkk\u00e4l\u00e4 is a cozy residental area close to nature about 5 km from Turku city centre. On this page the resident can terminate his or her rental contract.\" \/>\n<meta property=\"og:url\" content=\"http:\/\/jyrkkala.fi\/asukkaille\/lomakkeet\/vuokrasopimuksen-irtisanominen\/\" \/>\n<meta property=\"og:site_name\" content=\"KOy Jyrkk\u00e4l\u00e4npolku Turku\" \/>\n<meta property=\"article:modified_time\" content=\"2024-02-12T11:07:27+00:00\" \/>\n<meta property=\"og:image\" content=\"http:\/\/jyrkkala.fi\/content\/uploads\/2019\/06\/jyrkkala_825x510px_8.jpg\" \/>\n\t<meta property=\"og:image:width\" content=\"825\" \/>\n\t<meta property=\"og:image:height\" content=\"510\" \/>\n\t<meta property=\"og:image:type\" content=\"image\/jpeg\" \/>\n<meta name=\"twitter:card\" content=\"summary_large_image\" \/>\n<meta name=\"twitter:label1\" content=\"Est. reading time\" \/>\n\t<meta name=\"twitter:data1\" content=\"2 minutes\" \/>\n<script type=\"application\/ld+json\" class=\"yoast-schema-graph\">{\"@context\":\"https:\\\/\\\/schema.org\",\"@graph\":[{\"@type\":\"WebPage\",\"@id\":\"http:\\\/\\\/jyrkkala.fi\\\/asukkaille\\\/lomakkeet\\\/vuokrasopimuksen-irtisanominen\\\/\",\"url\":\"http:\\\/\\\/jyrkkala.fi\\\/asukkaille\\\/lomakkeet\\\/vuokrasopimuksen-irtisanominen\\\/\",\"name\":\"Termination of rental contract | KOy Jyrkk\u00e4l\u00e4npolku Turku | For residents\",\"isPartOf\":{\"@id\":\"https:\\\/\\\/jyrkkala.fi\\\/#website\"},\"primaryImageOfPage\":{\"@id\":\"http:\\\/\\\/jyrkkala.fi\\\/asukkaille\\\/lomakkeet\\\/vuokrasopimuksen-irtisanominen\\\/#primaryimage\"},\"image\":{\"@id\":\"http:\\\/\\\/jyrkkala.fi\\\/asukkaille\\\/lomakkeet\\\/vuokrasopimuksen-irtisanominen\\\/#primaryimage\"},\"thumbnailUrl\":\"https:\\\/\\\/jyrkkala.fi\\\/content\\\/uploads\\\/2019\\\/06\\\/jyrkkala_825x510px_8.jpg\",\"datePublished\":\"2019-06-17T07:49:15+00:00\",\"dateModified\":\"2024-02-12T11:07:27+00:00\",\"description\":\"Jyrkk\u00e4l\u00e4 is a cozy residental area close to nature about 5 km from Turku city centre. On this page the resident can terminate his or her rental contract.\",\"breadcrumb\":{\"@id\":\"http:\\\/\\\/jyrkkala.fi\\\/asukkaille\\\/lomakkeet\\\/vuokrasopimuksen-irtisanominen\\\/#breadcrumb\"},\"inLanguage\":\"en-US\",\"potentialAction\":[{\"@type\":\"ReadAction\",\"target\":[\"http:\\\/\\\/jyrkkala.fi\\\/asukkaille\\\/lomakkeet\\\/vuokrasopimuksen-irtisanominen\\\/\"]}]},{\"@type\":\"ImageObject\",\"inLanguage\":\"en-US\",\"@id\":\"http:\\\/\\\/jyrkkala.fi\\\/asukkaille\\\/lomakkeet\\\/vuokrasopimuksen-irtisanominen\\\/#primaryimage\",\"url\":\"https:\\\/\\\/jyrkkala.fi\\\/content\\\/uploads\\\/2019\\\/06\\\/jyrkkala_825x510px_8.jpg\",\"contentUrl\":\"https:\\\/\\\/jyrkkala.fi\\\/content\\\/uploads\\\/2019\\\/06\\\/jyrkkala_825x510px_8.jpg\",\"width\":825,\"height\":510,\"caption\":\"Asukkaiden yhteiset kerhotilat Jyrkk\u00e4l\u00e4ss\u00e4 Turussa\"},{\"@type\":\"BreadcrumbList\",\"@id\":\"http:\\\/\\\/jyrkkala.fi\\\/asukkaille\\\/lomakkeet\\\/vuokrasopimuksen-irtisanominen\\\/#breadcrumb\",\"itemListElement\":[{\"@type\":\"ListItem\",\"position\":1,\"name\":\"Home\",\"item\":\"https:\\\/\\\/jyrkkala.fi\\\/en\\\/\"},{\"@type\":\"ListItem\",\"position\":2,\"name\":\"For residents\",\"item\":\"https:\\\/\\\/jyrkkala.fi\\\/en\\\/for-residents\\\/\"},{\"@type\":\"ListItem\",\"position\":3,\"name\":\"Forms\",\"item\":\"https:\\\/\\\/jyrkkala.fi\\\/en\\\/for-residents\\\/forms\\\/\"},{\"@type\":\"ListItem\",\"position\":4,\"name\":\"Termination of rental contract\"}]},{\"@type\":\"WebSite\",\"@id\":\"https:\\\/\\\/jyrkkala.fi\\\/#website\",\"url\":\"https:\\\/\\\/jyrkkala.fi\\\/\",\"name\":\"KOy Jyrkk\u00e4l\u00e4npolku Turku\",\"description\":\"\",\"potentialAction\":[{\"@type\":\"SearchAction\",\"target\":{\"@type\":\"EntryPoint\",\"urlTemplate\":\"https:\\\/\\\/jyrkkala.fi\\\/?s={search_term_string}\"},\"query-input\":{\"@type\":\"PropertyValueSpecification\",\"valueRequired\":true,\"valueName\":\"search_term_string\"}}],\"inLanguage\":\"en-US\"}]}<\/script>\n<!-- \/ Yoast SEO plugin. -->","yoast_head_json":{"title":"Termination of rental contract | KOy Jyrkk\u00e4l\u00e4npolku Turku | For residents","description":"Jyrkk\u00e4l\u00e4 is a cozy residental area close to nature about 5 km from Turku city centre. On this page the resident can terminate his or her rental contract.","robots":{"index":"index","follow":"follow","max-snippet":"max-snippet:-1","max-image-preview":"max-image-preview:large","max-video-preview":"max-video-preview:-1"},"canonical":"http:\/\/jyrkkala.fi\/asukkaille\/lomakkeet\/vuokrasopimuksen-irtisanominen\/","og_locale":"en_US","og_type":"article","og_title":"Termination of rental contract | KOy Jyrkk\u00e4l\u00e4npolku Turku | For residents","og_description":"Jyrkk\u00e4l\u00e4 is a cozy residental area close to nature about 5 km from Turku city centre. On this page the resident can terminate his or her rental contract.","og_url":"http:\/\/jyrkkala.fi\/asukkaille\/lomakkeet\/vuokrasopimuksen-irtisanominen\/","og_site_name":"KOy Jyrkk\u00e4l\u00e4npolku Turku","article_modified_time":"2024-02-12T11:07:27+00:00","og_image":[{"width":825,"height":510,"url":"http:\/\/jyrkkala.fi\/content\/uploads\/2019\/06\/jyrkkala_825x510px_8.jpg","type":"image\/jpeg"}],"twitter_card":"summary_large_image","twitter_misc":{"Est. reading time":"2 minutes"},"schema":{"@context":"https:\/\/schema.org","@graph":[{"@type":"WebPage","@id":"http:\/\/jyrkkala.fi\/asukkaille\/lomakkeet\/vuokrasopimuksen-irtisanominen\/","url":"http:\/\/jyrkkala.fi\/asukkaille\/lomakkeet\/vuokrasopimuksen-irtisanominen\/","name":"Termination of rental contract | KOy Jyrkk\u00e4l\u00e4npolku Turku | For residents","isPartOf":{"@id":"https:\/\/jyrkkala.fi\/#website"},"primaryImageOfPage":{"@id":"http:\/\/jyrkkala.fi\/asukkaille\/lomakkeet\/vuokrasopimuksen-irtisanominen\/#primaryimage"},"image":{"@id":"http:\/\/jyrkkala.fi\/asukkaille\/lomakkeet\/vuokrasopimuksen-irtisanominen\/#primaryimage"},"thumbnailUrl":"https:\/\/jyrkkala.fi\/content\/uploads\/2019\/06\/jyrkkala_825x510px_8.jpg","datePublished":"2019-06-17T07:49:15+00:00","dateModified":"2024-02-12T11:07:27+00:00","description":"Jyrkk\u00e4l\u00e4 is a cozy residental area close to nature about 5 km from Turku city centre. On this page the resident can terminate his or her rental contract.","breadcrumb":{"@id":"http:\/\/jyrkkala.fi\/asukkaille\/lomakkeet\/vuokrasopimuksen-irtisanominen\/#breadcrumb"},"inLanguage":"en-US","potentialAction":[{"@type":"ReadAction","target":["http:\/\/jyrkkala.fi\/asukkaille\/lomakkeet\/vuokrasopimuksen-irtisanominen\/"]}]},{"@type":"ImageObject","inLanguage":"en-US","@id":"http:\/\/jyrkkala.fi\/asukkaille\/lomakkeet\/vuokrasopimuksen-irtisanominen\/#primaryimage","url":"https:\/\/jyrkkala.fi\/content\/uploads\/2019\/06\/jyrkkala_825x510px_8.jpg","contentUrl":"https:\/\/jyrkkala.fi\/content\/uploads\/2019\/06\/jyrkkala_825x510px_8.jpg","width":825,"height":510,"caption":"Asukkaiden yhteiset kerhotilat Jyrkk\u00e4l\u00e4ss\u00e4 Turussa"},{"@type":"BreadcrumbList","@id":"http:\/\/jyrkkala.fi\/asukkaille\/lomakkeet\/vuokrasopimuksen-irtisanominen\/#breadcrumb","itemListElement":[{"@type":"ListItem","position":1,"name":"Home","item":"https:\/\/jyrkkala.fi\/en\/"},{"@type":"ListItem","position":2,"name":"For residents","item":"https:\/\/jyrkkala.fi\/en\/for-residents\/"},{"@type":"ListItem","position":3,"name":"Forms","item":"https:\/\/jyrkkala.fi\/en\/for-residents\/forms\/"},{"@type":"ListItem","position":4,"name":"Termination of rental contract"}]},{"@type":"WebSite","@id":"https:\/\/jyrkkala.fi\/#website","url":"https:\/\/jyrkkala.fi\/","name":"KOy Jyrkk\u00e4l\u00e4npolku Turku","description":"","potentialAction":[{"@type":"SearchAction","target":{"@type":"EntryPoint","urlTemplate":"https:\/\/jyrkkala.fi\/?s={search_term_string}"},"query-input":{"@type":"PropertyValueSpecification","valueRequired":true,"valueName":"search_term_string"}}],"inLanguage":"en-US"}]}},"_links":{"self":[{"href":"https:\/\/jyrkkala.fi\/en\/wp-json\/wp\/v2\/pages\/1810","targetHints":{"allow":["GET"]}}],"collection":[{"href":"https:\/\/jyrkkala.fi\/en\/wp-json\/wp\/v2\/pages"}],"about":[{"href":"https:\/\/jyrkkala.fi\/en\/wp-json\/wp\/v2\/types\/page"}],"author":[{"embeddable":true,"href":"https:\/\/jyrkkala.fi\/en\/wp-json\/wp\/v2\/users\/12"}],"replies":[{"embeddable":true,"href":"https:\/\/jyrkkala.fi\/en\/wp-json\/wp\/v2\/comments?post=1810"}],"version-history":[{"count":12,"href":"https:\/\/jyrkkala.fi\/en\/wp-json\/wp\/v2\/pages\/1810\/revisions"}],"predecessor-version":[{"id":3734,"href":"https:\/\/jyrkkala.fi\/en\/wp-json\/wp\/v2\/pages\/1810\/revisions\/3734"}],"up":[{"embeddable":true,"href":"https:\/\/jyrkkala.fi\/en\/wp-json\/wp\/v2\/pages\/265"}],"wp:featuredmedia":[{"embeddable":true,"href":"https:\/\/jyrkkala.fi\/en\/wp-json\/wp\/v2\/media\/1934"}],"wp:attachment":[{"href":"https:\/\/jyrkkala.fi\/en\/wp-json\/wp\/v2\/media?parent=1810"}],"curies":[{"name":"wp","href":"https:\/\/api.w.org\/{rel}","templated":true}]}}