{"id":1066,"date":"2019-06-11T09:49:48","date_gmt":"2019-06-11T09:49:48","guid":{"rendered":"https:\/\/jyrkkala.dev.sst.fi\/?page_id=1066"},"modified":"2019-06-26T10:13:01","modified_gmt":"2019-06-26T10:13:01","slug":"organizations","status":"publish","type":"page","link":"https:\/\/jyrkkala.fi\/en\/jyrkkala-area\/organizations\/","title":{"rendered":"Organizations"},"content":{"rendered":"<h1>What to do in Jyrkk\u00e4l\u00e4<\/h1>\n<p>Are you interested in crafts, quizzes or exercising in good company? In Jyrkk\u00e4l\u00e4 there is a wide range of activities for people of all ages. Read more about the organizations of the area below.<\/p>\n<h4>The Fingerroos Foundation<\/h4>\n<p>The Fingerroos Foundation organizes regular community meals and other activites in Jyrkk\u00e4l\u00e4. The events are meant for everyone who is looking for something fun to do. <a href=\"https:\/\/fingerroos.net\/\" target=\"_blank\" rel=\"noopener noreferrer\">Read more here (in Finnish) \u00bb<\/a><\/p>\n<h4>DaisyLadies<\/h4>\n<p>The DaisyLadies association organizes group gatherings in the club rooms of Jyrkk\u00e4l\u00e4. The group can cook together, make handicrafts, play board games and help each other with various everyday problems. The groups are multicultural and multilingual. <a href=\"https:\/\/daisyladies.fi\/\" target=\"_blank\" rel=\"noopener noreferrer\">Read more here (in Finnish) \u00bb<\/a><\/p>\n<h4>Turku Region Youth Homes<\/h4>\n<p>Turku Region Youth Homes offers free housing advice to young people aged 17\u201329 and their relatives at Jyrkk\u00e4l\u00e4. <a href=\"https:\/\/turunnuorisoasunnot.fi\/\" target=\"_blank\" rel=\"noopener noreferrer\">Read more here (in Finnish) \u00bb<\/a><\/p>\n<h4>Family caf\u00e9 by MLL<\/h4>\n<p class=\"p1\">The Mannerheim League for Child Welfare (MLL) works to help every child have a good and happy childhood. They organize several activities in the Jyrkk\u00e4l\u00e4 area, eg. family caf\u00e9 and childcare. <a href=\"https:\/\/varsinaissuomenpiiri.mll.fi\/eng\/\" target=\"_blank\" rel=\"noopener noreferrer\">Read more here \u00bb<\/a><\/p>\n<h4>Auralan Setlementti<\/h4>\n<p>Auralan Setlementti organizes activities for seniors (Dikare) and for men over 45 (Tarmo club), and digital education for adults. Auralan Setlementti is a non-profit, politically and religiously independent association. <a href=\"https:\/\/aurala.fi\/\" target=\"_blank\" rel=\"noopener noreferrer\">Read more here (in Finnish) \u00bb<\/a><\/p>\n","protected":false},"excerpt":{"rendered":"<p>What to do in Jyrkk\u00e4l\u00e4 Are you interested in crafts, quizzes or exercising in good company? In Jyrkk\u00e4l\u00e4 there is a wide range of activities for people of all ages. Read more about the organizations of the area below. The Fingerroos Foundation The Fingerroos Foundation organizes regular community meals and other activites in Jyrkk\u00e4l\u00e4. The [&hellip;]<\/p>\n","protected":false},"author":12,"featured_media":0,"parent":858,"menu_order":0,"comment_status":"closed","ping_status":"closed","template":"","meta":{"_acf_changed":false,"inline_featured_image":false,"footnotes":""},"class_list":["post-1066","page","type-page","status-publish","hentry"],"acf":[],"yoast_head":"<!-- This site is optimized with the Yoast SEO plugin v27.3 - https:\/\/yoast.com\/product\/yoast-seo-wordpress\/ -->\n<title>Organizations | KOy Jyrkk\u00e4l\u00e4npolku Turku | Things to do<\/title>\n<meta name=\"description\" content=\"Jyrkk\u00e4l\u00e4 is a cozy residental area close to nature about 5 km from Turku city centre. Find out more about the activities and organizations of the area.\" \/>\n<meta name=\"robots\" content=\"index, follow, max-snippet:-1, max-image-preview:large, max-video-preview:-1\" \/>\n<link rel=\"canonical\" href=\"http:\/\/jyrkkala.fi\/en\/jyrkkala-area\/organizations\/\" \/>\n<meta property=\"og:locale\" content=\"en_US\" \/>\n<meta property=\"og:type\" content=\"article\" \/>\n<meta property=\"og:title\" content=\"Organizations | KOy Jyrkk\u00e4l\u00e4npolku Turku | Things to do\" \/>\n<meta property=\"og:description\" content=\"Jyrkk\u00e4l\u00e4 is a cozy residental area close to nature about 5 km from Turku city centre. Find out more about the activities and organizations of the area.\" \/>\n<meta property=\"og:url\" content=\"http:\/\/jyrkkala.fi\/en\/jyrkkala-area\/organizations\/\" \/>\n<meta property=\"og:site_name\" content=\"KOy Jyrkk\u00e4l\u00e4npolku Turku\" \/>\n<meta property=\"article:modified_time\" content=\"2019-06-26T10:13:01+00:00\" \/>\n<meta name=\"twitter:card\" content=\"summary_large_image\" \/>\n<meta name=\"twitter:label1\" content=\"Est. reading time\" \/>\n\t<meta name=\"twitter:data1\" content=\"1 minute\" \/>\n<script type=\"application\/ld+json\" class=\"yoast-schema-graph\">{\"@context\":\"https:\\\/\\\/schema.org\",\"@graph\":[{\"@type\":\"WebPage\",\"@id\":\"http:\\\/\\\/jyrkkala.fi\\\/en\\\/jyrkkala-area\\\/organizations\\\/\",\"url\":\"http:\\\/\\\/jyrkkala.fi\\\/en\\\/jyrkkala-area\\\/organizations\\\/\",\"name\":\"Organizations | KOy Jyrkk\u00e4l\u00e4npolku Turku | Things to do\",\"isPartOf\":{\"@id\":\"https:\\\/\\\/jyrkkala.fi\\\/#website\"},\"datePublished\":\"2019-06-11T09:49:48+00:00\",\"dateModified\":\"2019-06-26T10:13:01+00:00\",\"description\":\"Jyrkk\u00e4l\u00e4 is a cozy residental area close to nature about 5 km from Turku city centre. Find out more about the activities and organizations of the area.\",\"breadcrumb\":{\"@id\":\"http:\\\/\\\/jyrkkala.fi\\\/en\\\/jyrkkala-area\\\/organizations\\\/#breadcrumb\"},\"inLanguage\":\"en-US\",\"potentialAction\":[{\"@type\":\"ReadAction\",\"target\":[\"http:\\\/\\\/jyrkkala.fi\\\/en\\\/jyrkkala-area\\\/organizations\\\/\"]}]},{\"@type\":\"BreadcrumbList\",\"@id\":\"http:\\\/\\\/jyrkkala.fi\\\/en\\\/jyrkkala-area\\\/organizations\\\/#breadcrumb\",\"itemListElement\":[{\"@type\":\"ListItem\",\"position\":1,\"name\":\"Home\",\"item\":\"https:\\\/\\\/jyrkkala.fi\\\/en\\\/\"},{\"@type\":\"ListItem\",\"position\":2,\"name\":\"The area\",\"item\":\"http:\\\/\\\/jyrkkala.fi\\\/tietoa-alueesta\\\/\"},{\"@type\":\"ListItem\",\"position\":3,\"name\":\"Organizations\"}]},{\"@type\":\"WebSite\",\"@id\":\"https:\\\/\\\/jyrkkala.fi\\\/#website\",\"url\":\"https:\\\/\\\/jyrkkala.fi\\\/\",\"name\":\"KOy Jyrkk\u00e4l\u00e4npolku Turku\",\"description\":\"\",\"potentialAction\":[{\"@type\":\"SearchAction\",\"target\":{\"@type\":\"EntryPoint\",\"urlTemplate\":\"https:\\\/\\\/jyrkkala.fi\\\/?s={search_term_string}\"},\"query-input\":{\"@type\":\"PropertyValueSpecification\",\"valueRequired\":true,\"valueName\":\"search_term_string\"}}],\"inLanguage\":\"en-US\"}]}<\/script>\n<!-- \/ Yoast SEO plugin. -->","yoast_head_json":{"title":"Organizations | KOy Jyrkk\u00e4l\u00e4npolku Turku | Things to do","description":"Jyrkk\u00e4l\u00e4 is a cozy residental area close to nature about 5 km from Turku city centre. Find out more about the activities and organizations of the area.","robots":{"index":"index","follow":"follow","max-snippet":"max-snippet:-1","max-image-preview":"max-image-preview:large","max-video-preview":"max-video-preview:-1"},"canonical":"http:\/\/jyrkkala.fi\/en\/jyrkkala-area\/organizations\/","og_locale":"en_US","og_type":"article","og_title":"Organizations | KOy Jyrkk\u00e4l\u00e4npolku Turku | Things to do","og_description":"Jyrkk\u00e4l\u00e4 is a cozy residental area close to nature about 5 km from Turku city centre. Find out more about the activities and organizations of the area.","og_url":"http:\/\/jyrkkala.fi\/en\/jyrkkala-area\/organizations\/","og_site_name":"KOy Jyrkk\u00e4l\u00e4npolku Turku","article_modified_time":"2019-06-26T10:13:01+00:00","twitter_card":"summary_large_image","twitter_misc":{"Est. reading time":"1 minute"},"schema":{"@context":"https:\/\/schema.org","@graph":[{"@type":"WebPage","@id":"http:\/\/jyrkkala.fi\/en\/jyrkkala-area\/organizations\/","url":"http:\/\/jyrkkala.fi\/en\/jyrkkala-area\/organizations\/","name":"Organizations | KOy Jyrkk\u00e4l\u00e4npolku Turku | Things to do","isPartOf":{"@id":"https:\/\/jyrkkala.fi\/#website"},"datePublished":"2019-06-11T09:49:48+00:00","dateModified":"2019-06-26T10:13:01+00:00","description":"Jyrkk\u00e4l\u00e4 is a cozy residental area close to nature about 5 km from Turku city centre. Find out more about the activities and organizations of the area.","breadcrumb":{"@id":"http:\/\/jyrkkala.fi\/en\/jyrkkala-area\/organizations\/#breadcrumb"},"inLanguage":"en-US","potentialAction":[{"@type":"ReadAction","target":["http:\/\/jyrkkala.fi\/en\/jyrkkala-area\/organizations\/"]}]},{"@type":"BreadcrumbList","@id":"http:\/\/jyrkkala.fi\/en\/jyrkkala-area\/organizations\/#breadcrumb","itemListElement":[{"@type":"ListItem","position":1,"name":"Home","item":"https:\/\/jyrkkala.fi\/en\/"},{"@type":"ListItem","position":2,"name":"The area","item":"http:\/\/jyrkkala.fi\/tietoa-alueesta\/"},{"@type":"ListItem","position":3,"name":"Organizations"}]},{"@type":"WebSite","@id":"https:\/\/jyrkkala.fi\/#website","url":"https:\/\/jyrkkala.fi\/","name":"KOy Jyrkk\u00e4l\u00e4npolku Turku","description":"","potentialAction":[{"@type":"SearchAction","target":{"@type":"EntryPoint","urlTemplate":"https:\/\/jyrkkala.fi\/?s={search_term_string}"},"query-input":{"@type":"PropertyValueSpecification","valueRequired":true,"valueName":"search_term_string"}}],"inLanguage":"en-US"}]}},"_links":{"self":[{"href":"https:\/\/jyrkkala.fi\/en\/wp-json\/wp\/v2\/pages\/1066","targetHints":{"allow":["GET"]}}],"collection":[{"href":"https:\/\/jyrkkala.fi\/en\/wp-json\/wp\/v2\/pages"}],"about":[{"href":"https:\/\/jyrkkala.fi\/en\/wp-json\/wp\/v2\/types\/page"}],"author":[{"embeddable":true,"href":"https:\/\/jyrkkala.fi\/en\/wp-json\/wp\/v2\/users\/12"}],"replies":[{"embeddable":true,"href":"https:\/\/jyrkkala.fi\/en\/wp-json\/wp\/v2\/comments?post=1066"}],"version-history":[{"count":6,"href":"https:\/\/jyrkkala.fi\/en\/wp-json\/wp\/v2\/pages\/1066\/revisions"}],"predecessor-version":[{"id":2039,"href":"https:\/\/jyrkkala.fi\/en\/wp-json\/wp\/v2\/pages\/1066\/revisions\/2039"}],"up":[{"embeddable":true,"href":"https:\/\/jyrkkala.fi\/en\/wp-json\/wp\/v2\/pages\/858"}],"wp:attachment":[{"href":"https:\/\/jyrkkala.fi\/en\/wp-json\/wp\/v2\/media?parent=1066"}],"curies":[{"name":"wp","href":"https:\/\/api.w.org\/{rel}","templated":true}]}}